{"id":4888,"date":"2024-07-27T04:13:52","date_gmt":"2024-07-27T04:13:52","guid":{"rendered":"https:\/\/balibestmotorcycle.com\/?page_id=4888"},"modified":"2024-08-02T02:01:42","modified_gmt":"2024-08-02T02:01:42","slug":"los-mejores-lugares-para-autocaravanas-en-bali","status":"publish","type":"page","link":"https:\/\/balibestmotorcycle.com\/es\/los-mejores-lugares-para-autocaravanas-en-bali","title":{"rendered":"Los mejores lugares para autocaravanas en Bali"},"content":{"rendered":"<p><\/p><h3 class=\"wp-block-heading\"><strong>1. Playa de Balian<\/strong><\/h3><ul class=\"wp-block-list\"><li><strong>\u00bfPor qu\u00e9 visitar?<\/strong>\u00a0: Balian Beach ofrece un ambiente relajado, perfecto para los entusiastas de las autocaravanas. Surfea las olas, rel\u00e1jate en la arena negra y disfruta del atardecer.<img decoding=\"async\" src=\"https:\/\/s.w.org\/images\/core\/emoji\/15.0.3\/svg\/1f305.svg\" alt=\"\ud83c\udf05\" style=\"width: 20px;\" title=\"\"><img decoding=\"async\" src=\"https:\/\/s.w.org\/images\/core\/emoji\/15.0.3\/svg\/1f3c4-200d-2642-fe0f.svg\" alt=\"\ud83c\udfc4\u200d\u2642\ufe0f\" style=\"width: 20px;\" title=\"\"><\/li><\/ul><h3 class=\"wp-block-heading\"><strong>2. Bukit Surga (cerca de Jatiluwih)<\/strong><\/h3><ul class=\"wp-block-list\"><li><strong>\u00bfPor qu\u00e9 visitar?<\/strong>\u00a0: Bukit Surga ofrece impresionantes vistas de los campos de arroz en terrazas. Estaciona tu autocaravana, haz una caminata y sum\u00e9rgete en la belleza natural de Bali.<img decoding=\"async\" src=\"https:\/\/s.w.org\/images\/core\/emoji\/15.0.3\/svg\/1f33e.svg\" alt=\"\ud83c\udf3e\" style=\"width: 20px;\" title=\"\"><img decoding=\"async\" src=\"https:\/\/s.w.org\/images\/core\/emoji\/15.0.3\/svg\/1f304.svg\" alt=\"\ud83c\udf04\" style=\"width: 20px;\" title=\"\"><\/li><\/ul><h3 class=\"wp-block-heading\"><strong>3. Medewi<\/strong><\/h3><ul class=\"wp-block-list\"><li><strong>\u00bfPor qu\u00e9 visitar?<\/strong>\u00a0: Medewi es el para\u00edso de los surfistas. Monta las olas, acampa junto a la playa y disfruta de la tranquilidad de esta joya escondida.<img decoding=\"async\" src=\"https:\/\/s.w.org\/images\/core\/emoji\/15.0.3\/svg\/1f3c4-200d-2640-fe0f.svg\" alt=\"\ud83c\udfc4\u200d\u2640\ufe0f\" style=\"width: 20px;\" title=\"\"><img decoding=\"async\" src=\"https:\/\/s.w.org\/images\/core\/emoji\/15.0.3\/svg\/1f334.svg\" alt=\"\ud83c\udf34\" style=\"width: 20px;\" title=\"\"><\/li><\/ul><h3 class=\"wp-block-heading\"><strong>4. \u00c1rea de Bedugul<\/strong><\/h3><ul class=\"wp-block-list\"><li><strong>\u00bfPor qu\u00e9 visitar?<\/strong>\u00a0: Bedugul ofrece aire fresco de monta\u00f1a, lagos serenos y el ic\u00f3nico templo Ulun Danu Beratan. Perfecto para picnics y exploraci\u00f3n en autocaravana.<img decoding=\"async\" src=\"https:\/\/s.w.org\/images\/core\/emoji\/15.0.3\/svg\/1f3de.svg\" alt=\"\ud83c\udfde\ufe0f\" style=\"width: 20px;\" title=\"\"><img decoding=\"async\" src=\"https:\/\/s.w.org\/images\/core\/emoji\/15.0.3\/svg\/1f690.svg\" alt=\"\ud83d\ude90\" style=\"width: 20px;\" title=\"\"><\/li><\/ul><h3 class=\"wp-block-heading\"><strong>5. \u00c1rea del Monte Batur<\/strong><\/h3><ul class=\"wp-block-list\"><li><strong>\u00bfPor qu\u00e9 visitar?<\/strong>\u00a0: Despierte con las vistas del amanecer desde su caravana cerca del monte Batur. Camine hasta la cumbre para vivir una experiencia inolvidable.<img decoding=\"async\" src=\"https:\/\/s.w.org\/images\/core\/emoji\/15.0.3\/svg\/1f304.svg\" alt=\"\ud83c\udf04\" style=\"width: 20px;\" title=\"\"><img decoding=\"async\" src=\"https:\/\/s.w.org\/images\/core\/emoji\/15.0.3\/svg\/1f525.svg\" alt=\"\ud83d\udd25\" style=\"width: 20px;\" title=\"\"><\/li><\/ul><p>Recuerde, \u00a1la seguridad es lo primero! Siga las pautas viales, respete las costumbres locales y no deje rastro. \u00a1Captura recuerdos, crea historias y deja que los lugares para autocaravanas de Bali te roben el coraz\u00f3n!<img decoding=\"async\" src=\"https:\/\/s.w.org\/images\/core\/emoji\/15.0.3\/svg\/1f4f8.svg\" alt=\"\ud83d\udcf8\" style=\"width: 20px;\" title=\"\"><img decoding=\"async\" src=\"https:\/\/s.w.org\/images\/core\/emoji\/15.0.3\/svg\/2764.svg\" alt=\"\u2764\ufe0f\" style=\"width: 20px;\" title=\"\"><\/p>","protected":false},"excerpt":{"rendered":"<p>1. Playa de Balian 2. Bukit Surga (cerca de Jatiluwih) 3. Medewi 4. \u00c1rea de Bedugul 5. \u00c1rea del Monte Batur Recuerde, \u00a1la seguridad es lo primero! Siga las pautas viales, respete las costumbres locales y no deje rastro. \u00a1Captura recuerdos, crea historias y deja que los lugares para autocaravanas de Bali te roben el&hellip;&nbsp;<a href=\"https:\/\/balibestmotorcycle.com\/es\/los-mejores-lugares-para-autocaravanas-en-bali\" class=\"\" rel=\"bookmark\">Leer m\u00e1s &raquo;<span class=\"screen-reader-text\">Los mejores lugares para autocaravanas en Bali<\/span><\/a><\/p>\n","protected":false},"author":1,"featured_media":0,"parent":0,"menu_order":0,"comment_status":"closed","ping_status":"closed","template":"","meta":{"neve_meta_sidebar":"","neve_meta_container":"","neve_meta_enable_content_width":"","neve_meta_content_width":0,"neve_meta_title_alignment":"","neve_meta_author_avatar":"","neve_post_elements_order":"","neve_meta_disable_header":"","neve_meta_disable_footer":"","neve_meta_disable_title":"","_ti_tpc_template_sync":false,"_ti_tpc_template_id":"","footnotes":""},"class_list":["post-4888","page","type-page","status-publish","hentry"],"_links":{"self":[{"href":"https:\/\/balibestmotorcycle.com\/es\/wp-json\/wp\/v2\/pages\/4888","targetHints":{"allow":["GET"]}}],"collection":[{"href":"https:\/\/balibestmotorcycle.com\/es\/wp-json\/wp\/v2\/pages"}],"about":[{"href":"https:\/\/balibestmotorcycle.com\/es\/wp-json\/wp\/v2\/types\/page"}],"author":[{"embeddable":true,"href":"https:\/\/balibestmotorcycle.com\/es\/wp-json\/wp\/v2\/users\/1"}],"replies":[{"embeddable":true,"href":"https:\/\/balibestmotorcycle.com\/es\/wp-json\/wp\/v2\/comments?post=4888"}],"version-history":[{"count":1,"href":"https:\/\/balibestmotorcycle.com\/es\/wp-json\/wp\/v2\/pages\/4888\/revisions"}],"predecessor-version":[{"id":4889,"href":"https:\/\/balibestmotorcycle.com\/es\/wp-json\/wp\/v2\/pages\/4888\/revisions\/4889"}],"wp:attachment":[{"href":"https:\/\/balibestmotorcycle.com\/es\/wp-json\/wp\/v2\/media?parent=4888"}],"curies":[{"name":"wp","href":"https:\/\/api.w.org\/{rel}","templated":true}]}}