{"id":3306,"date":"2023-06-20T01:53:28","date_gmt":"2023-06-20T01:53:28","guid":{"rendered":"https:\/\/balibestmotorcycle.com\/?page_id=3306"},"modified":"2024-07-16T18:52:58","modified_gmt":"2024-07-16T18:52:58","slug":"como-conseguir-un-boleto-de-avion-barato-a-bali","status":"publish","type":"page","link":"https:\/\/balibestmotorcycle.com\/es\/como-conseguir-un-boleto-de-avion-barato-a-bali","title":{"rendered":"C\u00d3MO CONSEGUIR UN BOLETO DE AVI\u00d3N BARATO A BALI"},"content":{"rendered":"<p>El coste de los billetes de avi\u00f3n a Bali puede variar dependiendo de varios factores, como la \u00e9poca del a\u00f1o, el lugar de salida y la antelaci\u00f3n con la que se reserva. Es complicado proporcionar una cifra exacta del billete de avi\u00f3n m\u00e1s barato a Bali, ya que los precios fluct\u00faan con frecuencia. Sin embargo, aqu\u00ed hay algunos consejos que le ayudar\u00e1n a encontrar vuelos asequibles:<\/p><ol class=\"wp-block-list\"><li>Sea flexible con sus fechas de viaje: ser flexible con sus fechas de viaje puede ayudarlo a encontrar mejores ofertas. Intente buscar vuelos en diferentes d\u00edas de la semana o durante la temporada baja cuando los precios tienden a ser m\u00e1s bajos.<\/li>\n\n<li>Utilice sitios web de comparaci\u00f3n de vuelos: utilice sitios web de comparaci\u00f3n de vuelos como Skyscanner, Kayak o Google Flights para comparar precios de varias aerol\u00edneas. Estas plataformas le permiten buscar los vuelos m\u00e1s baratos seg\u00fan sus fechas preferidas y su lugar de salida.<\/li>\n\n<li>Suscr\u00edbase a alertas de tarifas: reg\u00edstrese para recibir alertas de tarifas de varias aerol\u00edneas o sitios web de viajes. Le avisar\u00e1n cuando haya promociones especiales o bajadas de precios para vuelos a Bali.<\/li>\n\n<li>Considere los aeropuertos cercanos: busque vuelos a aeropuertos cercanos en Bali, como el Aeropuerto Internacional Ngurah Rai (DPS) en Denpasar. A veces, volar a aeropuertos alternativos puede resultar en tarifas m\u00e1s bajas. Sin embargo, considere los costos de transporte a su destino final al comparar los gastos generales.<\/li>\n\n<li>Reserve con antelaci\u00f3n: Generalmente, reservar sus vuelos con mucha antelaci\u00f3n puede ayudarle a conseguir mejores ofertas. Las reservas de \u00faltima hora suelen ser m\u00e1s caras, as\u00ed que intenta planificar tu viaje y reservar tus billetes con antelaci\u00f3n.<\/li>\n\n<li>Busque aerol\u00edneas econ\u00f3micas: considere volar con aerol\u00edneas econ\u00f3micas que operan en la regi\u00f3n, como AirAsia, Lion Air o Citilink. Estas aerol\u00edneas suelen ofrecer tarifas m\u00e1s bajas, pero tenga en cuenta que pueden cobrar m\u00e1s por servicios adicionales.<\/li><\/ol><p>Recuerde tener en cuenta las tarifas de equipaje, ya que algunas aerol\u00edneas econ\u00f3micas pueden tener franquicias de equipaje estrictas y cobrar m\u00e1s por el equipaje facturado.<\/p><p>Es importante tener en cuenta que los precios mencionados aqu\u00ed son pautas generales y los precios reales pueden variar seg\u00fan las circunstancias espec\u00edficas. Compare siempre precios, lea los t\u00e9rminos y condiciones y reserve sus boletos de fuentes confiables.<\/p>","protected":false},"excerpt":{"rendered":"<p>El coste de los billetes de avi\u00f3n a Bali puede variar dependiendo de varios factores, como la \u00e9poca del a\u00f1o, el lugar de salida y la antelaci\u00f3n con la que se reserva. Es complicado proporcionar una cifra exacta del billete de avi\u00f3n m\u00e1s barato a Bali, ya que los precios fluct\u00faan con frecuencia. Sin embargo,&hellip;&nbsp;<a href=\"https:\/\/balibestmotorcycle.com\/es\/como-conseguir-un-boleto-de-avion-barato-a-bali\" class=\"\" rel=\"bookmark\">Leer m\u00e1s &raquo;<span class=\"screen-reader-text\">C\u00d3MO CONSEGUIR UN BOLETO DE AVI\u00d3N BARATO A BALI<\/span><\/a><\/p>\n","protected":false},"author":1,"featured_media":0,"parent":0,"menu_order":0,"comment_status":"closed","ping_status":"closed","template":"","meta":{"neve_meta_sidebar":"","neve_meta_container":"","neve_meta_enable_content_width":"","neve_meta_content_width":0,"neve_meta_title_alignment":"","neve_meta_author_avatar":"","neve_post_elements_order":"","neve_meta_disable_header":"","neve_meta_disable_footer":"","neve_meta_disable_title":"","_ti_tpc_template_sync":false,"_ti_tpc_template_id":"","footnotes":""},"class_list":["post-3306","page","type-page","status-publish","hentry"],"_links":{"self":[{"href":"https:\/\/balibestmotorcycle.com\/es\/wp-json\/wp\/v2\/pages\/3306","targetHints":{"allow":["GET"]}}],"collection":[{"href":"https:\/\/balibestmotorcycle.com\/es\/wp-json\/wp\/v2\/pages"}],"about":[{"href":"https:\/\/balibestmotorcycle.com\/es\/wp-json\/wp\/v2\/types\/page"}],"author":[{"embeddable":true,"href":"https:\/\/balibestmotorcycle.com\/es\/wp-json\/wp\/v2\/users\/1"}],"replies":[{"embeddable":true,"href":"https:\/\/balibestmotorcycle.com\/es\/wp-json\/wp\/v2\/comments?post=3306"}],"version-history":[{"count":1,"href":"https:\/\/balibestmotorcycle.com\/es\/wp-json\/wp\/v2\/pages\/3306\/revisions"}],"predecessor-version":[{"id":3307,"href":"https:\/\/balibestmotorcycle.com\/es\/wp-json\/wp\/v2\/pages\/3306\/revisions\/3307"}],"wp:attachment":[{"href":"https:\/\/balibestmotorcycle.com\/es\/wp-json\/wp\/v2\/media?parent=3306"}],"curies":[{"name":"wp","href":"https:\/\/api.w.org\/{rel}","templated":true}]}}