{"id":2197,"date":"2023-06-18T06:04:58","date_gmt":"2023-06-18T06:04:58","guid":{"rendered":"https:\/\/balibestmotorcycle.com\/?page_id=2197"},"modified":"2024-05-30T07:00:10","modified_gmt":"2024-05-30T07:00:10","slug":"que-tan-popular-es-alquilar-una-moto-en-bali","status":"publish","type":"page","link":"https:\/\/balibestmotorcycle.com\/es\/que-tan-popular-es-alquilar-una-moto-en-bali","title":{"rendered":"\u00bfQu\u00e9 tan popular es alquilar una moto en Bali?"},"content":{"rendered":"<h3 class=\"wp-block-heading\"><\/h3><p>S\u00ed, es muy popular alquilar una moto en Bali. Los alquileres de motos est\u00e1n ampliamente disponibles en toda la isla, particularmente en \u00e1reas tur\u00edsticas populares como Kuta, Seminyak, Ubud y Canggu. La bien establecida industria del turismo de Bali, junto con las condiciones del tr\u00e1fico en la isla y la conveniencia de las motos para moverse, ha hecho que alquilar una moto sea una opci\u00f3n popular entre los turistas e incluso algunos residentes a largo plazo.<\/p><p>Hay numerosas tiendas de alquiler de motos, tanto grandes como peque\u00f1as, que ofrecen una variedad de modelos de motos para adaptarse a diferentes preferencias y presupuestos. Muchas tiendas de alquiler proporcionan opciones para alquileres a corto o largo plazo, permitiendo a los visitantes elegir la duraci\u00f3n que mejor se adapte a sus planes.<\/p><p>Alquilar una moto en Bali ofrece varias ventajas. Proporciona la libertad y flexibilidad para explorar la isla a tu propio ritmo, acceder a \u00e1reas remotas y evitar la congesti\u00f3n del tr\u00e1fico. Tambi\u00e9n es generalmente m\u00e1s econ\u00f3mico en comparaci\u00f3n con alquilar un coche o usar otros modos de transporte. Adem\u00e1s, alquilar una moto te da la oportunidad de experimentar Bali como un local e integrarte en la vibrante atm\u00f3sfera de la isla.<\/p><p>Sin embargo, es importante tener en cuenta que conducir una moto en Bali tiene sus propias consideraciones, incluyendo las condiciones del tr\u00e1fico, la seguridad vial y la experiencia adecuada de conducci\u00f3n. Es esencial priorizar tu seguridad, usar casco, seguir las reglas de tr\u00e1fico y tener precauci\u00f3n al conducir en las carreteras de Bali.<\/p>","protected":false},"excerpt":{"rendered":"<p>S\u00ed, es muy popular alquilar una moto en Bali. Los alquileres de motos est\u00e1n ampliamente disponibles en toda la isla, particularmente en \u00e1reas tur\u00edsticas populares como Kuta, Seminyak, Ubud y Canggu. La bien establecida industria del turismo de Bali, junto con las condiciones del tr\u00e1fico en la isla y la conveniencia de las motos para&hellip;&nbsp;<a href=\"https:\/\/balibestmotorcycle.com\/es\/que-tan-popular-es-alquilar-una-moto-en-bali\" class=\"\" rel=\"bookmark\">Leer m\u00e1s &raquo;<span class=\"screen-reader-text\">\u00bfQu\u00e9 tan popular es alquilar una moto en Bali?<\/span><\/a><\/p>\n","protected":false},"author":1,"featured_media":0,"parent":0,"menu_order":0,"comment_status":"closed","ping_status":"closed","template":"","meta":{"neve_meta_sidebar":"","neve_meta_container":"","neve_meta_enable_content_width":"","neve_meta_content_width":0,"neve_meta_title_alignment":"","neve_meta_author_avatar":"","neve_post_elements_order":"","neve_meta_disable_header":"","neve_meta_disable_footer":"","neve_meta_disable_title":"","_ti_tpc_template_sync":false,"_ti_tpc_template_id":"","footnotes":""},"class_list":["post-2197","page","type-page","status-publish","hentry"],"_links":{"self":[{"href":"https:\/\/balibestmotorcycle.com\/es\/wp-json\/wp\/v2\/pages\/2197","targetHints":{"allow":["GET"]}}],"collection":[{"href":"https:\/\/balibestmotorcycle.com\/es\/wp-json\/wp\/v2\/pages"}],"about":[{"href":"https:\/\/balibestmotorcycle.com\/es\/wp-json\/wp\/v2\/types\/page"}],"author":[{"embeddable":true,"href":"https:\/\/balibestmotorcycle.com\/es\/wp-json\/wp\/v2\/users\/1"}],"replies":[{"embeddable":true,"href":"https:\/\/balibestmotorcycle.com\/es\/wp-json\/wp\/v2\/comments?post=2197"}],"version-history":[{"count":1,"href":"https:\/\/balibestmotorcycle.com\/es\/wp-json\/wp\/v2\/pages\/2197\/revisions"}],"predecessor-version":[{"id":2198,"href":"https:\/\/balibestmotorcycle.com\/es\/wp-json\/wp\/v2\/pages\/2197\/revisions\/2198"}],"wp:attachment":[{"href":"https:\/\/balibestmotorcycle.com\/es\/wp-json\/wp\/v2\/media?parent=2197"}],"curies":[{"name":"wp","href":"https:\/\/api.w.org\/{rel}","templated":true}]}}