{"id":2194,"date":"2023-06-18T06:33:29","date_gmt":"2023-06-18T06:33:29","guid":{"rendered":"https:\/\/balibestmotorcycle.com\/?page_id=2194"},"modified":"2024-05-30T06:56:14","modified_gmt":"2024-05-30T06:56:14","slug":"cuanto-cuesta-alquilar-una-scooter-en-bali","status":"publish","type":"page","link":"https:\/\/balibestmotorcycle.com\/es\/cuanto-cuesta-alquilar-una-scooter-en-bali","title":{"rendered":"Cu\u00e1nto cuesta alquilar una scooter en Bali"},"content":{"rendered":"<p>Cu\u00e1nto cuesta alquilar una scooter en Bali:<\/p><p>El costo de alquilar una scooter en Bali puede variar dependiendo de varios factores, como la duraci\u00f3n del alquiler, el tipo de scooter y la compa\u00f1\u00eda de alquiler que elijas. Sin embargo, para darte una estimaci\u00f3n aproximada, los alquileres de scooters en Bali suelen oscilar entre 50,000 y 200,000 rupias indonesias (IDR) por d\u00eda.<\/p><p>Ten en cuenta que los precios mencionados aqu\u00ed son aproximados y pueden variar seg\u00fan la ubicaci\u00f3n, la temporada, tus habilidades de negociaci\u00f3n y otros factores. Siempre es una buena idea comparar precios de diferentes compa\u00f1\u00edas de alquiler y negociar para obtener la mejor oferta. Adem\u00e1s, algunas compa\u00f1\u00edas de alquiler pueden requerir un dep\u00f3sito o una licencia de conducir v\u00e1lida antes de alquilar una scooter. Aseg\u00farate de revisar los t\u00e9rminos y condiciones de la compa\u00f1\u00eda de alquiler que elijas.<\/p><p>Por \u00faltimo, al alquilar una scooter en Bali, es esencial priorizar tu seguridad. Usa un casco en todo momento, respeta las normas de tr\u00e1fico y familiar\u00edzate con las condiciones de manejo locales.<\/p>","protected":false},"excerpt":{"rendered":"<p>Cu\u00e1nto cuesta alquilar una scooter en Bali: El costo de alquilar una scooter en Bali puede variar dependiendo de varios factores, como la duraci\u00f3n del alquiler, el tipo de scooter y la compa\u00f1\u00eda de alquiler que elijas. Sin embargo, para darte una estimaci\u00f3n aproximada, los alquileres de scooters en Bali suelen oscilar entre 50,000 y&hellip;&nbsp;<a href=\"https:\/\/balibestmotorcycle.com\/es\/cuanto-cuesta-alquilar-una-scooter-en-bali\" class=\"\" rel=\"bookmark\">Leer m\u00e1s &raquo;<span class=\"screen-reader-text\">Cu\u00e1nto cuesta alquilar una scooter en Bali<\/span><\/a><\/p>\n","protected":false},"author":1,"featured_media":0,"parent":0,"menu_order":0,"comment_status":"closed","ping_status":"closed","template":"","meta":{"neve_meta_sidebar":"","neve_meta_container":"","neve_meta_enable_content_width":"","neve_meta_content_width":0,"neve_meta_title_alignment":"","neve_meta_author_avatar":"","neve_post_elements_order":"","neve_meta_disable_header":"","neve_meta_disable_footer":"","neve_meta_disable_title":"","_ti_tpc_template_sync":false,"_ti_tpc_template_id":"","footnotes":""},"class_list":["post-2194","page","type-page","status-publish","hentry"],"_links":{"self":[{"href":"https:\/\/balibestmotorcycle.com\/es\/wp-json\/wp\/v2\/pages\/2194","targetHints":{"allow":["GET"]}}],"collection":[{"href":"https:\/\/balibestmotorcycle.com\/es\/wp-json\/wp\/v2\/pages"}],"about":[{"href":"https:\/\/balibestmotorcycle.com\/es\/wp-json\/wp\/v2\/types\/page"}],"author":[{"embeddable":true,"href":"https:\/\/balibestmotorcycle.com\/es\/wp-json\/wp\/v2\/users\/1"}],"replies":[{"embeddable":true,"href":"https:\/\/balibestmotorcycle.com\/es\/wp-json\/wp\/v2\/comments?post=2194"}],"version-history":[{"count":1,"href":"https:\/\/balibestmotorcycle.com\/es\/wp-json\/wp\/v2\/pages\/2194\/revisions"}],"predecessor-version":[{"id":2195,"href":"https:\/\/balibestmotorcycle.com\/es\/wp-json\/wp\/v2\/pages\/2194\/revisions\/2195"}],"wp:attachment":[{"href":"https:\/\/balibestmotorcycle.com\/es\/wp-json\/wp\/v2\/media?parent=2194"}],"curies":[{"name":"wp","href":"https:\/\/api.w.org\/{rel}","templated":true}]}}