{"id":2191,"date":"2023-08-22T02:23:11","date_gmt":"2023-08-22T02:23:11","guid":{"rendered":"https:\/\/balibestmotorcycle.com\/?page_id=2191"},"modified":"2024-05-30T06:49:25","modified_gmt":"2024-05-30T06:49:25","slug":"explora-bali-con-los-mejores-servicios-de-alquiler-de-motos","status":"publish","type":"page","link":"https:\/\/balibestmotorcycle.com\/es\/explora-bali-con-los-mejores-servicios-de-alquiler-de-motos","title":{"rendered":"Explora Bali con los Mejores Servicios de Alquiler de Motos"},"content":{"rendered":"<p><br>Descubre los tesoros escondidos de Bali en dos ruedas con nuestros servicios de alquiler de motos de primera clase. Disfruta de la libertad de la carretera abierta mientras exploras playas, terrazas de arroz y m\u00e1s. \u00a1Reserva ahora para una aventura inolvidable!<\/p><p>\u00bfEst\u00e1s listo para experimentar Bali como nunca antes? Imagina recorrer las pintorescas carreteras costeras, serpentear por exuberantes paisajes verdes y explorar encantadores pueblos a tu propio ritmo. Con nuestros servicios de alquiler de motos premium en Bali, puedes hacer realidad este sue\u00f1o.<\/p><p>\u00bfPor qu\u00e9 Elegir Nuestros Servicios de Alquiler de Motos en Bali?<\/p><ol class=\"wp-block-list\"><li><strong>Amplia Gama de Motos de Calidad<\/strong>: Ya sea que seas un motociclista experimentado en busca de adrenalina o un viajero casual que busca una exploraci\u00f3n relajada, tenemos la moto perfecta para ti. Nuestra diversa flota incluye scooters para paseos por la ciudad, motos todoterreno para aventureros y todo lo dem\u00e1s.<\/li>\n\n<li><strong>Libertad para Explorar<\/strong>: Lib\u00e9rate de las limitaciones del transporte tradicional y experimenta Bali a tu manera. Con una moto alquilada, tienes la flexibilidad de crear tu propio itinerario, descubrir lugares escondidos y sumergirte en la cultura local.<\/li>\n\n<li><strong>Motos Mantenidas por Expertos<\/strong>: Tu seguridad es nuestra prioridad. Nuestras motos pasan por un riguroso mantenimiento para asegurar que est\u00e9n en \u00f3ptimas condiciones. Proporcionamos cascos bien mantenidos y pautas de seguridad, d\u00e1ndote tranquilidad mientras recorres la isla.<\/li>\n\n<li><strong>Reserva Sin Complicaciones<\/strong>: Nuestra plataforma de reservas en l\u00ednea, f\u00e1cil de usar, hace que reservar tu moto sea muy sencillo. Simplemente elige la moto deseada, el lugar de recogida y la duraci\u00f3n del alquiler. Nuestros precios transparentes significan que no habr\u00e1 sorpresas: sabr\u00e1s exactamente qu\u00e9 esperar.<\/li>\n\n<li><strong>Conocimientos Locales<\/strong>: Como entusiastas de Bali, nos apasiona ayudarte a aprovechar al m\u00e1ximo tu viaje. Cuenta con nosotros para obtener consejos locales, rutas recomendadas y atracciones imprescindibles que podr\u00edan no estar en tu gu\u00eda.<\/li>\n\n<li><strong>Recuerdos Inolvidables<\/strong>: La belleza de Bali va m\u00e1s all\u00e1 de los lugares tur\u00edsticos. Imagina encontrar playas v\u00edrgenes, cascadas escondidas y restaurantes aut\u00e9nticos fuera de los caminos trillados. Nuestras motos de alquiler te brindan la libertad de crear recuerdos que durar\u00e1n toda la vida.<\/li><\/ol><p>\u00a1Reserva Tu Aventura en Moto en Bali Hoy!<\/p><p>Tu aventura en Bali comienza con un giro del acelerador. Experimenta las maravillas naturales de la isla, su rica cultura y sus impresionantes paisajes de una manera que solo una moto puede ofrecer. Ya seas un viajero solitario, una pareja en busca de una escapada rom\u00e1ntica o un grupo de amigos en busca de emociones, nuestros servicios de alquiler de motos son para todos.<\/p><p>Desbloquea la verdadera esencia de Bali con nuestras motos confiables, bien mantenidas y nuestra asistencia experta. Comienza tu viaje hacia una exploraci\u00f3n y descubrimiento sin igual reservando tu moto hoy. Prep\u00e1rate para embarcarte en una aventura inolvidable que te dejar\u00e1 con ganas de m\u00e1s.<\/p>","protected":false},"excerpt":{"rendered":"<p>Descubre los tesoros escondidos de Bali en dos ruedas con nuestros servicios de alquiler de motos de primera clase. Disfruta de la libertad de la carretera abierta mientras exploras playas, terrazas de arroz y m\u00e1s. \u00a1Reserva ahora para una aventura inolvidable! \u00bfEst\u00e1s listo para experimentar Bali como nunca antes? Imagina recorrer las pintorescas carreteras costeras,&hellip;&nbsp;<a href=\"https:\/\/balibestmotorcycle.com\/es\/explora-bali-con-los-mejores-servicios-de-alquiler-de-motos\" class=\"\" rel=\"bookmark\">Leer m\u00e1s &raquo;<span class=\"screen-reader-text\">Explora Bali con los Mejores Servicios de Alquiler de Motos<\/span><\/a><\/p>\n","protected":false},"author":1,"featured_media":0,"parent":0,"menu_order":0,"comment_status":"closed","ping_status":"closed","template":"","meta":{"neve_meta_sidebar":"","neve_meta_container":"","neve_meta_enable_content_width":"","neve_meta_content_width":0,"neve_meta_title_alignment":"","neve_meta_author_avatar":"","neve_post_elements_order":"","neve_meta_disable_header":"","neve_meta_disable_footer":"","neve_meta_disable_title":"","_ti_tpc_template_sync":false,"_ti_tpc_template_id":"","footnotes":""},"class_list":["post-2191","page","type-page","status-publish","hentry"],"_links":{"self":[{"href":"https:\/\/balibestmotorcycle.com\/es\/wp-json\/wp\/v2\/pages\/2191","targetHints":{"allow":["GET"]}}],"collection":[{"href":"https:\/\/balibestmotorcycle.com\/es\/wp-json\/wp\/v2\/pages"}],"about":[{"href":"https:\/\/balibestmotorcycle.com\/es\/wp-json\/wp\/v2\/types\/page"}],"author":[{"embeddable":true,"href":"https:\/\/balibestmotorcycle.com\/es\/wp-json\/wp\/v2\/users\/1"}],"replies":[{"embeddable":true,"href":"https:\/\/balibestmotorcycle.com\/es\/wp-json\/wp\/v2\/comments?post=2191"}],"version-history":[{"count":1,"href":"https:\/\/balibestmotorcycle.com\/es\/wp-json\/wp\/v2\/pages\/2191\/revisions"}],"predecessor-version":[{"id":2192,"href":"https:\/\/balibestmotorcycle.com\/es\/wp-json\/wp\/v2\/pages\/2191\/revisions\/2192"}],"wp:attachment":[{"href":"https:\/\/balibestmotorcycle.com\/es\/wp-json\/wp\/v2\/media?parent=2191"}],"curies":[{"name":"wp","href":"https:\/\/api.w.org\/{rel}","templated":true}]}}