{"id":5177,"date":"2024-07-27T04:25:13","date_gmt":"2024-07-27T04:25:13","guid":{"rendered":"https:\/\/balibestmotorcycle.com\/?page_id=5177"},"modified":"2024-08-04T03:51:02","modified_gmt":"2024-08-04T03:51:02","slug":"die-besten-geschaefte-fuer-motorrad-vinylfolierung-auf-bali","status":"publish","type":"page","link":"https:\/\/balibestmotorcycle.com\/de\/die-besten-geschaefte-fuer-motorrad-vinylfolierung-auf-bali","title":{"rendered":"Die besten Gesch\u00e4fte f\u00fcr Motorrad-Vinylfolierung auf Bali"},"content":{"rendered":"<p><\/p><h2 class=\"wp-block-heading\">1.&nbsp;&nbsp;<strong>Die besten Motorr\u00e4der auf Bali<\/strong><\/h2><ul class=\"wp-block-list\"><li><strong>Standort:<\/strong>\u00a0\u00a0Gg. Toti, Padangsambian Klod, Kec. Denpasar Bar., Bali, 80361<\/li>\n\n<li><strong>Angebotene Dienstleistungen:<\/strong>\u00a0\u00a0Bali Best Motorcycles ist auf hochwertige Vinylfolierungen f\u00fcr Motorr\u00e4der spezialisiert. Die erfahrenen Techniker verwenden hochwertiges 3M-Vinyl und bieten eine gro\u00dfe Auswahl an Farben und Oberfl\u00e4chen. Egal, ob Sie einen glatten matten Look oder ein kr\u00e4ftiges Metallic-Finish w\u00fcnschen, sie haben das Richtige f\u00fcr Sie.<\/li>\n\n<li><strong>Warum sollten Sie sich f\u00fcr Bali Best Motorcycles entscheiden?<\/strong><ul class=\"wp-block-list\"><li><strong>Fachwissen:<\/strong>\u00a0\u00a0Dank ihrer langj\u00e4hrigen Erfahrung wissen sie, wie man mit komplizierten Designs und anspruchsvollen Kurven umgeht.<\/li>\n\n<li><strong>Individualisierung:<\/strong>\u00a0\u00a0Sie k\u00f6nnen individuelle Designs, Logos und Muster erstellen, um Ihr Motorrad wirklich einzigartig zu machen.<\/li>\n\n<li><strong>Schnelle Bearbeitung:<\/strong>\u00a0\u00a0Bali Best Motorcycles gew\u00e4hrleistet effizienten Service ohne Kompromisse bei der Qualit\u00e4t.<\/li>\n\n<li><strong>Wettbewerbsf\u00e4hige Preise:<\/strong>\u00a0\u00a0Ihre Preise sind angemessen, was sie zur ersten Wahl f\u00fcr Fahrer auf Bali macht.<\/li><\/ul><\/li><\/ul><h2 class=\"wp-block-heading\">2.&nbsp;&nbsp;<strong>Insel-Wraps Bali<\/strong><\/h2><ul class=\"wp-block-list\"><li><strong>Standort:<\/strong>\u00a0\u00a0Jalan Sunset Road Nr. 456, Kuta, Bali<\/li>\n\n<li><strong>Angebotene Dienstleistungen:<\/strong>\u00a0\u00a0Island Wraps Bali ist auf Teil- und Vollfolierungen von Motorr\u00e4dern spezialisiert. Sie bieten eine Vielzahl von Vinyloptionen, darunter Glanz-, Satin- und Kohlefasertexturen. Ihr Team achtet auf Details und sorgt f\u00fcr eine nahtlose Installation.<\/li>\n\n<li><strong>Warum sollten Sie sich f\u00fcr Island Wraps Bali entscheiden?<\/strong><ul class=\"wp-block-list\"><li><strong>Vielfalt:<\/strong>\u00a0\u00a0Island Wraps Bali verf\u00fcgt \u00fcber eine umfangreiche Farbpalette, sodass Sie den perfekten Farbton f\u00fcr Ihr Fahrrad finden.<\/li>\n\n<li><strong>Hochwertige Materialien:<\/strong>\u00a0\u00a0Sie verwenden erstklassiges Vinyl, das dem tropischen Klima und der UV-Belastung Balis standh\u00e4lt.<\/li>\n\n<li><strong>Erschwinglichkeit:<\/strong>\u00a0\u00a0Island Wraps Bali bietet wettbewerbsf\u00e4hige Preise f\u00fcr seine Dienstleistungen.<\/li><\/ul><\/li><\/ul><h2 class=\"wp-block-heading\">3.&nbsp;&nbsp;<strong>Kuta Custom Garage<\/strong><\/h2><ul class=\"wp-block-list\"><li><strong>Standort:<\/strong>\u00a0\u00a0Jalan Legian Nr. 789, Kuta, Bali<\/li>\n\n<li><strong>Angebotene Dienstleistungen:<\/strong>\u00a0\u00a0Kuta Custom Garage ist f\u00fcr seine kreativen Vinyl-Wrap-Designs bekannt. Von auff\u00e4lligen Grafiken bis hin zu subtilen Akzenten k\u00f6nnen sie Ihr Motorrad verwandeln. Ihr Team arbeitet eng mit den Kunden zusammen, um ihre Vision zum Leben zu erwecken.<\/li>\n\n<li><strong>Warum sollten Sie sich f\u00fcr Kuta Custom Garage entscheiden?<\/strong><ul class=\"wp-block-list\"><li><strong>K\u00fcnstlerischer Ansatz:<\/strong>\u00a0\u00a0Kuta Custom Garage behandelt jedes Projekt wie eine Leinwand, was zu auff\u00e4lligen Wraps f\u00fchrt.<\/li>\n\n<li><strong>Kundenzufriedenheit:<\/strong>\u00a0\u00a0Sie priorisieren die Eingaben der Kunden und stellen die Zufriedenheit mit dem Endprodukt sicher.<\/li>\n\n<li><strong>Liebe zum Detail:<\/strong>\u00a0\u00a0Ihr sorgf\u00e4ltiger Installationsprozess garantiert ein makelloses Finish.<\/li><\/ul><\/li><\/ul>","protected":false},"excerpt":{"rendered":"<p>1.&nbsp;&nbsp;Die besten Motorr\u00e4der auf Bali 2.&nbsp;&nbsp;Insel-Wraps Bali 3.&nbsp;&nbsp;Kuta Custom Garage<\/p>\n","protected":false},"author":1,"featured_media":0,"parent":0,"menu_order":0,"comment_status":"closed","ping_status":"closed","template":"","meta":{"neve_meta_sidebar":"","neve_meta_container":"","neve_meta_enable_content_width":"","neve_meta_content_width":0,"neve_meta_title_alignment":"","neve_meta_author_avatar":"","neve_post_elements_order":"","neve_meta_disable_header":"","neve_meta_disable_footer":"","neve_meta_disable_title":"","_ti_tpc_template_sync":false,"_ti_tpc_template_id":"","footnotes":""},"class_list":["post-5177","page","type-page","status-publish","hentry"],"_links":{"self":[{"href":"https:\/\/balibestmotorcycle.com\/de\/wp-json\/wp\/v2\/pages\/5177","targetHints":{"allow":["GET"]}}],"collection":[{"href":"https:\/\/balibestmotorcycle.com\/de\/wp-json\/wp\/v2\/pages"}],"about":[{"href":"https:\/\/balibestmotorcycle.com\/de\/wp-json\/wp\/v2\/types\/page"}],"author":[{"embeddable":true,"href":"https:\/\/balibestmotorcycle.com\/de\/wp-json\/wp\/v2\/users\/1"}],"replies":[{"embeddable":true,"href":"https:\/\/balibestmotorcycle.com\/de\/wp-json\/wp\/v2\/comments?post=5177"}],"version-history":[{"count":1,"href":"https:\/\/balibestmotorcycle.com\/de\/wp-json\/wp\/v2\/pages\/5177\/revisions"}],"predecessor-version":[{"id":5178,"href":"https:\/\/balibestmotorcycle.com\/de\/wp-json\/wp\/v2\/pages\/5177\/revisions\/5178"}],"wp:attachment":[{"href":"https:\/\/balibestmotorcycle.com\/de\/wp-json\/wp\/v2\/media?parent=5177"}],"curies":[{"name":"wp","href":"https:\/\/api.w.org\/{rel}","templated":true}]}}