{"id":5167,"date":"2024-07-27T04:29:33","date_gmt":"2024-07-27T04:29:33","guid":{"rendered":"https:\/\/balibestmotorcycle.com\/?page_id=5167"},"modified":"2024-08-04T03:45:46","modified_gmt":"2024-08-04T03:45:46","slug":"die-besten-orte-zum-individualisieren-eines-motorrads-auf-bali","status":"publish","type":"page","link":"https:\/\/balibestmotorcycle.com\/de\/die-besten-orte-zum-individualisieren-eines-motorrads-auf-bali","title":{"rendered":"Die besten Orte zum Individualisieren eines Motorrads auf Bali"},"content":{"rendered":"<p><\/p><h2 class=\"wp-block-heading\"><strong>1. Die besten Motorr\u00e4der auf Bali<\/strong><\/h2><p><strong>Standort:<\/strong>&nbsp;&nbsp;Gg. Toti, Padangsambian Klod, Kec. Denpasar Bar., Bali, 80361<\/p><p>Bali Best Motorcycles ist das Kronjuwel der Custombike-Shops auf der Insel. Ihre erfahrenen Handwerker verbinden Vintage-Charme mit moderner Eleganz und kreieren einzigartige Bikes, die alle Blicke auf sich ziehen. Egal, ob Sie einen Caf\u00e9 Racer, Bobber oder Chopper suchen, sie haben das Richtige f\u00fcr Sie. Hier treffen der Reiz zeitlosen Designs und der Nervenkitzel der offenen Stra\u00dfe aufeinander.<\/p><h2 class=\"wp-block-heading\"><strong>2. MalaMadre Motorr\u00e4der<\/strong><\/h2><p><strong>Ort:<\/strong>&nbsp;&nbsp;Jalan Pantai Berawa, Canggu, Bali&nbsp;&nbsp;<strong>Adresse:<\/strong>&nbsp;&nbsp;Echo Beach, Canggu, Badung Regency, Bali, Indonesien<\/p><p>MalaMadre Motorcycles ist mehr als eine Werkstatt; es ist ein Zufluchtsort f\u00fcr Enthusiasten. Seit der Gr\u00fcndung im Jahr 2015 haben sie weltweit fast 150 Motorr\u00e4der umgebaut. Von New York bis Sydney faszinieren ihre Motorr\u00e4der die Fahrer mit Stil und Leistung. Jedes Werk erz\u00e4hlt eine Geschichte, sorgf\u00e4ltig gefertigt von leidenschaftlichen Handwerkern. Mieten Sie eines ihrer Original-Meisterwerke und erkunden Sie Bali auf eine ganz neue Art und Weise.<\/p><h2 class=\"wp-block-heading\"><strong>3. Alpha Custom Garage<\/strong><\/h2><p><strong>Standort:<\/strong>&nbsp;&nbsp;Sitz in Bali (Online-Buchung)&nbsp;&nbsp;<strong>Lieferung:<\/strong>&nbsp;&nbsp;Direkt zu Ihrem Hotel<\/p><p>Alpha Custom Garage bietet ein nahtloses Online-Erlebnis. W\u00e4hlen Sie aus den besten Custom-Bikes zum Mieten auf Bali. Egal, ob Sie durch Reisterrassen cruisen oder versteckte Str\u00e4nde erkunden, diese Bikes bieten Stil und Funktionalit\u00e4t. Buchen Sie online und Sie bekommen Ihr Traumbike direkt vor die Haust\u00fcr Ihres Hotels geliefert.<\/p><p>Denken Sie daran, in diesen Gesch\u00e4ften geht es nicht nur um Motorr\u00e4der, sondern auch um Abenteuerlust. Also, r\u00fcsten Sie sich aus, machen Sie sich auf den Weg und genie\u00dfen Sie die malerische Sch\u00f6nheit Balis als Kulisse!<img decoding=\"async\" src=\"https:\/\/s.w.org\/images\/core\/emoji\/15.0.3\/svg\/1f334.svg\" alt=\"\ud83c\udf34\" style=\"width: 20px;\" title=\"\"><img decoding=\"async\" src=\"https:\/\/s.w.org\/images\/core\/emoji\/15.0.3\/svg\/1f6f5.svg\" alt=\"\ud83d\udef5\" style=\"width: 20px;\" title=\"\"><\/p>","protected":false},"excerpt":{"rendered":"<p>1. Die besten Motorr\u00e4der auf Bali Standort:&nbsp;&nbsp;Gg. Toti, Padangsambian Klod, Kec. Denpasar Bar., Bali, 80361 Bali Best Motorcycles ist das Kronjuwel der Custombike-Shops auf der Insel. Ihre erfahrenen Handwerker verbinden Vintage-Charme mit moderner Eleganz und kreieren einzigartige Bikes, die alle Blicke auf sich ziehen. Egal, ob Sie einen Caf\u00e9 Racer, Bobber oder Chopper suchen, sie&hellip;&nbsp;<a href=\"https:\/\/balibestmotorcycle.com\/de\/die-besten-orte-zum-individualisieren-eines-motorrads-auf-bali\" class=\"\" rel=\"bookmark\">Weiterlesen &raquo;<span class=\"screen-reader-text\">Die besten Orte zum Individualisieren eines Motorrads auf Bali<\/span><\/a><\/p>\n","protected":false},"author":1,"featured_media":0,"parent":0,"menu_order":0,"comment_status":"closed","ping_status":"closed","template":"","meta":{"neve_meta_sidebar":"","neve_meta_container":"","neve_meta_enable_content_width":"","neve_meta_content_width":0,"neve_meta_title_alignment":"","neve_meta_author_avatar":"","neve_post_elements_order":"","neve_meta_disable_header":"","neve_meta_disable_footer":"","neve_meta_disable_title":"","_ti_tpc_template_sync":false,"_ti_tpc_template_id":"","footnotes":""},"class_list":["post-5167","page","type-page","status-publish","hentry"],"_links":{"self":[{"href":"https:\/\/balibestmotorcycle.com\/de\/wp-json\/wp\/v2\/pages\/5167","targetHints":{"allow":["GET"]}}],"collection":[{"href":"https:\/\/balibestmotorcycle.com\/de\/wp-json\/wp\/v2\/pages"}],"about":[{"href":"https:\/\/balibestmotorcycle.com\/de\/wp-json\/wp\/v2\/types\/page"}],"author":[{"embeddable":true,"href":"https:\/\/balibestmotorcycle.com\/de\/wp-json\/wp\/v2\/users\/1"}],"replies":[{"embeddable":true,"href":"https:\/\/balibestmotorcycle.com\/de\/wp-json\/wp\/v2\/comments?post=5167"}],"version-history":[{"count":1,"href":"https:\/\/balibestmotorcycle.com\/de\/wp-json\/wp\/v2\/pages\/5167\/revisions"}],"predecessor-version":[{"id":5168,"href":"https:\/\/balibestmotorcycle.com\/de\/wp-json\/wp\/v2\/pages\/5167\/revisions\/5168"}],"wp:attachment":[{"href":"https:\/\/balibestmotorcycle.com\/de\/wp-json\/wp\/v2\/media?parent=5167"}],"curies":[{"name":"wp","href":"https:\/\/api.w.org\/{rel}","templated":true}]}}