{"id":5137,"date":"2024-07-27T03:16:43","date_gmt":"2024-07-27T03:16:43","guid":{"rendered":"https:\/\/balibestmotorcycle.com\/?page_id=5137"},"modified":"2024-08-02T13:32:26","modified_gmt":"2024-08-02T13:32:26","slug":"mieten-sie-einen-volkswagen-combi-campervan-in-bali","status":"publish","type":"page","link":"https:\/\/balibestmotorcycle.com\/de\/mieten-sie-einen-volkswagen-combi-campervan-in-bali","title":{"rendered":"Mieten Sie einen Volkswagen Combi Campervan in Bali"},"content":{"rendered":"<p><\/p><h2 class=\"wp-block-heading\">Kurze Geschichte<\/h2><p>Der kultige Volkswagen Typ 2, liebevoll \u201eCombi\u201c oder \u201eKombi\u201c genannt, hat eine reiche Geschichte. Er kam 1950 auf den Markt und wurde zu einem Symbol f\u00fcr Freiheit, Abenteuer und Gegenkultur. Hier ein Blick in seine Vergangenheit:<\/p><ul class=\"wp-block-list\"><li><strong>Urspr\u00fcnge<\/strong>\u00a0: Der niederl\u00e4ndische Volkswagen-Importeur Ben Pon konzipierte das T2-Design, wobei der Fahrer nach vorne versetzt und hinten ein verl\u00e4ngerter Stauraum geschaffen wurde.<\/li>\n\n<li><strong>Entwicklung<\/strong>\u00a0: Von den Vans mit geteilter Windschutzscheibe der 1950er Jahre bis zu den beliebten Erkermodellen der 1960er Jahre hat sich der Combi weiterentwickelt. Sein kastenf\u00f6rmiger Charme ging in die rundere Karosserieform \u00fcber, die wir heute kennen.<\/li>\n\n<li><strong>Hippie-\u00c4ra<\/strong>\u00a0: In den 1960er Jahren wurde der Combi zum Synonym f\u00fcr die Hippie-Bewegung. Er war mit leuchtenden Lackierungen ausgestattet und trug Freigeister um die ganze Welt.<\/li><\/ul><h2 class=\"wp-block-heading\"><strong>Technische Daten des Volkswagen Combi Campervan<\/strong><\/h2><ul class=\"wp-block-list\"><li><strong>Motor<\/strong>\u00a0: Der Combi verf\u00fcgt normalerweise \u00fcber einen luftgek\u00fchlten Boxermotor, mit Variationen im Laufe der Jahre.<\/li>\n\n<li><strong>Ma\u00dfe<\/strong>\u00a0:<ul class=\"wp-block-list\"><li>Radstand: Variiert je nach Modell (z. B. 2.461 mm bei einigen Versionen).<\/li>\n\n<li>L\u00e4nge: ca. 4.569 mm.<\/li>\n\n<li>Breite: Ca. 1.844 mm.<\/li>\n\n<li>H\u00f6he: Von 1.735 mm bis 2.085 mm.<\/li><\/ul><\/li>\n\n<li><strong>Kapazit\u00e4t<\/strong>\u00a0: Bietet bequem Platz f\u00fcr f\u00fcnf Erwachsene.<\/li>\n\n<li><strong>Ausstattung<\/strong>\u00a0: Ausgestattet mit WLAN, Klimaanlage, hervorragenden Soundsystemen und sogar einer ferngesteuerten Minibar.<\/li><\/ul><h2 class=\"wp-block-heading\"><strong>Anwendung und Nutzung auf Bali<\/strong><\/h2><ol class=\"wp-block-list\"><li><strong>Bali VW Kombi Safaris<\/strong>\u00a0:<ul class=\"wp-block-list\"><li>Erleben Sie Balis Str\u00e4nde, Bars und Tempel mit Stil. Steigen Sie in eine individuell gestaltete VW Kombi-Limousine von 1980 mit WLAN, Klimaanlage und dr\u00f6hnendem Soundsystem. Entdecken Sie verborgene Sch\u00e4tze und kulturelle St\u00e4tten, w\u00e4hrend Sie Ihren inneren Hippie herauslassen.<img decoding=\"async\" src=\"https:\/\/s.w.org\/images\/core\/emoji\/15.0.3\/svg\/1f31f.svg\" alt=\"\ud83c\udf1f\" style=\"width: 20px;\" title=\"\"><\/li>\n\n<li><strong>Cocktail-Safari<\/strong>\u00a0: Nippen Sie an Cocktails in vier tollen Bars, besuchen Sie vier malerische Str\u00e4nde und erkunden Sie einen einzigartigen Tempel \u2013 alles an einem unvergesslichen Tag!<\/li><\/ul><\/li><\/ol>","protected":false},"excerpt":{"rendered":"<p>Kurze Geschichte Der kultige Volkswagen Typ 2, liebevoll \u201eCombi\u201c oder \u201eKombi\u201c genannt, hat eine reiche Geschichte. Er kam 1950 auf den Markt und wurde zu einem Symbol f\u00fcr Freiheit, Abenteuer und Gegenkultur. Hier ein Blick in seine Vergangenheit: Technische Daten des Volkswagen Combi Campervan Anwendung und Nutzung auf Bali<\/p>\n","protected":false},"author":1,"featured_media":0,"parent":0,"menu_order":0,"comment_status":"closed","ping_status":"closed","template":"","meta":{"neve_meta_sidebar":"","neve_meta_container":"","neve_meta_enable_content_width":"","neve_meta_content_width":0,"neve_meta_title_alignment":"","neve_meta_author_avatar":"","neve_post_elements_order":"","neve_meta_disable_header":"","neve_meta_disable_footer":"","neve_meta_disable_title":"","_ti_tpc_template_sync":false,"_ti_tpc_template_id":"","footnotes":""},"class_list":["post-5137","page","type-page","status-publish","hentry"],"_links":{"self":[{"href":"https:\/\/balibestmotorcycle.com\/de\/wp-json\/wp\/v2\/pages\/5137","targetHints":{"allow":["GET"]}}],"collection":[{"href":"https:\/\/balibestmotorcycle.com\/de\/wp-json\/wp\/v2\/pages"}],"about":[{"href":"https:\/\/balibestmotorcycle.com\/de\/wp-json\/wp\/v2\/types\/page"}],"author":[{"embeddable":true,"href":"https:\/\/balibestmotorcycle.com\/de\/wp-json\/wp\/v2\/users\/1"}],"replies":[{"embeddable":true,"href":"https:\/\/balibestmotorcycle.com\/de\/wp-json\/wp\/v2\/comments?post=5137"}],"version-history":[{"count":1,"href":"https:\/\/balibestmotorcycle.com\/de\/wp-json\/wp\/v2\/pages\/5137\/revisions"}],"predecessor-version":[{"id":5138,"href":"https:\/\/balibestmotorcycle.com\/de\/wp-json\/wp\/v2\/pages\/5137\/revisions\/5138"}],"wp:attachment":[{"href":"https:\/\/balibestmotorcycle.com\/de\/wp-json\/wp\/v2\/media?parent=5137"}],"curies":[{"name":"wp","href":"https:\/\/api.w.org\/{rel}","templated":true}]}}