{"id":5129,"date":"2024-07-26T15:32:10","date_gmt":"2024-07-26T07:32:10","guid":{"rendered":"https:\/\/balibestmotorcycle.com\/?page_id=5129"},"modified":"2024-08-02T10:21:34","modified_gmt":"2024-08-02T10:21:34","slug":"vespa-mieten-auf-bali-eine-zeitlose-ikone","status":"publish","type":"page","link":"https:\/\/balibestmotorcycle.com\/de\/vespa-mieten-auf-bali-eine-zeitlose-ikone","title":{"rendered":"Vespa mieten auf Bali: Eine zeitlose Ikone"},"content":{"rendered":"<p><\/p><h3 class=\"wp-block-heading\">Geschichte<\/h3><p>Vor 75 Jahren tauchte der allererste Vespa-Roller aus den Tr\u00fcmmern des Nachkriegsitaliens auf. Entworfen von Corradino D&#8217;Ascanio, einem Ingenieur mit einer Abneigung gegen Motorr\u00e4der, wurde die Vespa von Piaggio hergestellt \u2013 einem Flugzeughersteller, dem aufgrund der Kriegszerst\u00f6rung der Bau von Flugzeugen verboten worden war. Der Prototyp, bekannt als MP5, stie\u00df zun\u00e4chst auf Skepsis, wurde aber bald zu einer weltweiten Sensation. Sein Durchstiegsdesign mit \u201eeingeschn\u00fcrter Taille\u201c brachte ihm den Spitznamen \u201ePaperino\u201c (italienisch f\u00fcr Donald Duck) ein, und Enrico Piaggio ahnte nicht, dass er die Welt ver\u00e4ndern w\u00fcrde.<\/p><h3 class=\"wp-block-heading\">Spezifikationen<\/h3><p>Die Vespa-Modelle haben sich im Laufe der Zeit weiterentwickelt, vom 98-cm3-Original bis hin zu modernen Versionen. Hier sind einige wichtige Spezifikationen:<\/p><ul class=\"wp-block-list\"><li><strong>Vespa S125 Gelb<\/strong>\u00a0: Ein 125-cm\u00b3-Roller mit zeitlosem Design und ruhiger Fahrt.<\/li>\n\n<li><strong>Vespa Primavera Tosca<\/strong>\u00a0: Ein 150-ccm-Roller aus dem Jahr 2023, perfekt, um Bali zu erkunden.<\/li>\n\n<li><strong>Vespa Sprint S-125<\/strong>\u00a0: Eine weitere 125-cm\u00b3-Option, in Gelb und Blau erh\u00e4ltlich.<\/li>\n\n<li><strong>Vespa Primavera 150 Green Relax<\/strong>\u00a0: Eine mintgr\u00fcne Sch\u00f6nheit, ideal zum Cruisen auf der Insel.<\/li><\/ul><h3 class=\"wp-block-heading\">Bewerbung auf Bali<\/h3><p>Vespas sind mehr als nur Fahrzeuge; sie sind ein Lebensstil. Auf Bali bieten sie eine reizvolle M\u00f6glichkeit, die Sch\u00f6nheit der Insel zu erkunden. Stellen Sie sich vor, Sie d\u00fcsen durch Reisterrassen, K\u00fcstenstra\u00dfen und lebhafte M\u00e4rkte \u2013 und genie\u00dfen dabei die warme Brise. Vespas zu mieten ist praktisch, es gibt Liefer- und Abholservice. Egal, ob Sie Tourist oder Einheimischer sind, Vespas sind auf Bali ein Synonym f\u00fcr Freiheit und Stil<\/p>","protected":false},"excerpt":{"rendered":"<p>Geschichte Vor 75 Jahren tauchte der allererste Vespa-Roller aus den Tr\u00fcmmern des Nachkriegsitaliens auf. Entworfen von Corradino D&#8217;Ascanio, einem Ingenieur mit einer Abneigung gegen Motorr\u00e4der, wurde die Vespa von Piaggio hergestellt \u2013 einem Flugzeughersteller, dem aufgrund der Kriegszerst\u00f6rung der Bau von Flugzeugen verboten worden war. Der Prototyp, bekannt als MP5, stie\u00df zun\u00e4chst auf Skepsis, wurde&hellip;&nbsp;<a href=\"https:\/\/balibestmotorcycle.com\/de\/vespa-mieten-auf-bali-eine-zeitlose-ikone\" class=\"\" rel=\"bookmark\">Weiterlesen &raquo;<span class=\"screen-reader-text\">Vespa mieten auf Bali: Eine zeitlose Ikone<\/span><\/a><\/p>\n","protected":false},"author":1,"featured_media":0,"parent":0,"menu_order":0,"comment_status":"closed","ping_status":"closed","template":"","meta":{"neve_meta_sidebar":"","neve_meta_container":"","neve_meta_enable_content_width":"","neve_meta_content_width":0,"neve_meta_title_alignment":"","neve_meta_author_avatar":"","neve_post_elements_order":"","neve_meta_disable_header":"","neve_meta_disable_footer":"","neve_meta_disable_title":"","_ti_tpc_template_sync":false,"_ti_tpc_template_id":"","footnotes":""},"class_list":["post-5129","page","type-page","status-publish","hentry"],"_links":{"self":[{"href":"https:\/\/balibestmotorcycle.com\/de\/wp-json\/wp\/v2\/pages\/5129","targetHints":{"allow":["GET"]}}],"collection":[{"href":"https:\/\/balibestmotorcycle.com\/de\/wp-json\/wp\/v2\/pages"}],"about":[{"href":"https:\/\/balibestmotorcycle.com\/de\/wp-json\/wp\/v2\/types\/page"}],"author":[{"embeddable":true,"href":"https:\/\/balibestmotorcycle.com\/de\/wp-json\/wp\/v2\/users\/1"}],"replies":[{"embeddable":true,"href":"https:\/\/balibestmotorcycle.com\/de\/wp-json\/wp\/v2\/comments?post=5129"}],"version-history":[{"count":1,"href":"https:\/\/balibestmotorcycle.com\/de\/wp-json\/wp\/v2\/pages\/5129\/revisions"}],"predecessor-version":[{"id":5130,"href":"https:\/\/balibestmotorcycle.com\/de\/wp-json\/wp\/v2\/pages\/5129\/revisions\/5130"}],"wp:attachment":[{"href":"https:\/\/balibestmotorcycle.com\/de\/wp-json\/wp\/v2\/media?parent=5129"}],"curies":[{"name":"wp","href":"https:\/\/api.w.org\/{rel}","templated":true}]}}