{"id":5099,"date":"2024-07-27T03:21:38","date_gmt":"2024-07-27T03:21:38","guid":{"rendered":"https:\/\/balibestmotorcycle.com\/?page_id=5099"},"modified":"2024-08-02T09:58:09","modified_gmt":"2024-08-02T09:58:09","slug":"mieten-sie-einen-daihatsu-gran-max-campervan-auf-bali-der-perfekte-inselbegleiter","status":"publish","type":"page","link":"https:\/\/balibestmotorcycle.com\/de\/mieten-sie-einen-daihatsu-gran-max-campervan-auf-bali-der-perfekte-inselbegleiter","title":{"rendered":"Mieten Sie einen Daihatsu Gran Max Campervan auf Bali: Der perfekte Inselbegleiter"},"content":{"rendered":"<p><\/p><h3 class=\"wp-block-heading\"><strong>Fahrzeughistorie und \u00dcbersicht<\/strong><\/h3><p>Der&nbsp;&nbsp;<strong>Daihatsu Gran Max<\/strong>&nbsp;&nbsp;ist ein vielseitiges leichtes Nutzfahrzeug, das seit Ende 2007 vom japanischen Automobilhersteller Daihatsu produziert wird. Seit 2008 wird er auch als&nbsp;&nbsp;<strong>Toyota LiteAce<\/strong>&nbsp;&nbsp;und&nbsp;&nbsp;<strong>Toyota TownAce<\/strong>&nbsp;&nbsp;und seit 2020 als&nbsp;&nbsp;<strong>Mazda Bongo<\/strong>&nbsp;&nbsp;in Japan umbenannt. Der unter der Leitung des Chefingenieurs Masaharu Tezeni entwickelte Gran Max ersetzte den in die Jahre gekommenen Zebra Espass in Indonesien und den Perodua Rusa in Malaysia.<\/p><h3 class=\"wp-block-heading\"><strong>Spezifikationen<\/strong><\/h3><ul class=\"wp-block-list\"><li><strong>Motor<\/strong>\u00a0: Der Gran Max wird von einem 1,5-l-3SZ-VE-4-Zylinder-16-Ventil-DOHC-Motor mit DVVT-Technologie angetrieben, der hohe Drehzahlen und eine effiziente Leistungsabgabe bietet.<\/li>\n\n<li><strong>Getriebe<\/strong>\u00a0: Sowohl mit manuellem als auch mit automatischem Getriebe erh\u00e4ltlich.<\/li>\n\n<li><strong>Ma\u00dfe<\/strong>\u00a0:<ul class=\"wp-block-list\"><li>L\u00e4nge: 4.045\u20134.065 mm (Transporter\/Kastenwagen) | 4.195\u20134.295 mm (LKW\/Pickup)<\/li>\n\n<li>Breite: 1.665 mm (Transporter) | 1.665\u20131.675 mm (LKW\/Pickup)<\/li>\n\n<li>H\u00f6he: 1.900\u20131.930 mm (Transporter\/Kastenwagen) | 1.850\u20132.070 mm (LKW\/Pickup)<\/li>\n\n<li>Bodenfreiheit: 165 mm (Transporter\/Kleintransporter) | 175 mm (LKW\/Pickup)<\/li><\/ul><\/li><\/ul><h3 class=\"wp-block-heading\"><strong>Bewerbung auf Bali<\/strong><\/h3><p>Der Gran Max ist die ideale Wahl f\u00fcr Balis abwechslungsreiches Gel\u00e4nde und den pulsierenden Lebensstil:<\/p><ul class=\"wp-block-list\"><li><strong>Tourismus<\/strong>\u00a0: Entdecken Sie Balis verborgene Sch\u00e4tze, von unber\u00fchrten Str\u00e4nden bis zu \u00fcppigen Reisfeldern, mit dem Gran Max als Ihrem treuen Begleiter.<\/li>\n\n<li><strong>Surf-Abenteuer<\/strong>\u00a0: Packen Sie Ihre Bretter ein und st\u00fcrzen Sie sich in die Wellen \u2013 Ihre Ausr\u00fcstung findet in der ger\u00e4umigen Heckkabine Platz.<\/li>\n\n<li><strong>Inselh\u00fcpfen<\/strong>\u00a0: Entdecken Sie bezaubernde W\u00e4lder, zauberhafte Str\u00e4nde und lernen Sie die wunderbaren Menschen Balis kennen.<\/li>\n\n<li><strong>Regenerativer Tourismus<\/strong>\u00a0: Daihatsu tr\u00e4gt zur lokalen Entwicklung bei, f\u00f6rdert Nachhaltigkeit und unterst\u00fctzt lokale Gemeinschaften.<\/li><\/ul>","protected":false},"excerpt":{"rendered":"<p>Fahrzeughistorie und \u00dcbersicht Der&nbsp;&nbsp;Daihatsu Gran Max&nbsp;&nbsp;ist ein vielseitiges leichtes Nutzfahrzeug, das seit Ende 2007 vom japanischen Automobilhersteller Daihatsu produziert wird. Seit 2008 wird er auch als&nbsp;&nbsp;Toyota LiteAce&nbsp;&nbsp;und&nbsp;&nbsp;Toyota TownAce&nbsp;&nbsp;und seit 2020 als&nbsp;&nbsp;Mazda Bongo&nbsp;&nbsp;in Japan umbenannt. Der unter der Leitung des Chefingenieurs Masaharu Tezeni entwickelte Gran Max ersetzte den in die Jahre gekommenen Zebra Espass in Indonesien&hellip;&nbsp;<a href=\"https:\/\/balibestmotorcycle.com\/de\/mieten-sie-einen-daihatsu-gran-max-campervan-auf-bali-der-perfekte-inselbegleiter\" class=\"\" rel=\"bookmark\">Weiterlesen &raquo;<span class=\"screen-reader-text\">Mieten Sie einen Daihatsu Gran Max Campervan auf Bali: Der perfekte Inselbegleiter<\/span><\/a><\/p>\n","protected":false},"author":1,"featured_media":0,"parent":0,"menu_order":0,"comment_status":"closed","ping_status":"closed","template":"","meta":{"neve_meta_sidebar":"","neve_meta_container":"","neve_meta_enable_content_width":"","neve_meta_content_width":0,"neve_meta_title_alignment":"","neve_meta_author_avatar":"","neve_post_elements_order":"","neve_meta_disable_header":"","neve_meta_disable_footer":"","neve_meta_disable_title":"","_ti_tpc_template_sync":false,"_ti_tpc_template_id":"","footnotes":""},"class_list":["post-5099","page","type-page","status-publish","hentry"],"_links":{"self":[{"href":"https:\/\/balibestmotorcycle.com\/de\/wp-json\/wp\/v2\/pages\/5099","targetHints":{"allow":["GET"]}}],"collection":[{"href":"https:\/\/balibestmotorcycle.com\/de\/wp-json\/wp\/v2\/pages"}],"about":[{"href":"https:\/\/balibestmotorcycle.com\/de\/wp-json\/wp\/v2\/types\/page"}],"author":[{"embeddable":true,"href":"https:\/\/balibestmotorcycle.com\/de\/wp-json\/wp\/v2\/users\/1"}],"replies":[{"embeddable":true,"href":"https:\/\/balibestmotorcycle.com\/de\/wp-json\/wp\/v2\/comments?post=5099"}],"version-history":[{"count":1,"href":"https:\/\/balibestmotorcycle.com\/de\/wp-json\/wp\/v2\/pages\/5099\/revisions"}],"predecessor-version":[{"id":5100,"href":"https:\/\/balibestmotorcycle.com\/de\/wp-json\/wp\/v2\/pages\/5099\/revisions\/5100"}],"wp:attachment":[{"href":"https:\/\/balibestmotorcycle.com\/de\/wp-json\/wp\/v2\/media?parent=5099"}],"curies":[{"name":"wp","href":"https:\/\/api.w.org\/{rel}","templated":true}]}}