{"id":5055,"date":"2024-07-27T04:08:46","date_gmt":"2024-07-27T04:08:46","guid":{"rendered":"https:\/\/balibestmotorcycle.com\/?page_id=5055"},"modified":"2024-08-02T08:13:23","modified_gmt":"2024-08-02T08:13:23","slug":"einfache-motorradtour-von-bali-nach-surakarta","status":"publish","type":"page","link":"https:\/\/balibestmotorcycle.com\/de\/einfache-motorradtour-von-bali-nach-surakarta","title":{"rendered":"Einfache Motorradtour von Bali nach Surakarta"},"content":{"rendered":"<p><\/p><h3 class=\"wp-block-heading\"><strong>Einf\u00fchrung<\/strong><\/h3><p>Bali, die Insel der G\u00f6tter, ist f\u00fcr ihre atemberaubenden Str\u00e4nde, ihre lebendige Kultur und ihr \u00fcppiges Gr\u00fcn bekannt. Doch jenseits der Touristenattraktionen liegt eine epische Motorradroute, die Sie von Balis wundersch\u00f6ner K\u00fcste ins Herz Javas f\u00fchrt. Schnall dich an, lass den Motor aufheulen und lass uns die weniger befahrene Stra\u00dfe erkunden!<\/p><h3 class=\"wp-block-heading\"><strong>Die Route<\/strong><\/h3><p>Unsere Reise beginnt auf Bali, wo Sie bei vertrauensw\u00fcrdigen Anbietern ein Motorrad (Yamaha Scorpio 225, Yamaha Nmax 155 oder Honda Vario 125) mieten k\u00f6nnen. Diese Motorr\u00e4der sind mit vielseitigen Gep\u00e4cktr\u00e4gern, USB-Ladeger\u00e4ten und GPS-Halterungen ausgestattet. Verhandeln Sie die Kosten im Voraus, um eine reibungslose Fahrt sicherzustellen.<\/p><ol class=\"wp-block-list\"><li><strong>Von Bali zu den Reisterrassen von Jatiluwih (ca. 60 Meilen)<\/strong><ul class=\"wp-block-list\"><li>Verlassen Sie Canggu und fahren Sie Richtung Norden zu den zum UNESCO-Weltkulturerbe geh\u00f6renden Reisfeldern von Jatiluwih. Die kurvenreichen Stra\u00dfen f\u00fchren durch traditionelle D\u00f6rfer, in denen Hindutempel und freche Affen auf Sie warten.<\/li>\n\n<li>Tipp: Fotografieren Sie die smaragdgr\u00fcnen Reisfelder vor der Kulisse des Bergs Batukaru.<\/li><\/ul><\/li>\n\n<li><strong>Reise nach Belimbing (ca. 80 Meilen)<\/strong><ul class=\"wp-block-list\"><li>Weiter geht es Richtung Westen nach Belimbing, das an den H\u00e4ngen des Mount Batukaru liegt. Freuen Sie sich auf \u00fcppige Regenw\u00e4lder, malerische D\u00f6rfer und atemberaubende Ausblicke.<\/li>\n\n<li>Tipp: Erkunden Sie unterwegs den Sangeh-Affenwald und seinen alten Tempel.<\/li><\/ul><\/li>\n\n<li><strong>Bali nach Yogyakarta (Java)<\/strong><ul class=\"wp-block-list\"><li>\u00dcberqueren Sie die Balistra\u00dfe mit der F\u00e4hre nach Java. Die Fahrt von Bali nach Yogyakarta bietet abwechslungsreiche Landschaften, von Vulkangipfeln bis hin zu ruhiger Landschaft.<\/li>\n\n<li>Tipp: Besuchen Sie den beeindruckenden Borobudur-Tempel in der N\u00e4he von Yogyakarta.<\/li><\/ul><\/li><\/ol><h3 class=\"wp-block-heading\"><strong>Richtlinien f\u00fcr die Fahrt<\/strong><\/h3><ul class=\"wp-block-list\"><li><strong>Wetter und Gel\u00e4nde<\/strong>\u00a0: Aufgrund des tropischen Klimas auf Bali regnet es gelegentlich. Packen Sie also eine leichte Regenjacke ein. Die Stra\u00dfen variieren von glattem Asphalt bis zu holprigen Pisten \u2013 seien Sie auf beides vorbereitet.<\/li>\n\n<li><strong>Sicherheit geht vor<\/strong>\u00a0: Tragen Sie einen Helm und Schutzkleidung und fahren Sie vorsichtig. Der Verkehr kann chaotisch sein, insbesondere in st\u00e4dtischen Gebieten.<\/li>\n\n<li><strong>Tankstopps<\/strong>\u00a0: Planen Sie Tankstopps auf dem Weg ein, da einige Abschnitte abgelegen sind.<\/li>\n\n<li><strong>Lokale K\u00fcche<\/strong>\u00a0: Genie\u00dfen Sie balinesische und javanische K\u00f6stlichkeiten in Warungs (kleinen Imbissen) am Stra\u00dfenrand.<\/li><\/ul><h3 class=\"wp-block-heading\"><strong>Erstaunliche Orte entlang des Weges<\/strong><\/h3><ol class=\"wp-block-list\"><li><strong>Reisterrassen von Jatiluwih<\/strong>\u00a0: Machen Sie Instagram-w\u00fcrdige Aufnahmen von den Reisterrassen.<\/li>\n\n<li><strong>Belimbing<\/strong>\u00a0: Erkunden Sie die \u00fcppigen Regenw\u00e4lder und genie\u00dfen Sie die Gastfreundschaft der Einheimischen.<\/li>\n\n<li><strong>Borobudur-Tempel<\/strong>\u00a0: Bewundern Sie den gr\u00f6\u00dften buddhistischen Tempelkomplex der Welt.<\/li>\n\n<li><strong>Nyang Nyang Beach<\/strong>\u00a0: Machen Sie einen Abstecher zu diesem unber\u00fchrten Strand mit t\u00fcrkisfarbenem Wasser.<\/li><\/ol><h3 class=\"wp-block-heading\"><strong>Abschluss<\/strong><\/h3><p>Die Motorradtour von Bali nach Surakarta ist nicht nur eine Reise, sondern ein Abenteuer, das in Erinnerung bleibt. Geben Sie also Gas, sp\u00fcren Sie den Wind in Ihren Haaren und lassen Sie sich von der Stra\u00dfe leiten.<img decoding=\"async\" src=\"https:\/\/s.w.org\/images\/core\/emoji\/15.0.3\/svg\/1f31f.svg\" alt=\"\ud83c\udf1f\" style=\"width: 20px;\" title=\"\"><img decoding=\"async\" src=\"https:\/\/s.w.org\/images\/core\/emoji\/15.0.3\/svg\/1f3cd.svg\" alt=\"\ud83c\udfcd\ufe0f\" style=\"width: 20px;\" title=\"\"><\/p><p>Denken Sie daran: Es geht nicht um das Ziel, sondern um die Fahrt selbst!<img decoding=\"async\" src=\"https:\/\/s.w.org\/images\/core\/emoji\/15.0.3\/svg\/1f304.svg\" alt=\"\ud83c\udf04\" style=\"width: 20px;\" title=\"\"><img decoding=\"async\" src=\"https:\/\/s.w.org\/images\/core\/emoji\/15.0.3\/svg\/2728.svg\" alt=\"\u2728\" style=\"width: 20px;\" title=\"\"><\/p>","protected":false},"excerpt":{"rendered":"<p>Einf\u00fchrung Bali, die Insel der G\u00f6tter, ist f\u00fcr ihre atemberaubenden Str\u00e4nde, ihre lebendige Kultur und ihr \u00fcppiges Gr\u00fcn bekannt. Doch jenseits der Touristenattraktionen liegt eine epische Motorradroute, die Sie von Balis wundersch\u00f6ner K\u00fcste ins Herz Javas f\u00fchrt. Schnall dich an, lass den Motor aufheulen und lass uns die weniger befahrene Stra\u00dfe erkunden! Die Route Unsere&hellip;&nbsp;<a href=\"https:\/\/balibestmotorcycle.com\/de\/einfache-motorradtour-von-bali-nach-surakarta\" class=\"\" rel=\"bookmark\">Weiterlesen &raquo;<span class=\"screen-reader-text\">Einfache Motorradtour von Bali nach Surakarta<\/span><\/a><\/p>\n","protected":false},"author":1,"featured_media":0,"parent":0,"menu_order":0,"comment_status":"closed","ping_status":"closed","template":"","meta":{"neve_meta_sidebar":"","neve_meta_container":"","neve_meta_enable_content_width":"","neve_meta_content_width":0,"neve_meta_title_alignment":"","neve_meta_author_avatar":"","neve_post_elements_order":"","neve_meta_disable_header":"","neve_meta_disable_footer":"","neve_meta_disable_title":"","_ti_tpc_template_sync":false,"_ti_tpc_template_id":"","footnotes":""},"class_list":["post-5055","page","type-page","status-publish","hentry"],"_links":{"self":[{"href":"https:\/\/balibestmotorcycle.com\/de\/wp-json\/wp\/v2\/pages\/5055","targetHints":{"allow":["GET"]}}],"collection":[{"href":"https:\/\/balibestmotorcycle.com\/de\/wp-json\/wp\/v2\/pages"}],"about":[{"href":"https:\/\/balibestmotorcycle.com\/de\/wp-json\/wp\/v2\/types\/page"}],"author":[{"embeddable":true,"href":"https:\/\/balibestmotorcycle.com\/de\/wp-json\/wp\/v2\/users\/1"}],"replies":[{"embeddable":true,"href":"https:\/\/balibestmotorcycle.com\/de\/wp-json\/wp\/v2\/comments?post=5055"}],"version-history":[{"count":1,"href":"https:\/\/balibestmotorcycle.com\/de\/wp-json\/wp\/v2\/pages\/5055\/revisions"}],"predecessor-version":[{"id":5056,"href":"https:\/\/balibestmotorcycle.com\/de\/wp-json\/wp\/v2\/pages\/5055\/revisions\/5056"}],"wp:attachment":[{"href":"https:\/\/balibestmotorcycle.com\/de\/wp-json\/wp\/v2\/media?parent=5055"}],"curies":[{"name":"wp","href":"https:\/\/api.w.org\/{rel}","templated":true}]}}