{"id":5045,"date":"2024-07-27T03:10:17","date_gmt":"2024-07-27T03:10:17","guid":{"rendered":"https:\/\/balibestmotorcycle.com\/?page_id=5045"},"modified":"2024-08-02T08:05:03","modified_gmt":"2024-08-02T08:05:03","slug":"mieten-sie-einen-nissan-evalia-campervan-auf-bali-entdecken-sie-die-insel-mit-freiheit","status":"publish","type":"page","link":"https:\/\/balibestmotorcycle.com\/de\/mieten-sie-einen-nissan-evalia-campervan-auf-bali-entdecken-sie-die-insel-mit-freiheit","title":{"rendered":"Mieten Sie einen Nissan Evalia Campervan auf Bali: Entdecken Sie die Insel mit Freiheit"},"content":{"rendered":"<p><\/p><h3 class=\"wp-block-heading\"><strong>Fahrzeughistorie und Spezifikationen<\/strong><\/h3><p>Der&nbsp;&nbsp;<strong>NISSAN EVALIA CAMPERVAN<\/strong>&nbsp;&nbsp;ist ein vielseitiges Fahrzeug, das die Zweckm\u00e4\u00dfigkeit eines Vans mit der Freiheit eines Wohnmobils kombiniert. Hier erfahren Sie, was Sie wissen m\u00fcssen:<\/p><ol class=\"wp-block-list\"><li><strong>Geschichte<\/strong>\u00a0:<ul class=\"wp-block-list\"><li>Der\u00a0\u00a0<strong>NISSAN EVALIA<\/strong>\u00a0\u00a0(auch bekannt als\u00a0\u00a0<strong>Elektro-Van e-NV200<\/strong>\u00a0) ist weltweit eine beliebte Wahl f\u00fcr Wohnmobilumbauten.<\/li>\n\n<li>Es basiert auf der Plattform des Nissan NV200, der erstmals als\u00a0\u00a0<strong>NV200 Concept<\/strong>\u00a0\u00a0auf der Tokyo Motor Show 2007 vorgestellt wurde.<\/li>\n\n<li>Die Elektroversion,\u00a0\u00a0<strong>e-NV200<\/strong>\u00a0, verf\u00fcgt \u00fcber eine 40-kWh-Batterie mit einer Reichweite von bis zu 280 km.<\/li><\/ul><\/li>\n\n<li><strong>Spezifikationen<\/strong>\u00a0:<ul class=\"wp-block-list\"><li><strong>Abmessungen<\/strong>\u00a0: Der\u00a0\u00a0<strong>NISSAN EVALIA CAMPERVAN<\/strong>\u00a0\u00a0hat eine L\u00e4nge von ca. 4.400\u20134.410 mm, eine Breite von 1.695 mm und eine H\u00f6he von 1.855\u20131.885 mm.<\/li>\n\n<li><strong>Layout<\/strong>\u00a0: Frontmotor, Frontantrieb.<\/li>\n\n<li><strong>Antriebsstrangoptionen<\/strong>\u00a0:<ul class=\"wp-block-list\"><li>Benzin: 1,5 l HR15DE I4, 1,6 l HR16DE I4 oder 2,0 l MR20DE I4.<\/li>\n\n<li>Elektrisch: AC-Synchronmotor EM57 (e-NV200).<\/li><\/ul><\/li>\n\n<li><strong>Getriebe<\/strong>\u00a0: CVT, 4-Gang-Automatik oder 5\/6-Gang-Schaltgetriebe.<\/li>\n\n<li><strong>Innenausstattung<\/strong>\u00a0: Die Ausstattung des Wohnmobils umfasst alles, was Sie f\u00fcr einen komfortablen Urlaub ben\u00f6tigen, egal ob Kurztrip oder l\u00e4ngeres Abenteuer.<\/li><\/ul><\/li><\/ol><h3 class=\"wp-block-heading\"><strong>Bewerbung auf Bali<\/strong><\/h3><ul class=\"wp-block-list\"><li><ul class=\"wp-block-list\"><li>Entdecken Sie die authentische, unber\u00fchrte Seite Balis.<\/li>\n\n<li>Entdecken Sie versteckte, magische Str\u00e4nde, verzauberte W\u00e4lder und unber\u00fchrte Reisfelder.<\/li>\n\n<li>Wachen Sie unter dem Sternenhimmel in den H\u00fcgeln oder Bergen auf.<\/li>\n\n<li>Unterst\u00fctzen Sie die lokale Wirtschaft, indem Sie weniger bekannte Orte erkunden.<\/li><\/ul><\/li><\/ul>","protected":false},"excerpt":{"rendered":"<p>Fahrzeughistorie und Spezifikationen Der&nbsp;&nbsp;NISSAN EVALIA CAMPERVAN&nbsp;&nbsp;ist ein vielseitiges Fahrzeug, das die Zweckm\u00e4\u00dfigkeit eines Vans mit der Freiheit eines Wohnmobils kombiniert. Hier erfahren Sie, was Sie wissen m\u00fcssen: Bewerbung auf Bali<\/p>\n","protected":false},"author":1,"featured_media":0,"parent":0,"menu_order":0,"comment_status":"closed","ping_status":"closed","template":"","meta":{"neve_meta_sidebar":"","neve_meta_container":"","neve_meta_enable_content_width":"","neve_meta_content_width":0,"neve_meta_title_alignment":"","neve_meta_author_avatar":"","neve_post_elements_order":"","neve_meta_disable_header":"","neve_meta_disable_footer":"","neve_meta_disable_title":"","_ti_tpc_template_sync":false,"_ti_tpc_template_id":"","footnotes":""},"class_list":["post-5045","page","type-page","status-publish","hentry"],"_links":{"self":[{"href":"https:\/\/balibestmotorcycle.com\/de\/wp-json\/wp\/v2\/pages\/5045","targetHints":{"allow":["GET"]}}],"collection":[{"href":"https:\/\/balibestmotorcycle.com\/de\/wp-json\/wp\/v2\/pages"}],"about":[{"href":"https:\/\/balibestmotorcycle.com\/de\/wp-json\/wp\/v2\/types\/page"}],"author":[{"embeddable":true,"href":"https:\/\/balibestmotorcycle.com\/de\/wp-json\/wp\/v2\/users\/1"}],"replies":[{"embeddable":true,"href":"https:\/\/balibestmotorcycle.com\/de\/wp-json\/wp\/v2\/comments?post=5045"}],"version-history":[{"count":1,"href":"https:\/\/balibestmotorcycle.com\/de\/wp-json\/wp\/v2\/pages\/5045\/revisions"}],"predecessor-version":[{"id":5046,"href":"https:\/\/balibestmotorcycle.com\/de\/wp-json\/wp\/v2\/pages\/5045\/revisions\/5046"}],"wp:attachment":[{"href":"https:\/\/balibestmotorcycle.com\/de\/wp-json\/wp\/v2\/media?parent=5045"}],"curies":[{"name":"wp","href":"https:\/\/api.w.org\/{rel}","templated":true}]}}