{"id":5014,"date":"2024-07-26T15:42:53","date_gmt":"2024-07-26T15:42:53","guid":{"rendered":"https:\/\/balibestmotorcycle.com\/?page_id=5014"},"modified":"2024-08-02T07:45:08","modified_gmt":"2024-08-02T07:45:08","slug":"mieten-sie-ein-honda-z-bike-monkey-bike-auf-bali-ein-miniatur-wunder","status":"publish","type":"page","link":"https:\/\/balibestmotorcycle.com\/de\/mieten-sie-ein-honda-z-bike-monkey-bike-auf-bali-ein-miniatur-wunder","title":{"rendered":"Mieten Sie ein Honda Z-Bike (Monkey Bike) auf Bali: Ein Miniatur-Wunder"},"content":{"rendered":"<p><\/p><h3 class=\"wp-block-heading\"><strong>Geschichte und Urspr\u00fcnge<\/strong><\/h3><p>Die Honda Z-Serie, liebevoll \u201eMonkey Bike\u201c genannt, hat ihre Wurzeln im Honda Z100-Prototyp von 1961. Urspr\u00fcnglich als Kinderfahrgesch\u00e4ft im japanischen Vergn\u00fcgungspark Tama Tech konzipiert, entwickelte es sich schnell zu einem beliebten Minibike. Das Monkey Bike erhielt seinen skurrilen Spitznamen, weil die Fahrer ein bisschen wie verspielte Affen aussahen, w\u00e4hrend sie auf diesen winzigen Zweir\u00e4dern herumflitzten.<\/p><h3 class=\"wp-block-heading\"><strong>Spezifikationen<\/strong><\/h3><ul class=\"wp-block-list\"><li><strong>Motor<\/strong>\u00a0: Das Monkey Bike verf\u00fcgt \u00fcber einen 49-cm\u00b3-Viertaktmotor mit obenliegender Nockenwelle (OHC). Dieses kompakte Triebwerk liefert rund 4,5 PS (3,4 kW).<\/li>\n\n<li><strong>Getriebe<\/strong>\u00a0: Je nach Modell finden Sie entweder ein halbautomatisches Getriebe mit Fliehkraftkupplung oder eine herk\u00f6mmliche Handschaltkupplung, gepaart mit einem Drei- oder Vierganggetriebe.<\/li>\n\n<li><strong>Federung<\/strong>\u00a0: Fr\u00fche Monkey-Bikes hatten keine Federung, sp\u00e4tere Modelle hatten jedoch Vorder- und Hinterradfederung f\u00fcr eine ruhigere Fahrt.<\/li>\n\n<li><strong>R\u00e4der<\/strong>\u00a0: Die urspr\u00fcnglichen Monkey-Bikes rollten auf 3,5 x 5 Zoll gro\u00dfen R\u00e4dern, w\u00e4hrend sp\u00e4tere Versionen gr\u00f6\u00dfere 3,5 x 8 Zoll gro\u00dfe R\u00e4der hatten.<\/li><\/ul><h3 class=\"wp-block-heading\"><strong>Bewerbung auf Bali<\/strong><\/h3><p>Auf Bali ist das Monkey Bike zu einer charmanten Ikone geworden. So wird es verwendet:<\/p><ol class=\"wp-block-list\"><li><strong>Erkundung<\/strong>\u00a0: Touristen und Einheimische mieten gleicherma\u00dfen Monkey Bikes, um Balis landschaftliche Sch\u00f6nheit zu erkunden. Mit diesen wendigen Maschinen k\u00f6nnen die Fahrer durch enge Gassen flitzen, verborgene Sch\u00e4tze entdecken und in die lebendige Kultur der Insel eintauchen.<\/li>\n\n<li><strong>Komfort<\/strong>\u00a0: Angesichts der Verkehrsstaus auf Bali ist die kompakte Gr\u00f6\u00dfe des Monkey Bikes ein Segen. Das Man\u00f6vrieren durch \u00fcberf\u00fcllte Gebiete und das Finden von Parkpl\u00e4tzen ist ein Kinderspiel.<\/li>\n\n<li><strong>Spa\u00dffaktor<\/strong>\u00a0: Das Fahren mit einem Monkey Bike ist ein Abenteuer f\u00fcr sich. Egal, ob Sie an der K\u00fcste entlangfahren oder durch \u00fcppige Reisterrassen schl\u00e4ngeln, das Erlebnis ist pure Freude.<\/li><\/ol><h3 class=\"wp-block-heading\"><\/h3><p>Egal, ob Sie ein erfahrener Radfahrer oder ein neugieriger Reisender sind: Eine Fahrt mit einem Monkey Bike auf Bali verspricht eine wunderbare und unvergessliche Reise&nbsp;&nbsp;<a href=\"https:\/\/en.wikipedia.org\/wiki\/Honda_Z_series\" target=\"_blank\" rel=\"noopener\"><\/a>.<\/p><p>Erkunden Sie die Insel auf zwei R\u00e4dern und m\u00f6gen Ihre Abenteuer so verspielt sein wie das Monkey Bike selbst!<img decoding=\"async\" src=\"https:\/\/s.w.org\/images\/core\/emoji\/15.0.3\/svg\/1f435.svg\" alt=\"\ud83d\udc35\" style=\"width: 20px;\" title=\"\"><img decoding=\"async\" src=\"https:\/\/s.w.org\/images\/core\/emoji\/15.0.3\/svg\/1f680.svg\" alt=\"\ud83d\ude80\" style=\"width: 20px;\" title=\"\"><\/p>","protected":false},"excerpt":{"rendered":"<p>Geschichte und Urspr\u00fcnge Die Honda Z-Serie, liebevoll \u201eMonkey Bike\u201c genannt, hat ihre Wurzeln im Honda Z100-Prototyp von 1961. Urspr\u00fcnglich als Kinderfahrgesch\u00e4ft im japanischen Vergn\u00fcgungspark Tama Tech konzipiert, entwickelte es sich schnell zu einem beliebten Minibike. Das Monkey Bike erhielt seinen skurrilen Spitznamen, weil die Fahrer ein bisschen wie verspielte Affen aussahen, w\u00e4hrend sie auf diesen&hellip;&nbsp;<a href=\"https:\/\/balibestmotorcycle.com\/de\/mieten-sie-ein-honda-z-bike-monkey-bike-auf-bali-ein-miniatur-wunder\" class=\"\" rel=\"bookmark\">Weiterlesen &raquo;<span class=\"screen-reader-text\">Mieten Sie ein Honda Z-Bike (Monkey Bike) auf Bali: Ein Miniatur-Wunder<\/span><\/a><\/p>\n","protected":false},"author":1,"featured_media":0,"parent":0,"menu_order":0,"comment_status":"closed","ping_status":"closed","template":"","meta":{"neve_meta_sidebar":"","neve_meta_container":"","neve_meta_enable_content_width":"","neve_meta_content_width":0,"neve_meta_title_alignment":"","neve_meta_author_avatar":"","neve_post_elements_order":"","neve_meta_disable_header":"","neve_meta_disable_footer":"","neve_meta_disable_title":"","_ti_tpc_template_sync":false,"_ti_tpc_template_id":"","footnotes":""},"class_list":["post-5014","page","type-page","status-publish","hentry"],"_links":{"self":[{"href":"https:\/\/balibestmotorcycle.com\/de\/wp-json\/wp\/v2\/pages\/5014","targetHints":{"allow":["GET"]}}],"collection":[{"href":"https:\/\/balibestmotorcycle.com\/de\/wp-json\/wp\/v2\/pages"}],"about":[{"href":"https:\/\/balibestmotorcycle.com\/de\/wp-json\/wp\/v2\/types\/page"}],"author":[{"embeddable":true,"href":"https:\/\/balibestmotorcycle.com\/de\/wp-json\/wp\/v2\/users\/1"}],"replies":[{"embeddable":true,"href":"https:\/\/balibestmotorcycle.com\/de\/wp-json\/wp\/v2\/comments?post=5014"}],"version-history":[{"count":1,"href":"https:\/\/balibestmotorcycle.com\/de\/wp-json\/wp\/v2\/pages\/5014\/revisions"}],"predecessor-version":[{"id":5015,"href":"https:\/\/balibestmotorcycle.com\/de\/wp-json\/wp\/v2\/pages\/5014\/revisions\/5015"}],"wp:attachment":[{"href":"https:\/\/balibestmotorcycle.com\/de\/wp-json\/wp\/v2\/media?parent=5014"}],"curies":[{"name":"wp","href":"https:\/\/api.w.org\/{rel}","templated":true}]}}