{"id":5006,"date":"2024-07-27T02:37:29","date_gmt":"2024-07-27T02:37:29","guid":{"rendered":"https:\/\/balibestmotorcycle.com\/?page_id=5006"},"modified":"2024-08-02T07:39:45","modified_gmt":"2024-08-02T07:39:45","slug":"mieten-sie-honda-monkey-baja-in-bali","status":"publish","type":"page","link":"https:\/\/balibestmotorcycle.com\/de\/mieten-sie-honda-monkey-baja-in-bali","title":{"rendered":"Mieten Sie Honda Monkey Baja in Bali"},"content":{"rendered":"<p><\/p><h2 class=\"wp-block-heading\">Eine kurze Geschichte<\/h2><p>Der Honda Monkey Baja ist eine verspielte und vom Offroad-Einsatz inspirierte Version des legend\u00e4ren Honda Monkey. Seine Wurzeln reichen zur\u00fcck bis zur legend\u00e4ren&nbsp;&nbsp;<strong>Rallye Paris-Dakar<\/strong>&nbsp;, bei der Honda mit seinem NXR750 bemerkenswerte Erfolge erzielte. 1986 skizzierten Honda-Designer eine Miniaturnachbildung des NXR750 und nannten sie scherzhaft&nbsp;&nbsp;<strong>\u201eMonkey Dakar\u201c.<\/strong>&nbsp;&nbsp;Aus dieser Skizze entwickelte sich schlie\u00dflich der Monkey Baja, der 1991 offiziell auf den Markt kam.<\/p><h2 class=\"wp-block-heading\"><strong>Spezifikationen und Funktionen<\/strong><\/h2><ul class=\"wp-block-list\"><li><strong>Motor:<\/strong>\u00a0\u00a0Der Monkey Baja wird von einem kompakten 110-cm\u00b3-Motor angetrieben und bietet zuverl\u00e4ssige Leistung sowohl f\u00fcr Abenteuer auf der Stra\u00dfe als auch im Gel\u00e4nde.<\/li>\n\n<li><strong>Design:<\/strong>\u00a0\u00a0Inspiriert von den Offroad-Rennr\u00e4dern der Baja-Reihe verf\u00fcgt die Monkey Baja \u00fcber Doppelscheinwerfer, Kn\u00f6chelsch\u00fctzer und ein markantes Tankdesign. Sie ist eine Hommage an den rauen Geist des W\u00fcstenrennens.<\/li>\n\n<li><strong>Gewicht:<\/strong>\u00a0\u00a0Mit einem Gewicht von 59 kg (Trockengewicht) ist der Monkey Baja leichter als das Monkey-Basismodell und daher wendig und vielseitig.<\/li>\n\n<li><strong>Tankinhalt:<\/strong>\u00a0\u00a0Der Kraftstofftank des Monkey Baja fasst 4 Liter und sorgt so f\u00fcr einen sparsamen Kraftstoffverbrauch bei Ihren Bali-Erkundungen.<\/li><\/ul><h2 class=\"wp-block-heading\"><strong>Bewerbung auf Bali<\/strong><\/h2><ul class=\"wp-block-list\"><li><strong>Erkundung:<\/strong>\u00a0\u00a0Wenn Sie auf Bali eine Honda Monkey Baja mieten, k\u00f6nnen Sie die verborgenen Sch\u00e4tze der Insel erkunden, von \u00fcppigen Reisterrassen bis zu unber\u00fchrten Str\u00e4nden.<\/li>\n\n<li><strong>Einfaches Man\u00f6vrieren:<\/strong>\u00a0\u00a0Seine kompakte Gr\u00f6\u00dfe und Gel\u00e4ndeg\u00e4ngigkeit machen es perfekt f\u00fcr die Navigation durch Balis enge Stra\u00dfen, gewundene Wege und malerische Pfade.<\/li>\n\n<li><strong>Eintauchen in die Kultur:<\/strong>\u00a0\u00a0Fahren Sie durch traditionelle D\u00f6rfer, interagieren Sie mit den Einheimischen und erleben Sie Balis reiche Kultur hautnah.<\/li>\n\n<li><strong>Umweltfreundlich:<\/strong>\u00a0\u00a0Mit seinem kraftstoffsparenden Motor minimiert der Monkey Baja die Umweltbelastung und maximiert gleichzeitig das Abenteuer.<\/li><\/ul>","protected":false},"excerpt":{"rendered":"<p>Eine kurze Geschichte Der Honda Monkey Baja ist eine verspielte und vom Offroad-Einsatz inspirierte Version des legend\u00e4ren Honda Monkey. Seine Wurzeln reichen zur\u00fcck bis zur legend\u00e4ren&nbsp;&nbsp;Rallye Paris-Dakar&nbsp;, bei der Honda mit seinem NXR750 bemerkenswerte Erfolge erzielte. 1986 skizzierten Honda-Designer eine Miniaturnachbildung des NXR750 und nannten sie scherzhaft&nbsp;&nbsp;\u201eMonkey Dakar\u201c.&nbsp;&nbsp;Aus dieser Skizze entwickelte sich schlie\u00dflich der Monkey&hellip;&nbsp;<a href=\"https:\/\/balibestmotorcycle.com\/de\/mieten-sie-honda-monkey-baja-in-bali\" class=\"\" rel=\"bookmark\">Weiterlesen &raquo;<span class=\"screen-reader-text\">Mieten Sie Honda Monkey Baja in Bali<\/span><\/a><\/p>\n","protected":false},"author":1,"featured_media":0,"parent":0,"menu_order":0,"comment_status":"closed","ping_status":"closed","template":"","meta":{"neve_meta_sidebar":"","neve_meta_container":"","neve_meta_enable_content_width":"","neve_meta_content_width":0,"neve_meta_title_alignment":"","neve_meta_author_avatar":"","neve_post_elements_order":"","neve_meta_disable_header":"","neve_meta_disable_footer":"","neve_meta_disable_title":"","_ti_tpc_template_sync":false,"_ti_tpc_template_id":"","footnotes":""},"class_list":["post-5006","page","type-page","status-publish","hentry"],"_links":{"self":[{"href":"https:\/\/balibestmotorcycle.com\/de\/wp-json\/wp\/v2\/pages\/5006","targetHints":{"allow":["GET"]}}],"collection":[{"href":"https:\/\/balibestmotorcycle.com\/de\/wp-json\/wp\/v2\/pages"}],"about":[{"href":"https:\/\/balibestmotorcycle.com\/de\/wp-json\/wp\/v2\/types\/page"}],"author":[{"embeddable":true,"href":"https:\/\/balibestmotorcycle.com\/de\/wp-json\/wp\/v2\/users\/1"}],"replies":[{"embeddable":true,"href":"https:\/\/balibestmotorcycle.com\/de\/wp-json\/wp\/v2\/comments?post=5006"}],"version-history":[{"count":1,"href":"https:\/\/balibestmotorcycle.com\/de\/wp-json\/wp\/v2\/pages\/5006\/revisions"}],"predecessor-version":[{"id":5007,"href":"https:\/\/balibestmotorcycle.com\/de\/wp-json\/wp\/v2\/pages\/5006\/revisions\/5007"}],"wp:attachment":[{"href":"https:\/\/balibestmotorcycle.com\/de\/wp-json\/wp\/v2\/media?parent=5006"}],"curies":[{"name":"wp","href":"https:\/\/api.w.org\/{rel}","templated":true}]}}