{"id":4953,"date":"2024-07-27T03:56:00","date_gmt":"2024-07-27T03:56:00","guid":{"rendered":"https:\/\/balibestmotorcycle.com\/?page_id=4953"},"modified":"2024-08-02T05:36:22","modified_gmt":"2024-08-02T05:36:22","slug":"einfache-motorradtour-von-bali-nach-komodo-eine-motorrad-odyssee","status":"publish","type":"page","link":"https:\/\/balibestmotorcycle.com\/de\/einfache-motorradtour-von-bali-nach-komodo-eine-motorrad-odyssee","title":{"rendered":"Einfache Motorradtour von Bali nach Komodo: Eine Motorrad-Odyssee"},"content":{"rendered":"<p><\/p><h3 class=\"wp-block-heading\"><strong>1. Die Route und die Stra\u00dfenverh\u00e4ltnisse<\/strong><\/h3><ul class=\"wp-block-list\"><li><strong>Ausgangspunkt<\/strong>\u00a0: Balis Ngurah Rai International Airport (DPS) in Denpasar.<\/li>\n\n<li><strong>Ziel<\/strong>\u00a0: Flughafen Labuan Bajo (LBJ) auf der Insel Flores, das Tor zum Komodo-Nationalpark.<\/li>\n\n<li><strong>Reiseoptionen<\/strong>\u00a0:<ul class=\"wp-block-list\"><li><strong>Direktfl\u00fcge<\/strong>\u00a0: Am bequemsten ist ein Direktflug von Bali nach Labuan Bajo. Fluggesellschaften wie Garuda, Citilink, Lion Air, Batik Air, AirAsia und Wings Air bedienen diese Route. Der Flug dauert ungef\u00e4hr 1 Stunde und 15 Minuten.<\/li>\n\n<li><strong>\u00d6ffentliche Verkehrsmittel<\/strong>\u00a0: Eine lange und abenteuerliche Reise mit Bussen und F\u00e4hren. Rechnen Sie mit 24 bis 36 Stunden, atemberaubender Landschaft und Sprach\u00fcbungen mit Einheimischen.<\/li><\/ul><\/li><\/ul><h3 class=\"wp-block-heading\"><strong>2. Die landschaftlichen H\u00f6hepunkte<\/strong><\/h3><ul class=\"wp-block-list\"><li><strong>Komodo-Nationalpark<\/strong>\u00a0: Erkunden Sie die Insel Rinca, die Heimat der legend\u00e4ren Komodowarane, und sehen Sie diese faszinierenden Kreaturen in ihrem nat\u00fcrlichen Lebensraum.\u00a0\u00a0<a href=\"https:\/\/theglobalcurious.com\/bali-to-komodo-island\/\" target=\"_blank\" rel=\"noopener\">Verpassen Sie nicht die Zehntausenden Flughunde, die bei Sonnenuntergang die Insel Kalong verlassen<\/a>\u00a0.<\/li>\n\n<li><strong>Insel Padar<\/strong>\u00a0: Wandern Sie zum Aussichtspunkt und genie\u00dfen Sie den Panoramablick auf t\u00fcrkisfarbene Buchten und zerkl\u00fcftete K\u00fcsten.\u00a0\u00a0<a href=\"https:\/\/theglobalcurious.com\/bali-to-komodo-island\/\" target=\"_blank\" rel=\"noopener\">Es ist ein Paradies f\u00fcr Fotografen<\/a>\u00a0.<\/li>\n\n<li><strong>Vulkanische Landschaften<\/strong>\u00a0: Bestaunen Sie die vom Pazifischen Feuerring geformten Vulkanlandschaften, w\u00e4hrend Sie durch \u00fcppige Dschungel und unber\u00fchrte Str\u00e4nde fahren.<\/li><\/ul><h3 class=\"wp-block-heading\"><strong>3. Stra\u00dfenrichtlinien<\/strong><\/h3><ul class=\"wp-block-list\"><li><strong>F\u00e4hren<\/strong>\u00a0: Da die Insel Komodo nicht direkt \u00fcber die Stra\u00dfe erreichbar ist, nehmen Sie eine F\u00e4hre oder ein Boot von Labuan Bajo, um den Nationalpark zu erreichen.<\/li>\n\n<li><strong>Stra\u00dfenbedingungen<\/strong>\u00a0: Von gut ausgebauten Autobahnen bis hin zu schmalen, holprigen Stra\u00dfen.\u00a0\u00a0<a href=\"https:\/\/balibestmotorcycle.com\/riding-a-motorbike-from-bali-to-komodo\" target=\"_blank\" rel=\"noreferrer noopener\">Einige Abschnitte k\u00f6nnen sich im Bau befinden oder in schlechtem Zustand sein, insbesondere in abgelegenen Gebieten<\/a>\u00a0.<\/li><\/ul>","protected":false},"excerpt":{"rendered":"<p>1. Die Route und die Stra\u00dfenverh\u00e4ltnisse 2. Die landschaftlichen H\u00f6hepunkte 3. Stra\u00dfenrichtlinien<\/p>\n","protected":false},"author":1,"featured_media":0,"parent":0,"menu_order":0,"comment_status":"closed","ping_status":"closed","template":"","meta":{"neve_meta_sidebar":"","neve_meta_container":"","neve_meta_enable_content_width":"","neve_meta_content_width":0,"neve_meta_title_alignment":"","neve_meta_author_avatar":"","neve_post_elements_order":"","neve_meta_disable_header":"","neve_meta_disable_footer":"","neve_meta_disable_title":"","_ti_tpc_template_sync":false,"_ti_tpc_template_id":"","footnotes":""},"class_list":["post-4953","page","type-page","status-publish","hentry"],"_links":{"self":[{"href":"https:\/\/balibestmotorcycle.com\/de\/wp-json\/wp\/v2\/pages\/4953","targetHints":{"allow":["GET"]}}],"collection":[{"href":"https:\/\/balibestmotorcycle.com\/de\/wp-json\/wp\/v2\/pages"}],"about":[{"href":"https:\/\/balibestmotorcycle.com\/de\/wp-json\/wp\/v2\/types\/page"}],"author":[{"embeddable":true,"href":"https:\/\/balibestmotorcycle.com\/de\/wp-json\/wp\/v2\/users\/1"}],"replies":[{"embeddable":true,"href":"https:\/\/balibestmotorcycle.com\/de\/wp-json\/wp\/v2\/comments?post=4953"}],"version-history":[{"count":1,"href":"https:\/\/balibestmotorcycle.com\/de\/wp-json\/wp\/v2\/pages\/4953\/revisions"}],"predecessor-version":[{"id":4954,"href":"https:\/\/balibestmotorcycle.com\/de\/wp-json\/wp\/v2\/pages\/4953\/revisions\/4954"}],"wp:attachment":[{"href":"https:\/\/balibestmotorcycle.com\/de\/wp-json\/wp\/v2\/media?parent=4953"}],"curies":[{"name":"wp","href":"https:\/\/api.w.org\/{rel}","templated":true}]}}