{"id":4943,"date":"2024-07-27T03:52:22","date_gmt":"2024-07-27T03:52:22","guid":{"rendered":"https:\/\/balibestmotorcycle.com\/?page_id=4943"},"modified":"2024-08-02T05:30:02","modified_gmt":"2024-08-02T05:30:02","slug":"einfache-motorradtour-von-bali-nach-yogyakarta-ein-malerisches-abenteuer","status":"publish","type":"page","link":"https:\/\/balibestmotorcycle.com\/de\/einfache-motorradtour-von-bali-nach-yogyakarta-ein-malerisches-abenteuer","title":{"rendered":"Einfache Motorradtour von Bali nach Yogyakarta: Ein malerisches Abenteuer"},"content":{"rendered":"<p><\/p><h3 class=\"wp-block-heading\"><strong>Die Route<\/strong><\/h3><p>Die 1.100 Kilometer lange Reise von Bali nach Yogyakarta ist eine faszinierende Mischung aus K\u00fcstenstra\u00dfen, dichten Dschungeln und malerischen D\u00f6rfern. Hier ist, was Sie wissen m\u00fcssen:<\/p><ol class=\"wp-block-list\"><li><strong>Ausgangspunkt: Bali<\/strong><ul class=\"wp-block-list\"><li>Beginnen Sie Ihr Abenteuer auf Bali, der Insel der G\u00f6tter. Tanken Sie auf, \u00fcberpr\u00fcfen Sie Ihre Reifen und brechen Sie von Denpasar oder einem anderen geeigneten Ort auf.<\/li>\n\n<li>Die Route f\u00fchrt Sie durch \u00fcppige Reisterrassen, traditionelle D\u00f6rfer und K\u00fcstenklippen. Halten Sie Ihre Kamera bereit!<\/li><\/ul><\/li>\n\n<li><strong>Stra\u00dfenbedingungen und Richtlinien<\/strong><ul class=\"wp-block-list\"><li>Die Stra\u00dfenqualit\u00e4t ist unterschiedlich. Seien Sie also auf glatte Autobahnen, holprige Strecken und kurvenreiche Bergp\u00e4sse gefasst.<\/li>\n\n<li>Beachten Sie die Verkehrsregeln, tragen Sie Schutzkleidung und trinken Sie ausreichend. Sicherheit geht vor!<\/li><\/ul><\/li>\n\n<li><strong>Erstaunliche Orte entlang des Weges<\/strong><ul class=\"wp-block-list\"><li><strong>Mount Bromo<\/strong>\u00a0: Machen Sie einen Abstecher zu diesem au\u00dferirdischen Vulkan in Ost-Java. Erleben Sie den Sonnenaufgang \u00fcber der Caldera und fangen Sie die surreale Landschaft ein.<\/li>\n\n<li><strong>Ijen-Krater<\/strong>\u00a0: Erkunden Sie den t\u00fcrkisfarbenen Schwefelsee und schauen Sie Bergarbeitern bei der Arbeit zu. Es ist ein einmaliges Erlebnis!<\/li>\n\n<li><strong>Malang<\/strong>\u00a0: Eine charmante Stadt mit niederl\u00e4ndischer Kolonialarchitektur und lebendiger Stra\u00dfenkunst.<\/li>\n\n<li><strong>Prambanan-Tempel<\/strong>\u00a0: Bewundern Sie den alten Hindu-Tempelkomplex in der N\u00e4he von Yogyakarta.<\/li><\/ul><\/li>\n\n<li><strong>Yogyakarta: Das kulturelle Herz Javas<\/strong><ul class=\"wp-block-list\"><li>Ankunft in Yogyakarta, bekannt f\u00fcr sein reiches Kulturerbe, seine Kunst und seine javanischen Traditionen.<\/li>\n\n<li>Besuchen Sie den pr\u00e4chtigen Borobudur-Tempel bei Sonnenaufgang \u2013 eine UNESCO-Welterbest\u00e4tte.<\/li>\n\n<li>Erkunden Sie den Kraton, den Sultanspalast und die lebhafte Malioboro Street.<\/li><\/ul><\/li><\/ol>","protected":false},"excerpt":{"rendered":"<p>Die Route Die 1.100 Kilometer lange Reise von Bali nach Yogyakarta ist eine faszinierende Mischung aus K\u00fcstenstra\u00dfen, dichten Dschungeln und malerischen D\u00f6rfern. Hier ist, was Sie wissen m\u00fcssen:<\/p>\n","protected":false},"author":1,"featured_media":0,"parent":0,"menu_order":0,"comment_status":"closed","ping_status":"closed","template":"","meta":{"neve_meta_sidebar":"","neve_meta_container":"","neve_meta_enable_content_width":"","neve_meta_content_width":0,"neve_meta_title_alignment":"","neve_meta_author_avatar":"","neve_post_elements_order":"","neve_meta_disable_header":"","neve_meta_disable_footer":"","neve_meta_disable_title":"","_ti_tpc_template_sync":false,"_ti_tpc_template_id":"","footnotes":""},"class_list":["post-4943","page","type-page","status-publish","hentry"],"_links":{"self":[{"href":"https:\/\/balibestmotorcycle.com\/de\/wp-json\/wp\/v2\/pages\/4943","targetHints":{"allow":["GET"]}}],"collection":[{"href":"https:\/\/balibestmotorcycle.com\/de\/wp-json\/wp\/v2\/pages"}],"about":[{"href":"https:\/\/balibestmotorcycle.com\/de\/wp-json\/wp\/v2\/types\/page"}],"author":[{"embeddable":true,"href":"https:\/\/balibestmotorcycle.com\/de\/wp-json\/wp\/v2\/users\/1"}],"replies":[{"embeddable":true,"href":"https:\/\/balibestmotorcycle.com\/de\/wp-json\/wp\/v2\/comments?post=4943"}],"version-history":[{"count":1,"href":"https:\/\/balibestmotorcycle.com\/de\/wp-json\/wp\/v2\/pages\/4943\/revisions"}],"predecessor-version":[{"id":4944,"href":"https:\/\/balibestmotorcycle.com\/de\/wp-json\/wp\/v2\/pages\/4943\/revisions\/4944"}],"wp:attachment":[{"href":"https:\/\/balibestmotorcycle.com\/de\/wp-json\/wp\/v2\/media?parent=4943"}],"curies":[{"name":"wp","href":"https:\/\/api.w.org\/{rel}","templated":true}]}}