{"id":4933,"date":"2024-07-27T04:34:52","date_gmt":"2024-07-27T04:34:52","guid":{"rendered":"https:\/\/balibestmotorcycle.com\/?page_id=4933"},"modified":"2024-08-02T05:23:19","modified_gmt":"2024-08-02T05:23:19","slug":"die-besten-geschaefte-auf-bali-um-ein-standup-paddle-surf-sup-set-zu-mieten","status":"publish","type":"page","link":"https:\/\/balibestmotorcycle.com\/de\/die-besten-geschaefte-auf-bali-um-ein-standup-paddle-surf-sup-set-zu-mieten","title":{"rendered":"Die besten Gesch\u00e4fte auf Bali, um ein Standup Paddle Surf (SUP) Set zu mieten"},"content":{"rendered":"<p><\/p><h2 class=\"wp-block-heading\"><strong>1. Die besten Motorr\u00e4der auf Bali<\/strong><\/h2><ul class=\"wp-block-list\"><li><a href=\"http:\/\/balibestmotorcycle.com\/\" target=\"_blank\" rel=\"noreferrer noopener\">Standort: Gg. Toti, Padangsambian Klod, Kec. Bar Denpasar, Bali, 80361\u00a0<\/a><\/li>\n\n<li><strong>Warum sollten Sie sich f\u00fcr Bali Best Motorcycles entscheiden?<\/strong><ul class=\"wp-block-list\"><li>Bei Bali Best Motorcycles geht es nicht nur um Motorr\u00e4der! Sie bieten auch hochwertige SUP-Verleihe an.<\/li>\n\n<li>Wettbewerbsf\u00e4hige Preise und eine gro\u00dfe Auswahl an Boards.<\/li>\n\n<li>Freundliches und kompetentes Personal.<\/li>\n\n<li>Rundum-Service inklusive Versicherung, Kfz-Steuer und Wartung.<\/li>\n\n<li>Keine Anzahlung und flexibles Pay-as-you-go-Flexibilit\u00e4t.<\/li>\n\n<li>Unbegrenzter Wechsel auf andere Fahrr\u00e4der.<\/li>\n\n<li>Sie k\u00f6nnen jederzeit und ohne Verpflichtungen k\u00fcndigen.<\/li>\n\n<li>Genie\u00dfen Sie Ihr SUP-Abenteuer ohne Sorgen!<\/li><\/ul><\/li><\/ul><h2 class=\"wp-block-heading\"><strong>2. Vorrangiges Stand Up Paddle (SUP) Bali<\/strong><\/h2><ul class=\"wp-block-list\"><li><a href=\"https:\/\/translate.balibestmotorcycle.com\/\"><strong>Standort:<\/strong>\u00a0\u00a0Sanur und Kuta (in der N\u00e4he beliebter Str\u00e4nde)<\/a><\/li>\n\n<li><strong>Warum sollten Sie sich f\u00fcr Priority SUP Bali entscheiden?<\/strong><ul class=\"wp-block-list\"><li>Freundliches und professionelles Personal.<\/li>\n\n<li>Ausgezeichnete SUP-Boards zum Verleih verf\u00fcgbar.<\/li>\n\n<li>G\u00fcnstig in der N\u00e4he beliebter Str\u00e4nde gelegen.<\/li>\n\n<li>Perfekt f\u00fcr Anf\u00e4nger und erfahrene Paddler.<\/li><\/ul><\/li><\/ul>","protected":false},"excerpt":{"rendered":"<p>1. Die besten Motorr\u00e4der auf Bali 2. Vorrangiges Stand Up Paddle (SUP) Bali<\/p>\n","protected":false},"author":1,"featured_media":0,"parent":0,"menu_order":0,"comment_status":"closed","ping_status":"closed","template":"","meta":{"neve_meta_sidebar":"","neve_meta_container":"","neve_meta_enable_content_width":"","neve_meta_content_width":0,"neve_meta_title_alignment":"","neve_meta_author_avatar":"","neve_post_elements_order":"","neve_meta_disable_header":"","neve_meta_disable_footer":"","neve_meta_disable_title":"","_ti_tpc_template_sync":false,"_ti_tpc_template_id":"","footnotes":""},"class_list":["post-4933","page","type-page","status-publish","hentry"],"_links":{"self":[{"href":"https:\/\/balibestmotorcycle.com\/de\/wp-json\/wp\/v2\/pages\/4933","targetHints":{"allow":["GET"]}}],"collection":[{"href":"https:\/\/balibestmotorcycle.com\/de\/wp-json\/wp\/v2\/pages"}],"about":[{"href":"https:\/\/balibestmotorcycle.com\/de\/wp-json\/wp\/v2\/types\/page"}],"author":[{"embeddable":true,"href":"https:\/\/balibestmotorcycle.com\/de\/wp-json\/wp\/v2\/users\/1"}],"replies":[{"embeddable":true,"href":"https:\/\/balibestmotorcycle.com\/de\/wp-json\/wp\/v2\/comments?post=4933"}],"version-history":[{"count":1,"href":"https:\/\/balibestmotorcycle.com\/de\/wp-json\/wp\/v2\/pages\/4933\/revisions"}],"predecessor-version":[{"id":4934,"href":"https:\/\/balibestmotorcycle.com\/de\/wp-json\/wp\/v2\/pages\/4933\/revisions\/4934"}],"wp:attachment":[{"href":"https:\/\/balibestmotorcycle.com\/de\/wp-json\/wp\/v2\/media?parent=4933"}],"curies":[{"name":"wp","href":"https:\/\/api.w.org\/{rel}","templated":true}]}}