{"id":4915,"date":"2024-07-27T04:19:57","date_gmt":"2024-07-27T04:19:57","guid":{"rendered":"https:\/\/balibestmotorcycle.com\/?page_id=4915"},"modified":"2024-08-02T05:07:33","modified_gmt":"2024-08-02T05:07:33","slug":"die-besten-geschaefte-auf-bali-zur-montage-von-surfbrettern-auf-motorraedern","status":"publish","type":"page","link":"https:\/\/balibestmotorcycle.com\/de\/die-besten-geschaefte-auf-bali-zur-montage-von-surfbrettern-auf-motorraedern","title":{"rendered":"Die besten Gesch\u00e4fte auf Bali zur Montage von Surfbrettern auf Motorr\u00e4dern"},"content":{"rendered":"<p><\/p><h2 class=\"wp-block-heading\"><strong>1. Die besten Motorr\u00e4der auf Bali<\/strong><\/h2><ul class=\"wp-block-list\"><li><strong>Standort<\/strong>\u00a0: Gg. Toti, Padangsambian Klod, Kec. Denpasar Bar., Bali, 80361<\/li>\n\n<li><strong>\u00dcber<\/strong>\u00a0: Bali Best Motorcycles ist Ihr Shop f\u00fcr alles, was mit Surfen und Motorr\u00e4dern zu tun hat. Sie bieten eine gro\u00dfe Auswahl an Rollern und Motorr\u00e4dern mit Surf-Gep\u00e4cktr\u00e4gern. Egal, ob Sie ein erfahrener Surfer oder ein Anf\u00e4nger sind, das freundliche Personal hilft Ihnen, das perfekte Motorrad f\u00fcr Ihr Bali-Abenteuer zu finden. Au\u00dferdem stellen sie Ihnen zu Ihrer Sicherheit sorgf\u00e4ltig gereinigte Helme zur Verf\u00fcgung.<\/li><\/ul><h2 class=\"wp-block-heading\"><strong>2. BGS Bali<\/strong><\/h2><ul class=\"wp-block-list\"><li><strong>Standort<\/strong>\u00a0: Jl. Pantai Padang Padang, in der N\u00e4he von Suluban Beach \/ Single Fin, Pecatu, 80361, Bali<\/li>\n\n<li><strong>\u00dcber<\/strong>\u00a0: BGS Bali ist eine weitere hervorragende Option f\u00fcr Surfer. Ihre Gesch\u00e4fte bieten eine komplette Auswahl an Surfbrettern und Ausr\u00fcstung von Top-Marken wie Pyzel Surfboards, Sharpeye, Hayden Shapes, Brusco, Sympl und DHD Surfboards. Sie k\u00f6nnen hier einen Roller mit Surfbrett-Gep\u00e4cktr\u00e4ger mieten und Balis beste Surfspots erkunden.<\/li><\/ul><h2 class=\"wp-block-heading\"><strong>3. Bali Custom Bike Verleih<\/strong><\/h2><ul class=\"wp-block-list\"><li><strong>Standort<\/strong>\u00a0: Uluwatu, Bukit-Gebiet, Bali<\/li>\n\n<li><strong>\u00dcber<\/strong>\u00a0: Bali Custom Bike Rental vermietet individuell angepasste Fahrr\u00e4der und Roller. Sie haben eine sch\u00f6ne Auswahl der coolsten Fahrr\u00e4der auf Bali, komplett mit optionalem Surfbrett. Wenn Sie auf der Suche nach einem einzigartigen Fahrrad sind, sind Sie hier richtig.<\/li><\/ul>","protected":false},"excerpt":{"rendered":"<p>1. Die besten Motorr\u00e4der auf Bali 2. BGS Bali 3. Bali Custom Bike Verleih<\/p>\n","protected":false},"author":1,"featured_media":0,"parent":0,"menu_order":0,"comment_status":"closed","ping_status":"closed","template":"","meta":{"neve_meta_sidebar":"","neve_meta_container":"","neve_meta_enable_content_width":"","neve_meta_content_width":0,"neve_meta_title_alignment":"","neve_meta_author_avatar":"","neve_post_elements_order":"","neve_meta_disable_header":"","neve_meta_disable_footer":"","neve_meta_disable_title":"","_ti_tpc_template_sync":false,"_ti_tpc_template_id":"","footnotes":""},"class_list":["post-4915","page","type-page","status-publish","hentry"],"_links":{"self":[{"href":"https:\/\/balibestmotorcycle.com\/de\/wp-json\/wp\/v2\/pages\/4915","targetHints":{"allow":["GET"]}}],"collection":[{"href":"https:\/\/balibestmotorcycle.com\/de\/wp-json\/wp\/v2\/pages"}],"about":[{"href":"https:\/\/balibestmotorcycle.com\/de\/wp-json\/wp\/v2\/types\/page"}],"author":[{"embeddable":true,"href":"https:\/\/balibestmotorcycle.com\/de\/wp-json\/wp\/v2\/users\/1"}],"replies":[{"embeddable":true,"href":"https:\/\/balibestmotorcycle.com\/de\/wp-json\/wp\/v2\/comments?post=4915"}],"version-history":[{"count":1,"href":"https:\/\/balibestmotorcycle.com\/de\/wp-json\/wp\/v2\/pages\/4915\/revisions"}],"predecessor-version":[{"id":4916,"href":"https:\/\/balibestmotorcycle.com\/de\/wp-json\/wp\/v2\/pages\/4915\/revisions\/4916"}],"wp:attachment":[{"href":"https:\/\/balibestmotorcycle.com\/de\/wp-json\/wp\/v2\/media?parent=4915"}],"curies":[{"name":"wp","href":"https:\/\/api.w.org\/{rel}","templated":true}]}}