{"id":4905,"date":"2024-07-27T04:38:09","date_gmt":"2024-07-27T04:38:09","guid":{"rendered":"https:\/\/balibestmotorcycle.com\/?page_id=4905"},"modified":"2024-08-02T05:17:09","modified_gmt":"2024-08-02T05:17:09","slug":"die-besten-motorradverleihe-auf-bali-mit-echter-versicherung","status":"publish","type":"page","link":"https:\/\/balibestmotorcycle.com\/de\/die-besten-motorradverleihe-auf-bali-mit-echter-versicherung","title":{"rendered":"Die besten Motorradverleihe auf Bali mit echter Versicherung"},"content":{"rendered":"<p><\/p><h2 class=\"wp-block-heading\"><strong>1. Die besten Motorr\u00e4der auf Bali<\/strong><\/h2><p><strong>Standort:<\/strong>\u00a0\u00a0Gg. Toti, Padangsambian Klod, Kec. Denpasar Bar., Bali, 80361, Indonesien\u00a0\u00a0<strong>Telefon:<\/strong>\u00a0\u00a0+62 877-3554-4018\u00a0\u00a0<strong>Website:\u00a0<\/strong>\u00a0<a href=\"https:\/\/balibestmotorcycle.com\/\" target=\"_blank\" rel=\"noreferrer noopener\">Bali Best Motorcycle<\/a><\/p><p>Bali Best Motorcycles steht aus mehreren Gr\u00fcnden ganz oben auf unserer Liste. Sie bieten nicht nur eine gro\u00dfe Auswahl an Motorr\u00e4dern zu wettbewerbsf\u00e4higen Preisen, sondern auch echten Versicherungsschutz. Egal, ob Sie ein erfahrener Fahrer oder ein Anf\u00e4nger sind, Bali Best Motorcycles sorgt f\u00fcr Ihre Sicherheit und Ihren Seelenfrieden. Ihre Flotte umfasst beliebte Modelle wie Honda Scoopy, Honda Vario und Honda Beat. Au\u00dferdem sind ihre All-Inclusive-Monatsmietpl\u00e4ne ohne Mindestvertragslaufzeit erh\u00e4ltlich, sodass Sie problemlos fahren k\u00f6nnen.<\/p><h2 class=\"wp-block-heading\"><strong>2. MalaMadre Motorr\u00e4der<\/strong><\/h2><p><strong>Ort:<\/strong>&nbsp;&nbsp;Jl. Batu Bolong 5, Canggu, Bali, Indonesien&nbsp;&nbsp;<strong>Telefon:<\/strong>&nbsp;&nbsp;+62 812-3935-3202<\/p><p>MalaMadre Motorcycles bietet Vintage-inspirierte Motorr\u00e4der, die sorgf\u00e4ltig f\u00fcr moderne Entdecker gefertigt wurden. Ihre Kollektion umfasst stilvolle und zuverl\u00e4ssige Motorr\u00e4der, perfekt f\u00fcr abenteuerlustige Seelen. Obwohl sie Versicherungen nicht explizit erw\u00e4hnen, sprechen ihre hervorragenden Kundenbewertungen B\u00e4nde \u00fcber ihre Servicequalit\u00e4t.<\/p><h2 class=\"wp-block-heading\"><strong>3. Insel-Motorr\u00e4der<\/strong><\/h2><p><strong>Standort:<\/strong>&nbsp;&nbsp;Jalan Raya Uluwatu #15, Tuban, Bali, Indonesien&nbsp;&nbsp;<strong>Telefon:<\/strong>&nbsp;&nbsp;+62 813-3757-3726<\/p><p>Island Motorcycles bietet eine Vielzahl von Motorr\u00e4dern zum Mieten an. Obwohl sie keinen Versicherungsschutz anbieten, ist ihre gut gewartete Flotte auf unterschiedliche Fahrvorlieben zugeschnitten. Wenn Sie nach einem zuverl\u00e4ssigen Motorrad suchen, ist Island Motorcycles eine \u00dcberlegung wert.<\/p><h2 class=\"wp-block-heading\"><strong>4. Yadnya Motor Bali<\/strong><\/h2><p><strong>Standort:<\/strong>&nbsp;&nbsp;Jl Trengguli 9A Penatih, Denpasar, Bali, Indonesien&nbsp;&nbsp;<strong>Telefon:<\/strong>&nbsp;&nbsp;+62 812-3844-388<\/p><p>Yadnya Motor Bali bietet personalisierte Motorradvermietungen an. Obwohl Versicherungsdetails nicht explizit erw\u00e4hnt werden, machen ihre Flexibilit\u00e4t und ihr Engagement f\u00fcr die Kundenzufriedenheit sie zu einer brauchbaren Wahl.<\/p><p>Denken Sie daran, sich vor der Anmietung immer nach dem Versicherungsschutz zu erkundigen und das Fahrrad zu \u00fcberpr\u00fcfen. Viel Spa\u00df beim Fahren im wundersch\u00f6nen Bali!<img decoding=\"async\" src=\"https:\/\/s.w.org\/images\/core\/emoji\/15.0.3\/svg\/1f3cd.svg\" alt=\"\ud83c\udfcd\ufe0f\" style=\"width: 20px;\" title=\"\"><img decoding=\"async\" src=\"https:\/\/s.w.org\/images\/core\/emoji\/15.0.3\/svg\/1f334.svg\" alt=\"\ud83c\udf34\" style=\"width: 20px;\" title=\"\"><\/p>","protected":false},"excerpt":{"rendered":"<p>1. Die besten Motorr\u00e4der auf Bali Standort:\u00a0\u00a0Gg. Toti, Padangsambian Klod, Kec. Denpasar Bar., Bali, 80361, Indonesien\u00a0\u00a0Telefon:\u00a0\u00a0+62 877-3554-4018\u00a0\u00a0Website:\u00a0\u00a0Bali Best Motorcycle Bali Best Motorcycles steht aus mehreren Gr\u00fcnden ganz oben auf unserer Liste. Sie bieten nicht nur eine gro\u00dfe Auswahl an Motorr\u00e4dern zu wettbewerbsf\u00e4higen Preisen, sondern auch echten Versicherungsschutz. Egal, ob Sie ein erfahrener Fahrer oder ein&hellip;&nbsp;<a href=\"https:\/\/balibestmotorcycle.com\/de\/die-besten-motorradverleihe-auf-bali-mit-echter-versicherung\" class=\"\" rel=\"bookmark\">Weiterlesen &raquo;<span class=\"screen-reader-text\">Die besten Motorradverleihe auf Bali mit echter Versicherung<\/span><\/a><\/p>\n","protected":false},"author":1,"featured_media":0,"parent":0,"menu_order":0,"comment_status":"closed","ping_status":"closed","template":"","meta":{"neve_meta_sidebar":"","neve_meta_container":"","neve_meta_enable_content_width":"","neve_meta_content_width":0,"neve_meta_title_alignment":"","neve_meta_author_avatar":"","neve_post_elements_order":"","neve_meta_disable_header":"","neve_meta_disable_footer":"","neve_meta_disable_title":"","_ti_tpc_template_sync":false,"_ti_tpc_template_id":"","footnotes":""},"class_list":["post-4905","page","type-page","status-publish","hentry"],"_links":{"self":[{"href":"https:\/\/balibestmotorcycle.com\/de\/wp-json\/wp\/v2\/pages\/4905","targetHints":{"allow":["GET"]}}],"collection":[{"href":"https:\/\/balibestmotorcycle.com\/de\/wp-json\/wp\/v2\/pages"}],"about":[{"href":"https:\/\/balibestmotorcycle.com\/de\/wp-json\/wp\/v2\/types\/page"}],"author":[{"embeddable":true,"href":"https:\/\/balibestmotorcycle.com\/de\/wp-json\/wp\/v2\/users\/1"}],"replies":[{"embeddable":true,"href":"https:\/\/balibestmotorcycle.com\/de\/wp-json\/wp\/v2\/comments?post=4905"}],"version-history":[{"count":2,"href":"https:\/\/balibestmotorcycle.com\/de\/wp-json\/wp\/v2\/pages\/4905\/revisions"}],"predecessor-version":[{"id":4926,"href":"https:\/\/balibestmotorcycle.com\/de\/wp-json\/wp\/v2\/pages\/4905\/revisions\/4926"}],"wp:attachment":[{"href":"https:\/\/balibestmotorcycle.com\/de\/wp-json\/wp\/v2\/media?parent=4905"}],"curies":[{"name":"wp","href":"https:\/\/api.w.org\/{rel}","templated":true}]}}