{"id":4884,"date":"2024-07-27T04:13:52","date_gmt":"2024-07-27T04:13:52","guid":{"rendered":"https:\/\/balibestmotorcycle.com\/?page_id=4884"},"modified":"2024-08-02T01:57:34","modified_gmt":"2024-08-02T01:57:34","slug":"die-besten-wohnmobilstellplaetze-auf-bali","status":"publish","type":"page","link":"https:\/\/balibestmotorcycle.com\/de\/die-besten-wohnmobilstellplaetze-auf-bali","title":{"rendered":"Die besten Wohnmobilstellpl\u00e4tze auf Bali"},"content":{"rendered":"<p><\/p><h3 class=\"wp-block-heading\"><strong>1. Strand von Balian<\/strong><\/h3><ul class=\"wp-block-list\"><li><strong>Warum einen Besuch wert?:<\/strong>\u00a0Balian Beach bietet eine entspannte Atmosph\u00e4re, perfekt f\u00fcr Wohnmobil-Fans. Surfen Sie auf den Wellen, entspannen Sie auf dem schwarzen Sand und genie\u00dfen Sie den Sonnenuntergang.<img decoding=\"async\" src=\"https:\/\/s.w.org\/images\/core\/emoji\/15.0.3\/svg\/1f305.svg\" alt=\"\ud83c\udf05\" style=\"width: 20px;\" title=\"\"><img decoding=\"async\" src=\"https:\/\/s.w.org\/images\/core\/emoji\/15.0.3\/svg\/1f3c4-200d-2642-fe0f.svg\" alt=\"\ud83c\udfc4\u200d\u2642\ufe0f\" style=\"width: 20px;\" title=\"\"><\/li><\/ul><h3 class=\"wp-block-heading\"><strong>2. Bukit Surga (in der N\u00e4he von Jatiluwih)<\/strong><\/h3><ul class=\"wp-block-list\"><li><strong>Warum einen Besuch wert?:<\/strong>\u00a0Bukit Surga bietet atemberaubende Ausblicke auf terrassierte Reisfelder. Parken Sie Ihren Camper, machen Sie eine Wanderung und tauchen Sie ein in die nat\u00fcrliche Sch\u00f6nheit Balis.<img decoding=\"async\" src=\"https:\/\/s.w.org\/images\/core\/emoji\/15.0.3\/svg\/1f33e.svg\" alt=\"\ud83c\udf3e\" style=\"width: 20px;\" title=\"\"><img decoding=\"async\" src=\"https:\/\/s.w.org\/images\/core\/emoji\/15.0.3\/svg\/1f304.svg\" alt=\"\ud83c\udf04\" style=\"width: 20px;\" title=\"\"><\/li><\/ul><h3 class=\"wp-block-heading\"><strong>3. Medewi<\/strong><\/h3><ul class=\"wp-block-list\"><li><strong>Warum besuchen?:<\/strong>\u00a0Medewi ist ein Paradies f\u00fcr Surfer. Reiten Sie auf den Wellen, zelten Sie am Strand und genie\u00dfen Sie die Ruhe dieses versteckten Juwels.<img decoding=\"async\" src=\"https:\/\/s.w.org\/images\/core\/emoji\/15.0.3\/svg\/1f3c4-200d-2640-fe0f.svg\" alt=\"\ud83c\udfc4\u200d\u2640\ufe0f\" style=\"width: 20px;\" title=\"\"><img decoding=\"async\" src=\"https:\/\/s.w.org\/images\/core\/emoji\/15.0.3\/svg\/1f334.svg\" alt=\"\ud83c\udf34\" style=\"width: 20px;\" title=\"\"><\/li><\/ul><h3 class=\"wp-block-heading\"><strong>4. Bedugul-Gebiet<\/strong><\/h3><ul class=\"wp-block-list\"><li><strong>Warum einen Besuch wert?:<\/strong>\u00a0Bedugul bietet k\u00fchle Bergluft, ruhige Seen und den ikonischen Ulun Danu Beratan-Tempel. Perfekt f\u00fcr Picknicks und Erkundungen im Wohnmobil.<img decoding=\"async\" src=\"https:\/\/s.w.org\/images\/core\/emoji\/15.0.3\/svg\/1f3de.svg\" alt=\"\ud83c\udfde\ufe0f\" style=\"width: 20px;\" title=\"\"><img decoding=\"async\" src=\"https:\/\/s.w.org\/images\/core\/emoji\/15.0.3\/svg\/1f690.svg\" alt=\"\ud83d\ude90\" style=\"width: 20px;\" title=\"\"><\/li><\/ul><h3 class=\"wp-block-heading\"><strong>5. Gebiet des Mount Batur<\/strong><\/h3><ul class=\"wp-block-list\"><li><strong>Warum besuchen?:<\/strong>\u00a0Wachen Sie mit Blick auf den Sonnenaufgang von Ihrem Wohnmobil in der N\u00e4he des Mount Batur auf. Wandern Sie zum Gipfel f\u00fcr ein unvergessliches Erlebnis.<img decoding=\"async\" src=\"https:\/\/s.w.org\/images\/core\/emoji\/15.0.3\/svg\/1f304.svg\" alt=\"\ud83c\udf04\" style=\"width: 20px;\" title=\"\"><img decoding=\"async\" src=\"https:\/\/s.w.org\/images\/core\/emoji\/15.0.3\/svg\/1f525.svg\" alt=\"\ud83d\udd25\" style=\"width: 20px;\" title=\"\"><\/li><\/ul><p>Denken Sie daran: Sicherheit geht vor! Befolgen Sie die Stra\u00dfenverkehrsregeln, respektieren Sie die \u00f6rtlichen Gepflogenheiten und hinterlassen Sie keine Spuren. Halten Sie Erinnerungen fest, schreiben Sie Geschichten und lassen Sie sich von Balis Wohnmobilstellpl\u00e4tzen begeistern!<img decoding=\"async\" src=\"https:\/\/s.w.org\/images\/core\/emoji\/15.0.3\/svg\/1f4f8.svg\" alt=\"\ud83d\udcf8\" style=\"width: 20px;\" title=\"\"><img decoding=\"async\" src=\"https:\/\/s.w.org\/images\/core\/emoji\/15.0.3\/svg\/2764.svg\" alt=\"\u2764\ufe0f\" style=\"width: 20px;\" title=\"\"><\/p>","protected":false},"excerpt":{"rendered":"<p>1. Strand von Balian 2. Bukit Surga (in der N\u00e4he von Jatiluwih) 3. Medewi 4. Bedugul-Gebiet 5. Gebiet des Mount Batur Denken Sie daran: Sicherheit geht vor! Befolgen Sie die Stra\u00dfenverkehrsregeln, respektieren Sie die \u00f6rtlichen Gepflogenheiten und hinterlassen Sie keine Spuren. Halten Sie Erinnerungen fest, schreiben Sie Geschichten und lassen Sie sich von Balis Wohnmobilstellpl\u00e4tzen&hellip;&nbsp;<a href=\"https:\/\/balibestmotorcycle.com\/de\/die-besten-wohnmobilstellplaetze-auf-bali\" class=\"\" rel=\"bookmark\">Weiterlesen &raquo;<span class=\"screen-reader-text\">Die besten Wohnmobilstellpl\u00e4tze auf Bali<\/span><\/a><\/p>\n","protected":false},"author":1,"featured_media":0,"parent":0,"menu_order":0,"comment_status":"closed","ping_status":"closed","template":"","meta":{"neve_meta_sidebar":"","neve_meta_container":"","neve_meta_enable_content_width":"","neve_meta_content_width":0,"neve_meta_title_alignment":"","neve_meta_author_avatar":"","neve_post_elements_order":"","neve_meta_disable_header":"","neve_meta_disable_footer":"","neve_meta_disable_title":"","_ti_tpc_template_sync":false,"_ti_tpc_template_id":"","footnotes":""},"class_list":["post-4884","page","type-page","status-publish","hentry"],"_links":{"self":[{"href":"https:\/\/balibestmotorcycle.com\/de\/wp-json\/wp\/v2\/pages\/4884","targetHints":{"allow":["GET"]}}],"collection":[{"href":"https:\/\/balibestmotorcycle.com\/de\/wp-json\/wp\/v2\/pages"}],"about":[{"href":"https:\/\/balibestmotorcycle.com\/de\/wp-json\/wp\/v2\/types\/page"}],"author":[{"embeddable":true,"href":"https:\/\/balibestmotorcycle.com\/de\/wp-json\/wp\/v2\/users\/1"}],"replies":[{"embeddable":true,"href":"https:\/\/balibestmotorcycle.com\/de\/wp-json\/wp\/v2\/comments?post=4884"}],"version-history":[{"count":1,"href":"https:\/\/balibestmotorcycle.com\/de\/wp-json\/wp\/v2\/pages\/4884\/revisions"}],"predecessor-version":[{"id":4885,"href":"https:\/\/balibestmotorcycle.com\/de\/wp-json\/wp\/v2\/pages\/4884\/revisions\/4885"}],"wp:attachment":[{"href":"https:\/\/balibestmotorcycle.com\/de\/wp-json\/wp\/v2\/media?parent=4884"}],"curies":[{"name":"wp","href":"https:\/\/api.w.org\/{rel}","templated":true}]}}