{"id":4158,"date":"2024-05-27T13:11:59","date_gmt":"2024-05-27T13:11:59","guid":{"rendered":"https:\/\/balibestmotorcycle.com\/?page_id=4158"},"modified":"2024-07-20T09:41:33","modified_gmt":"2024-07-20T09:41:33","slug":"8-taegiger-roadtrip-auf-bali","status":"publish","type":"page","link":"https:\/\/balibestmotorcycle.com\/de\/8-taegiger-roadtrip-auf-bali","title":{"rendered":"8-t\u00e4giger Roadtrip auf Bali"},"content":{"rendered":"<p><\/p><p>Bali ist eine beeindruckende Insel, die spektakul\u00e4re Landschaften, eine reiche Kultur und unvergessliche Abenteuer bietet. Bei einem Roadtrip auf Bali k\u00f6nnen Sie die sch\u00f6nsten Ecken in Ihrem eigenen Tempo erkunden. Hier ist ein empfohlener Reisef\u00fchrer f\u00fcr einen Roadtrip auf Bali:<\/p><h3 class=\"wp-block-heading\">Tag 1: Ankunft und Ubud<\/h3><p><strong>Ankunft auf Bali:<\/strong>&nbsp;Kommen Sie am internationalen Flughafen Ngurah Rai in Denpasar an und holen Sie Ihren Mietwagen ab.<\/p><p><strong>Ubud:<\/strong>&nbsp;Fahren Sie nach Ubud, dem kulturellen Zentrum Balis. Erkunden Sie die Reisterrassen von Tegallalang, den Affenwald von Ubud und besuchen Sie den Palast von Ubud. Verbringen Sie die Nacht in einer charmanten Unterkunft in Ubud.<\/p><h3 class=\"wp-block-heading\">Tag 2: Ubud nach Kintamani<\/h3><p><strong>Reisterrassen von Tegallalang:<\/strong>&nbsp;Genie\u00dfen Sie die atemberaubende Aussicht auf die Reisterrassen.<\/p><p><strong>Kintamani:<\/strong>&nbsp;Fahren Sie nach Kintamani, um den majest\u00e4tischen Berg Batur und den Batur-See zu sehen. Entspannen Sie sich an den nat\u00fcrlichen hei\u00dfen Quellen von Batur. Verbringen Sie die Nacht in Kintamani.<\/p><h3 class=\"wp-block-heading\">Tag 3: Kintamani nach Lovina<\/h3><p><strong>Lake Batur:<\/strong>&nbsp;Genie\u00dfen Sie vor der Abreise einen letzten Blick auf den See.<\/p><p><strong>Lovina:<\/strong>&nbsp;Fahrt nach Lovina, bekannt f\u00fcr seine schwarzen Sandstr\u00e4nde und Delfinbeobachtungen. Verbringen Sie den Nachmittag am Strand und entspannen Sie sich. Unterkunft in Lovina.<\/p><h3 class=\"wp-block-heading\">Tag 4: Lovina nach Munduk<\/h3><p><strong>Delfine in Lovina:<\/strong>&nbsp;Stehen Sie fr\u00fch auf f\u00fcr eine Delfinbeobachtungstour.<\/p><p><strong>Munduk-Wasserf\u00e4lle:<\/strong>&nbsp;Fahren Sie nach Munduk und besuchen Sie die beeindruckenden Wasserf\u00e4lle. Genie\u00dfen Sie das k\u00fchle Klima und die \u00fcppige Vegetation. Verbringen Sie die Nacht in Munduk.<\/p><h3 class=\"wp-block-heading\">Tag 5: Munduk nach Bedugul<\/h3><p><strong>Bratan-See:<\/strong>&nbsp;Fahren Sie nach Bedugul und besuchen Sie den Ulun Danu Bratan-Tempel am Bratan-See.<\/p><p><strong>Botanischer Garten Bali:<\/strong>&nbsp;Erkunden Sie den Botanischen Garten Bali in Bedugul. Verbringen Sie die Nacht in Bedugul.<\/p><h3 class=\"wp-block-heading\">Tag 6: Bedugul nach Seminyak<\/h3><p><strong>Jatiluwih:<\/strong>&nbsp;Besuchen Sie die beeindruckenden Reisterrassen von Jatiluwih, eine UNESCO-Welterbest\u00e4tte.<\/p><p><strong>Seminyak:<\/strong>&nbsp;Fahren Sie nach Seminyak, bekannt f\u00fcr seine stilvollen Restaurants, Gesch\u00e4fte und sein Nachtleben. Genie\u00dfen Sie ein Abendessen am Strand. Verbringen Sie die Nacht in Seminyak.<\/p><h3 class=\"wp-block-heading\">Tag 7: Seminyak und Canggu<\/h3><p><strong>Seminyak:<\/strong>&nbsp;Entspannen Sie am Strand und erkunden Sie die \u00f6rtlichen Boutiquen.<\/p><p><strong>Canggu:<\/strong>&nbsp;Fahren Sie nach Canggu und genie\u00dfen Sie die lebhaften Caf\u00e9s und Surfstr\u00e4nde. Verbringen Sie die Nacht in Canggu.<\/p><h3 class=\"wp-block-heading\">Tag 8: Tanah Lot und zur\u00fcck<\/h3><p><strong>Tanah-Lot-Tempel:<\/strong>&nbsp;Besuchen Sie den ber\u00fchmten Tanah-Lot-Tempel, der besonders bei Sonnenuntergang sch\u00f6n ist.<\/p><p><strong>R\u00fcckkehr nach Denpasar:<\/strong>&nbsp;Fahren Sie zur\u00fcck nach Denpasar und bereiten Sie sich auf Ihren Abflug vor oder erkunden Sie Bali weiter.<\/p><h3 class=\"wp-block-heading\">Tipps f\u00fcr deinen Roadtrip auf Bali<\/h3><ol class=\"wp-block-list\"><li><strong>Sicherheit:<\/strong>\u00a0Tragen Sie immer einen Helm und beachten Sie die Verkehrsregeln. Fahren Sie vorsichtig, da die Stra\u00dfen eng und kurvenreich sein k\u00f6nnen.<\/li>\n\n<li><strong>Fahrzeugmiete:<\/strong>\u00a0Achten Sie darauf, ein Fahrzeug in gutem Zustand zu mieten und pr\u00fcfen Sie, ob eine Versicherung enthalten ist.<\/li>\n\n<li><strong>GPS und Karten:<\/strong>\u00a0Verwenden Sie ein GPS oder Offline-Karten, um auf der Insel zu navigieren.<\/li>\n\n<li><strong>Fl\u00fcssigkeitszufuhr und Snacks:<\/strong>\u00a0Nehmen Sie Wasser und Snacks mit, insbesondere bei l\u00e4ngeren Reisen.<\/li>\n\n<li><strong>Planung:<\/strong>\u00a0Buchen Sie Ihre Unterkunft rechtzeitig, insbesondere in beliebten Touristengebieten.<\/li><\/ol><p>Bei einem Roadtrip auf Bali k\u00f6nnen Sie die wahre Sch\u00f6nheit der Insel entdecken und unvergessliche Erinnerungen schaffen. Genie\u00dfen Sie Ihr Abenteuer auf Bali!<\/p>","protected":false},"excerpt":{"rendered":"<p>Bali ist eine beeindruckende Insel, die spektakul\u00e4re Landschaften, eine reiche Kultur und unvergessliche Abenteuer bietet. Bei einem Roadtrip auf Bali k\u00f6nnen Sie die sch\u00f6nsten Ecken in Ihrem eigenen Tempo erkunden. Hier ist ein empfohlener Reisef\u00fchrer f\u00fcr einen Roadtrip auf Bali: Tag 1: Ankunft und Ubud Ankunft auf Bali:&nbsp;Kommen Sie am internationalen Flughafen Ngurah Rai in&hellip;&nbsp;<a href=\"https:\/\/balibestmotorcycle.com\/de\/8-taegiger-roadtrip-auf-bali\" class=\"\" rel=\"bookmark\">Weiterlesen &raquo;<span class=\"screen-reader-text\">8-t\u00e4giger Roadtrip auf Bali<\/span><\/a><\/p>\n","protected":false},"author":1,"featured_media":0,"parent":0,"menu_order":0,"comment_status":"closed","ping_status":"closed","template":"","meta":{"neve_meta_sidebar":"","neve_meta_container":"","neve_meta_enable_content_width":"","neve_meta_content_width":0,"neve_meta_title_alignment":"","neve_meta_author_avatar":"","neve_post_elements_order":"","neve_meta_disable_header":"","neve_meta_disable_footer":"","neve_meta_disable_title":"","_ti_tpc_template_sync":false,"_ti_tpc_template_id":"","footnotes":""},"class_list":["post-4158","page","type-page","status-publish","hentry"],"_links":{"self":[{"href":"https:\/\/balibestmotorcycle.com\/de\/wp-json\/wp\/v2\/pages\/4158","targetHints":{"allow":["GET"]}}],"collection":[{"href":"https:\/\/balibestmotorcycle.com\/de\/wp-json\/wp\/v2\/pages"}],"about":[{"href":"https:\/\/balibestmotorcycle.com\/de\/wp-json\/wp\/v2\/types\/page"}],"author":[{"embeddable":true,"href":"https:\/\/balibestmotorcycle.com\/de\/wp-json\/wp\/v2\/users\/1"}],"replies":[{"embeddable":true,"href":"https:\/\/balibestmotorcycle.com\/de\/wp-json\/wp\/v2\/comments?post=4158"}],"version-history":[{"count":1,"href":"https:\/\/balibestmotorcycle.com\/de\/wp-json\/wp\/v2\/pages\/4158\/revisions"}],"predecessor-version":[{"id":4159,"href":"https:\/\/balibestmotorcycle.com\/de\/wp-json\/wp\/v2\/pages\/4158\/revisions\/4159"}],"wp:attachment":[{"href":"https:\/\/balibestmotorcycle.com\/de\/wp-json\/wp\/v2\/media?parent=4158"}],"curies":[{"name":"wp","href":"https:\/\/api.w.org\/{rel}","templated":true}]}}