{"id":4152,"date":"2023-06-19T00:50:11","date_gmt":"2023-06-19T00:50:11","guid":{"rendered":"https:\/\/balibestmotorcycle.com\/?page_id=4152"},"modified":"2024-07-20T09:37:18","modified_gmt":"2024-07-20T09:37:18","slug":"bali-motorrad-roadtrip","status":"publish","type":"page","link":"https:\/\/balibestmotorcycle.com\/de\/bali-motorrad-roadtrip","title":{"rendered":"Bali Motorrad Roadtrip"},"content":{"rendered":"<p><\/p><p>Bali ist ein wundersch\u00f6nes Reiseziel mit atemberaubenden Landschaften und die Erkundung der Insel mit dem Motorrad ist eine beliebte Art, die malerischen Stra\u00dfen zu erleben. Obwohl es auf Bali viele malerische Routen gibt, ist eine der sch\u00f6nsten Panoramastra\u00dfen f\u00fcr das Motorrad die Route von Ubud nach Kintamani. Hier ist ein vorgeschlagener Reiseplan:<\/p><ol class=\"wp-block-list\"><li>Beginnen Sie in Ubud: Ubud ist ein kulturelles Zentrum, das f\u00fcr sein \u00fcppiges Gr\u00fcn, seine traditionellen D\u00f6rfer und seine Kunstszene bekannt ist. Beginnen Sie Ihre Reise von hier aus.<\/li>\n\n<li>Reisterrassen von Tegallalang: Fahren Sie von Ubud nach Norden zu den Reisterrassen von Tegallalang. Dort finden Sie atemberaubende, in den Berghang gehauene Reisfelder. Die leuchtend gr\u00fcnen Landschaften bieten einen unvergesslichen Anblick.<\/li>\n\n<li>Mount Batur: Setzen Sie Ihre Reise nach Kintamani fort, wo Sie den Mount Batur finden. Dieser aktive Vulkan bietet atemberaubende Ausblicke auf seine Caldera und den umliegenden See. Fahren Sie entlang der kurvenreichen Stra\u00dfen, die zum Aussichtspunkt f\u00fchren, und genie\u00dfen Sie die malerische Sch\u00f6nheit.<\/li>\n\n<li>Nat\u00fcrliche hei\u00dfe Quellen von Batur: Nachdem Sie die Aussicht auf den Berg Batur genossen haben, entspannen Sie sich in den nat\u00fcrlichen hei\u00dfen Quellen von Batur. Eingebettet in einen \u00fcppigen tropischen Garten bieten diese hei\u00dfen Quellen erholsame Thermalb\u00e4der mit atemberaubender Aussicht auf die umliegenden Berge.<\/li>\n\n<li>Lake Batur: Von den hei\u00dfen Quellen aus geht es weiter zum Lake Batur. Dieser gro\u00dfe Vulkansee ist von malerischen Landschaften umgeben und Sie k\u00f6nnen an verschiedenen Aussichtspunkten anhalten, um die Sch\u00f6nheit des Sees und der Berge einzufangen.<\/li>\n\n<li>R\u00fcckkehr nach Ubud: Nachdem Sie die malerischen Orte rund um Kintamani erkundet haben, machen Sie sich auf den R\u00fcckweg nach Ubud. Sie k\u00f6nnen entweder dieselbe Route zur\u00fcckverfolgen oder eine alternative Stra\u00dfe w\u00e4hlen, um noch mehr von Balis malerischer Landschaft zu erleben.<\/li><\/ol><p>Denken Sie daran, dass die Sicherheit beim Motorradfahren auf Bali oberste Priorit\u00e4t hat. Tragen Sie einen Helm, befolgen Sie die Verkehrsregeln und seien Sie auf den Stra\u00dfen vorsichtig. Informieren Sie sich au\u00dferdem vor Ihrer Reise \u00fcber die Stra\u00dfenverh\u00e4ltnisse und das Wetter, um eine reibungslose und angenehme Fahrt zu gew\u00e4hrleisten.<\/p><figure class=\"wp-block-image\"><img fetchpriority=\"high\" decoding=\"async\" width=\"1280\" height=\"1875\" src=\"http:\/\/balibestmotorcycle.com\/wp-content\/uploads\/2023\/04\/Biannual.png\" alt=\"\" class=\"wp-image-335\" title=\"\" srcset=\"https:\/\/balibestmotorcycle.com\/wp-content\/uploads\/2023\/04\/Biannual.png 1280w, https:\/\/balibestmotorcycle.com\/wp-content\/uploads\/2023\/04\/Biannual-600x879.png 600w, https:\/\/balibestmotorcycle.com\/wp-content\/uploads\/2023\/04\/Biannual-205x300.png 205w, https:\/\/balibestmotorcycle.com\/wp-content\/uploads\/2023\/04\/Biannual-699x1024.png 699w, https:\/\/balibestmotorcycle.com\/wp-content\/uploads\/2023\/04\/Biannual-768x1125.png 768w, https:\/\/balibestmotorcycle.com\/wp-content\/uploads\/2023\/04\/Biannual-1049x1536.png 1049w\" sizes=\"(max-width: 1280px) 100vw, 1280px\" \/><\/figure>","protected":false},"excerpt":{"rendered":"<p>Bali ist ein wundersch\u00f6nes Reiseziel mit atemberaubenden Landschaften und die Erkundung der Insel mit dem Motorrad ist eine beliebte Art, die malerischen Stra\u00dfen zu erleben. Obwohl es auf Bali viele malerische Routen gibt, ist eine der sch\u00f6nsten Panoramastra\u00dfen f\u00fcr das Motorrad die Route von Ubud nach Kintamani. Hier ist ein vorgeschlagener Reiseplan: Denken Sie daran,&hellip;&nbsp;<a href=\"https:\/\/balibestmotorcycle.com\/de\/bali-motorrad-roadtrip\" class=\"\" rel=\"bookmark\">Weiterlesen &raquo;<span class=\"screen-reader-text\">Bali Motorrad Roadtrip<\/span><\/a><\/p>\n","protected":false},"author":1,"featured_media":0,"parent":0,"menu_order":0,"comment_status":"closed","ping_status":"closed","template":"","meta":{"neve_meta_sidebar":"","neve_meta_container":"","neve_meta_enable_content_width":"","neve_meta_content_width":0,"neve_meta_title_alignment":"","neve_meta_author_avatar":"","neve_post_elements_order":"","neve_meta_disable_header":"","neve_meta_disable_footer":"","neve_meta_disable_title":"","_ti_tpc_template_sync":false,"_ti_tpc_template_id":"","footnotes":""},"class_list":["post-4152","page","type-page","status-publish","hentry"],"_links":{"self":[{"href":"https:\/\/balibestmotorcycle.com\/de\/wp-json\/wp\/v2\/pages\/4152","targetHints":{"allow":["GET"]}}],"collection":[{"href":"https:\/\/balibestmotorcycle.com\/de\/wp-json\/wp\/v2\/pages"}],"about":[{"href":"https:\/\/balibestmotorcycle.com\/de\/wp-json\/wp\/v2\/types\/page"}],"author":[{"embeddable":true,"href":"https:\/\/balibestmotorcycle.com\/de\/wp-json\/wp\/v2\/users\/1"}],"replies":[{"embeddable":true,"href":"https:\/\/balibestmotorcycle.com\/de\/wp-json\/wp\/v2\/comments?post=4152"}],"version-history":[{"count":1,"href":"https:\/\/balibestmotorcycle.com\/de\/wp-json\/wp\/v2\/pages\/4152\/revisions"}],"predecessor-version":[{"id":4153,"href":"https:\/\/balibestmotorcycle.com\/de\/wp-json\/wp\/v2\/pages\/4152\/revisions\/4153"}],"wp:attachment":[{"href":"https:\/\/balibestmotorcycle.com\/de\/wp-json\/wp\/v2\/media?parent=4152"}],"curies":[{"name":"wp","href":"https:\/\/api.w.org\/{rel}","templated":true}]}}