{"id":4146,"date":"2023-09-14T01:34:21","date_gmt":"2023-09-14T01:34:21","guid":{"rendered":"https:\/\/balibestmotorcycle.com\/?page_id=4146"},"modified":"2024-07-20T09:32:09","modified_gmt":"2024-07-20T09:32:09","slug":"motorradvermietung-auf-bali","status":"publish","type":"page","link":"https:\/\/balibestmotorcycle.com\/de\/motorradvermietung-auf-bali","title":{"rendered":"Motorradvermietung auf Bali"},"content":{"rendered":"<p><\/p><p>Sind Sie bereit, Bali wie nie zuvor zu erleben? Bei Bali Best Motorcycle bieten wir Ihnen die Schl\u00fcssel, um das volle Potenzial dieser wundersch\u00f6nen Insel auszusch\u00f6pfen. Egal, ob Sie ein erfahrener Fahrer oder ein Anf\u00e4nger sind, unser erstklassiger Motorradverleih ist Ihr Tor zu Balis atemberaubenden Landschaften, Kultur und verborgenen Sch\u00e4tzen.<\/p><p><strong>Warum uns w\u00e4hlen?<\/strong><\/p><p><img decoding=\"async\" src=\"https:\/\/s.w.org\/images\/core\/emoji\/15.0.3\/svg\/1f3cd.svg\" alt=\"\ud83c\udfcd\ufe0f\" style=\"width: 20px;\" title=\"\">\u00a0<strong>Vielf\u00e4ltige Flotte<\/strong>\u00a0: Treffen Sie Ihre Wahl aus unserer umfangreichen Auswahl an sorgf\u00e4ltig gewarteten Motorr\u00e4dern. Von wendigen Rollern bis hin zu leistungsstarken Cruisern haben wir f\u00fcr jeden Reisetyp das perfekte Gef\u00e4hrt.<\/p><p><img decoding=\"async\" src=\"https:\/\/s.w.org\/images\/core\/emoji\/15.0.3\/svg\/1f4b0.svg\" alt=\"\ud83d\udcb0\" style=\"width: 20px;\" title=\"\">\u00a0<strong>Erschwinglichkeit<\/strong>\u00a0: Wir glauben, dass Abenteuer f\u00fcr alle zug\u00e4nglich sein sollten. Unsere wettbewerbsf\u00e4higen Preise stellen sicher, dass Sie das Beste aus Ihrem Bali-Erlebnis herausholen.<\/p><p><img decoding=\"async\" src=\"https:\/\/s.w.org\/images\/core\/emoji\/15.0.3\/svg\/1f6e1.svg\" alt=\"\ud83d\udee1\ufe0f\" style=\"width: 20px;\" title=\"\">\u00a0<strong>Sicherheit geht vor<\/strong>\u00a0: Ihre Sicherheit hat f\u00fcr uns oberste Priorit\u00e4t. Unsere Fahrr\u00e4der werden regelm\u00e4\u00dfig gewartet, damit Sie w\u00e4hrend der gesamten Fahrt zuverl\u00e4ssig und unbesorgt unterwegs sind.<\/p><p><img decoding=\"async\" src=\"https:\/\/s.w.org\/images\/core\/emoji\/15.0.3\/svg\/1f4cd.svg\" alt=\"\ud83d\udccd\" style=\"width: 20px;\" title=\"\">\u00a0<strong>Komfort<\/strong>\u00a0: Mit mehreren strategisch \u00fcber ganz Bali verteilten Abhol- und R\u00fcckgabestationen ist das Mieten bei uns unglaublich bequem. Wir sind da, wo Sie uns brauchen.<\/p><p><img decoding=\"async\" src=\"https:\/\/s.w.org\/images\/core\/emoji\/15.0.3\/svg\/1f30d.svg\" alt=\"\ud83c\udf0d\" style=\"width: 20px;\" title=\"\">\u00a0<strong>Ortskenntnis<\/strong>\u00a0: Unser Team freundlicher Ortskundiger gibt gerne Insidertipps mit Ihnen weiter und hilft Ihnen, die verborgenen Sch\u00e4tze Balis zu entdecken und das Beste aus Ihrem Besuch zu machen.<\/p><p><img decoding=\"async\" src=\"https:\/\/s.w.org\/images\/core\/emoji\/15.0.3\/svg\/1f512.svg\" alt=\"\ud83d\udd12\" style=\"width: 20px;\" title=\"\">\u00a0<strong>Optionale Extras<\/strong>\u00a0: Verbessern Sie Ihre Fahrt mit unserer Palette an optionalen Extras, darunter Helme, GPS und mehr, um Ihr Abenteuer an Ihre W\u00fcnsche anzupassen.<\/p><p><img decoding=\"async\" src=\"https:\/\/s.w.org\/images\/core\/emoji\/15.0.3\/svg\/1f4f1.svg\" alt=\"\ud83d\udcf1\" style=\"width: 20px;\" title=\"\">\u00a0<strong>Online-Buchung<\/strong>\u00a0: Optimieren Sie Ihr Miet-Erlebnis, indem Sie im Voraus online buchen. So sparen Sie Zeit und k\u00f6nnen sicher sein, dass Ihr Wunschfahrrad bereitsteht und auf Sie wartet.<\/p><p>Beginnen Sie Ihr Bali-Abenteuer noch heute mit uns!<\/p><p>Genie\u00dfen Sie die Freiheit der offenen Stra\u00dfe und erkunden Sie Bali auf Ihre Weise mit Bali Motorbike Rentals. Entdecken Sie die Magie dieses Inselparadieses bei jeder Fahrt.<img decoding=\"async\" src=\"https:\/\/s.w.org\/images\/core\/emoji\/15.0.3\/svg\/1f31e.svg\" alt=\"\ud83c\udf1e\" style=\"width: 20px;\" title=\"\"><img decoding=\"async\" src=\"https:\/\/s.w.org\/images\/core\/emoji\/15.0.3\/svg\/1f3cd.svg\" alt=\"\ud83c\udfcd\ufe0f\" style=\"width: 20px;\" title=\"\"><\/p><h3 class=\"wp-block-heading\">BaliMotorbikeRentals #EntdeckenSieBali #FahrenImParadies #BaliAdventures #InselErkundung<\/h3><figure class=\"wp-block-image size-large\"><img decoding=\"async\" src=\"https:\/\/balibestmotorcycle.com\/wp-content\/uploads\/2023\/07\/Biannual-1.png\" alt=\"\" title=\"\"><\/figure>","protected":false},"excerpt":{"rendered":"<p>Sind Sie bereit, Bali wie nie zuvor zu erleben? Bei Bali Best Motorcycle bieten wir Ihnen die Schl\u00fcssel, um das volle Potenzial dieser wundersch\u00f6nen Insel auszusch\u00f6pfen. Egal, ob Sie ein erfahrener Fahrer oder ein Anf\u00e4nger sind, unser erstklassiger Motorradverleih ist Ihr Tor zu Balis atemberaubenden Landschaften, Kultur und verborgenen Sch\u00e4tzen. Warum uns w\u00e4hlen? \u00a0Vielf\u00e4ltige Flotte\u00a0:&hellip;&nbsp;<a href=\"https:\/\/balibestmotorcycle.com\/de\/motorradvermietung-auf-bali\" class=\"\" rel=\"bookmark\">Weiterlesen &raquo;<span class=\"screen-reader-text\">Motorradvermietung auf Bali<\/span><\/a><\/p>\n","protected":false},"author":1,"featured_media":0,"parent":0,"menu_order":0,"comment_status":"closed","ping_status":"closed","template":"","meta":{"neve_meta_sidebar":"","neve_meta_container":"","neve_meta_enable_content_width":"","neve_meta_content_width":0,"neve_meta_title_alignment":"","neve_meta_author_avatar":"","neve_post_elements_order":"","neve_meta_disable_header":"","neve_meta_disable_footer":"","neve_meta_disable_title":"","_ti_tpc_template_sync":false,"_ti_tpc_template_id":"","footnotes":""},"class_list":["post-4146","page","type-page","status-publish","hentry"],"_links":{"self":[{"href":"https:\/\/balibestmotorcycle.com\/de\/wp-json\/wp\/v2\/pages\/4146","targetHints":{"allow":["GET"]}}],"collection":[{"href":"https:\/\/balibestmotorcycle.com\/de\/wp-json\/wp\/v2\/pages"}],"about":[{"href":"https:\/\/balibestmotorcycle.com\/de\/wp-json\/wp\/v2\/types\/page"}],"author":[{"embeddable":true,"href":"https:\/\/balibestmotorcycle.com\/de\/wp-json\/wp\/v2\/users\/1"}],"replies":[{"embeddable":true,"href":"https:\/\/balibestmotorcycle.com\/de\/wp-json\/wp\/v2\/comments?post=4146"}],"version-history":[{"count":1,"href":"https:\/\/balibestmotorcycle.com\/de\/wp-json\/wp\/v2\/pages\/4146\/revisions"}],"predecessor-version":[{"id":4147,"href":"https:\/\/balibestmotorcycle.com\/de\/wp-json\/wp\/v2\/pages\/4146\/revisions\/4147"}],"wp:attachment":[{"href":"https:\/\/balibestmotorcycle.com\/de\/wp-json\/wp\/v2\/media?parent=4146"}],"curies":[{"name":"wp","href":"https:\/\/api.w.org\/{rel}","templated":true}]}}