{"id":4133,"date":"2023-06-18T06:06:36","date_gmt":"2023-06-17T22:06:36","guid":{"rendered":"https:\/\/balibestmotorcycle.com\/?page_id=4133"},"modified":"2024-07-20T09:20:33","modified_gmt":"2024-07-20T09:20:33","slug":"bali-langzeit-motorradmiete","status":"publish","type":"page","link":"https:\/\/balibestmotorcycle.com\/de\/bali-langzeit-motorradmiete","title":{"rendered":"Bali Langzeit-Motorradmiete"},"content":{"rendered":"<p>Ja, es ist m\u00f6glich, auf Bali ein Motorrad langfristig zu mieten. Viele Motorradverleihe bieten flexible Mietdauern an, darunter Optionen f\u00fcr w\u00f6chentliche, monatliche oder sogar l\u00e4ngerfristige Anmietungen. Egal, ob Sie f\u00fcr einen l\u00e4ngeren Zeitraum auf Bali bleiben oder planen, auf der Insel zu leben, die langfristige Anmietung eines Motorrads kann eine bequeme und kosteng\u00fcnstige Option sein.<\/p><p>Langfristige Motorradmieten sind im Vergleich zu kurzfristigen Mieten oft g\u00fcnstiger und daher f\u00fcr diejenigen, die einen l\u00e4ngeren Aufenthalt planen, erschwinglicher. Die genauen Mietbedingungen, Preise und Konditionen k\u00f6nnen je nach Verleih variieren, daher ist es ratsam, sich bei mehreren Vermietern zu erkundigen, um die Optionen zu vergleichen und das beste Angebot zu finden.<\/p><p>Wenn Sie ein Motorrad langfristig mieten, m\u00fcssen Sie Faktoren wie Versicherungsschutz, Wartung und etwaige zus\u00e4tzliche Geb\u00fchren oder Anforderungen des Vermieters ber\u00fccksichtigen. Lesen Sie den Mietvertrag, einschlie\u00dflich der Allgemeinen Gesch\u00e4ftsbedingungen, gr\u00fcndlich durch und stellen Sie sicher, dass Sie ihn verstanden haben, um eine reibungslose und problemlose Mieterfahrung zu gew\u00e4hrleisten.<\/p><p>Einige Motorradvermietungen auf Bali bieten m\u00f6glicherweise auch Zusatzleistungen wie Motorradwartung, regelm\u00e4\u00dfige Inspektionen und Pannenhilfe an, was f\u00fcr Langzeitmieter von Vorteil sein kann.<\/p><p>Bevor Sie ein Motorrad f\u00fcr einen l\u00e4ngeren Zeitraum mieten, sollten Sie den Zustand des Motorrads \u00fcberpr\u00fcfen, Fotos von eventuell vorhandenen Sch\u00e4den machen und etwaige Bedenken oder Anforderungen mit dem Vermieter besprechen. So stellen Sie sicher, dass Sie f\u00fcr die Dauer Ihres Aufenthalts auf Bali ein zuverl\u00e4ssiges und gut gewartetes Motorrad haben.<\/p><p>Da sich Bestimmungen und Mietbedingungen von Zeit zu Zeit \u00e4ndern k\u00f6nnen, empfiehlt es sich stets, sich bei seri\u00f6sen Motorradvermietungen auf Bali nach den aktuellsten Informationen zu Langzeitmieten zu erkundigen.<\/p><figure class=\"wp-block-image\"><img fetchpriority=\"high\" decoding=\"async\" width=\"1280\" height=\"1875\" src=\"http:\/\/balibestmotorcycle.com\/wp-content\/uploads\/2023\/04\/Biannual.png\" alt=\"\" class=\"wp-image-335\" title=\"\" srcset=\"https:\/\/balibestmotorcycle.com\/wp-content\/uploads\/2023\/04\/Biannual.png 1280w, https:\/\/balibestmotorcycle.com\/wp-content\/uploads\/2023\/04\/Biannual-600x879.png 600w, https:\/\/balibestmotorcycle.com\/wp-content\/uploads\/2023\/04\/Biannual-205x300.png 205w, https:\/\/balibestmotorcycle.com\/wp-content\/uploads\/2023\/04\/Biannual-699x1024.png 699w, https:\/\/balibestmotorcycle.com\/wp-content\/uploads\/2023\/04\/Biannual-768x1125.png 768w, https:\/\/balibestmotorcycle.com\/wp-content\/uploads\/2023\/04\/Biannual-1049x1536.png 1049w\" sizes=\"(max-width: 1280px) 100vw, 1280px\" \/><\/figure>","protected":false},"excerpt":{"rendered":"<p>Ja, es ist m\u00f6glich, auf Bali ein Motorrad langfristig zu mieten. Viele Motorradverleihe bieten flexible Mietdauern an, darunter Optionen f\u00fcr w\u00f6chentliche, monatliche oder sogar l\u00e4ngerfristige Anmietungen. Egal, ob Sie f\u00fcr einen l\u00e4ngeren Zeitraum auf Bali bleiben oder planen, auf der Insel zu leben, die langfristige Anmietung eines Motorrads kann eine bequeme und kosteng\u00fcnstige Option sein.&hellip;&nbsp;<a href=\"https:\/\/balibestmotorcycle.com\/de\/bali-langzeit-motorradmiete\" class=\"\" rel=\"bookmark\">Weiterlesen &raquo;<span class=\"screen-reader-text\">Bali Langzeit-Motorradmiete<\/span><\/a><\/p>\n","protected":false},"author":1,"featured_media":0,"parent":0,"menu_order":0,"comment_status":"closed","ping_status":"closed","template":"","meta":{"neve_meta_sidebar":"","neve_meta_container":"","neve_meta_enable_content_width":"","neve_meta_content_width":0,"neve_meta_title_alignment":"","neve_meta_author_avatar":"","neve_post_elements_order":"","neve_meta_disable_header":"","neve_meta_disable_footer":"","neve_meta_disable_title":"","_ti_tpc_template_sync":false,"_ti_tpc_template_id":"","footnotes":""},"class_list":["post-4133","page","type-page","status-publish","hentry"],"_links":{"self":[{"href":"https:\/\/balibestmotorcycle.com\/de\/wp-json\/wp\/v2\/pages\/4133","targetHints":{"allow":["GET"]}}],"collection":[{"href":"https:\/\/balibestmotorcycle.com\/de\/wp-json\/wp\/v2\/pages"}],"about":[{"href":"https:\/\/balibestmotorcycle.com\/de\/wp-json\/wp\/v2\/types\/page"}],"author":[{"embeddable":true,"href":"https:\/\/balibestmotorcycle.com\/de\/wp-json\/wp\/v2\/users\/1"}],"replies":[{"embeddable":true,"href":"https:\/\/balibestmotorcycle.com\/de\/wp-json\/wp\/v2\/comments?post=4133"}],"version-history":[{"count":1,"href":"https:\/\/balibestmotorcycle.com\/de\/wp-json\/wp\/v2\/pages\/4133\/revisions"}],"predecessor-version":[{"id":4134,"href":"https:\/\/balibestmotorcycle.com\/de\/wp-json\/wp\/v2\/pages\/4133\/revisions\/4134"}],"wp:attachment":[{"href":"https:\/\/balibestmotorcycle.com\/de\/wp-json\/wp\/v2\/media?parent=4133"}],"curies":[{"name":"wp","href":"https:\/\/api.w.org\/{rel}","templated":true}]}}