{"id":4127,"date":"2023-06-21T01:18:41","date_gmt":"2023-06-21T01:18:41","guid":{"rendered":"https:\/\/balibestmotorcycle.com\/?page_id=4127"},"modified":"2024-07-20T09:07:50","modified_gmt":"2024-07-20T09:07:50","slug":"elektronisches-visum-bei-ankunft-fuer-bali-evoa","status":"publish","type":"page","link":"https:\/\/balibestmotorcycle.com\/de\/elektronisches-visum-bei-ankunft-fuer-bali-evoa","title":{"rendered":"Elektronisches Visum bei Ankunft f\u00fcr Bali (EVOA)"},"content":{"rendered":"<p>Da Bali zu Indonesien geh\u00f6rt, stehen Reisenden je nach Zweck und Dauer ihres Aufenthalts verschiedene Arten von Visa zur Verf\u00fcgung. Hier sind einige der h\u00e4ufigsten Arten von Visa f\u00fcr Bali:<\/p><ol class=\"wp-block-list\"><li>Visum bei Ankunft (VoA): Dieses Visum erhalten B\u00fcrger vieler L\u00e4nder bei der Ankunft an indonesischen Flugh\u00e4fen, darunter auch am internationalen Flughafen Ngurah Rai auf Bali. Das Visum bei Ankunft berechtigt zu einem Aufenthalt von bis zu 30 Tagen und kann w\u00e4hrend des Aufenthalts in Indonesien um weitere 30 Tage verl\u00e4ngert werden.<\/li>\n\n<li>Touristenvisum (Visa Kunjungan Wisata): Dieses Visum steht Touristen aus berechtigten L\u00e4ndern zur Verf\u00fcgung und kann vor der Reise nach Indonesien beantragt werden. Das Touristenvisum erm\u00f6glicht einen Aufenthalt von bis zu 60 Tagen und kann bei einer Einwanderungsbeh\u00f6rde auf Bali um weitere 30 Tage verl\u00e4ngert werden.<\/li>\n\n<li>Sozialkulturelles Visum (Visa Budaya): Das Sozialkulturelle Visum ist f\u00fcr Personen geeignet, die in Indonesien soziale oder kulturelle Aktivit\u00e4ten aus\u00fcben m\u00f6chten, wie z. B. Freiwilligenarbeit, Teilnahme an Kursen oder Forschungsarbeiten. Es erm\u00f6glicht zun\u00e4chst einen Aufenthalt von bis zu 60 Tagen und kann bis zu viermal um weitere 30 Tage verl\u00e4ngert werden, sodass insgesamt ein maximaler Aufenthalt von 180 Tagen m\u00f6glich ist.<\/li>\n\n<li>Mehrfaches Gesch\u00e4ftsvisum (Visa Kunjungan Bisnis): Dieses Visum ist f\u00fcr Personen bestimmt, die in Indonesien gesch\u00e4ftliche Aktivit\u00e4ten wie Meetings, Konferenzen oder die Erkundung potenzieller Gesch\u00e4ftsm\u00f6glichkeiten planen. Das mehrfache Gesch\u00e4ftsvisum erm\u00f6glicht mehrere Einreisen innerhalb eines bestimmten Zeitraums, in der Regel bis zu einem Jahr, wobei jede Einreise einen Aufenthalt von bis zu 60 Tagen erm\u00f6glicht.<\/li>\n\n<li>Arbeitsvisum (KITAS\/KITAP): Personen, die auf Bali arbeiten oder sich dort langfristig aufhalten m\u00f6chten, ben\u00f6tigen ein Arbeitsvisum (KITAS \u2013 Kartu Izin Tinggal Terbatas) oder eine Daueraufenthaltserlaubnis (KITAP \u2013 Kartu Izin Tinggal Tetap). Diese Visa werden in der Regel durch ein Sponsoring eines indonesischen Unternehmens oder Arbeitgebers erteilt und beinhalten ein komplexeres Antragsverfahren.<\/li><\/ol><p>Bitte beachten Sie, dass sich die Visabestimmungen \u00e4ndern k\u00f6nnen. Es ist ratsam, die neuesten Informationen aus offiziellen Quellen wie den indonesischen Einwanderungsbeh\u00f6rden zu pr\u00fcfen oder einen Einwanderungsanwalt zu konsultieren, um die genauesten und aktuellsten Informationen zu Visa f\u00fcr Bali zu erhalten.<\/p>","protected":false},"excerpt":{"rendered":"<p>Da Bali zu Indonesien geh\u00f6rt, stehen Reisenden je nach Zweck und Dauer ihres Aufenthalts verschiedene Arten von Visa zur Verf\u00fcgung. Hier sind einige der h\u00e4ufigsten Arten von Visa f\u00fcr Bali: Bitte beachten Sie, dass sich die Visabestimmungen \u00e4ndern k\u00f6nnen. Es ist ratsam, die neuesten Informationen aus offiziellen Quellen wie den indonesischen Einwanderungsbeh\u00f6rden zu pr\u00fcfen oder&hellip;&nbsp;<a href=\"https:\/\/balibestmotorcycle.com\/de\/elektronisches-visum-bei-ankunft-fuer-bali-evoa\" class=\"\" rel=\"bookmark\">Weiterlesen &raquo;<span class=\"screen-reader-text\">Elektronisches Visum bei Ankunft f\u00fcr Bali (EVOA)<\/span><\/a><\/p>\n","protected":false},"author":1,"featured_media":0,"parent":0,"menu_order":0,"comment_status":"closed","ping_status":"closed","template":"","meta":{"neve_meta_sidebar":"","neve_meta_container":"","neve_meta_enable_content_width":"","neve_meta_content_width":0,"neve_meta_title_alignment":"","neve_meta_author_avatar":"","neve_post_elements_order":"","neve_meta_disable_header":"","neve_meta_disable_footer":"","neve_meta_disable_title":"","_ti_tpc_template_sync":false,"_ti_tpc_template_id":"","footnotes":""},"class_list":["post-4127","page","type-page","status-publish","hentry"],"_links":{"self":[{"href":"https:\/\/balibestmotorcycle.com\/de\/wp-json\/wp\/v2\/pages\/4127","targetHints":{"allow":["GET"]}}],"collection":[{"href":"https:\/\/balibestmotorcycle.com\/de\/wp-json\/wp\/v2\/pages"}],"about":[{"href":"https:\/\/balibestmotorcycle.com\/de\/wp-json\/wp\/v2\/types\/page"}],"author":[{"embeddable":true,"href":"https:\/\/balibestmotorcycle.com\/de\/wp-json\/wp\/v2\/users\/1"}],"replies":[{"embeddable":true,"href":"https:\/\/balibestmotorcycle.com\/de\/wp-json\/wp\/v2\/comments?post=4127"}],"version-history":[{"count":1,"href":"https:\/\/balibestmotorcycle.com\/de\/wp-json\/wp\/v2\/pages\/4127\/revisions"}],"predecessor-version":[{"id":4128,"href":"https:\/\/balibestmotorcycle.com\/de\/wp-json\/wp\/v2\/pages\/4127\/revisions\/4128"}],"wp:attachment":[{"href":"https:\/\/balibestmotorcycle.com\/de\/wp-json\/wp\/v2\/media?parent=4127"}],"curies":[{"name":"wp","href":"https:\/\/api.w.org\/{rel}","templated":true}]}}