{"id":3441,"date":"2023-09-13T01:21:52","date_gmt":"2023-09-13T01:21:52","guid":{"rendered":"https:\/\/balibestmotorcycle.com\/?page_id=3441"},"modified":"2024-07-17T05:58:10","modified_gmt":"2024-07-17T05:58:10","slug":"top-bali-fahrradverleih","status":"publish","type":"page","link":"https:\/\/balibestmotorcycle.com\/de\/top-bali-fahrradverleih","title":{"rendered":"TOP BALI FAHRRADVERLEIH"},"content":{"rendered":"<p><\/p><p>Liebe Bali-Abenteurer,<\/p><p>Wir hoffen, dass es Ihnen gut geht. Bei Bali Best Motorcycle freuen wir uns, Ihnen die neuesten Updates zu unseren Motorradverleihdiensten pr\u00e4sentieren zu k\u00f6nnen, die Ihre Erkundung Balis noch unvergesslicher machen sollen.<\/p><p><img decoding=\"async\" src=\"https:\/\/s.w.org\/images\/core\/emoji\/15.0.3\/svg\/1f3cd.svg\" alt=\"\ud83c\udfcd\" style=\"width: 20px;\" title=\"\">\u00a0<strong>Neue Flottenzug\u00e4nge<\/strong>\u00a0: Wir haben unsere Flotte erweitert, um Ihnen eine noch gr\u00f6\u00dfere Auswahl an Motorr\u00e4dern anbieten zu k\u00f6nnen. Egal, ob Sie die eleganten Linien eines Motorrollers f\u00fcr die Stadterkundung oder die robuste Kraft eines Dirtbikes f\u00fcr Offroad-Abenteuer bevorzugen, wir haben das Richtige f\u00fcr Sie.<\/p><p><img decoding=\"async\" src=\"https:\/\/s.w.org\/images\/core\/emoji\/15.0.3\/svg\/1f334.svg\" alt=\"\ud83c\udf34\" style=\"width: 20px;\" title=\"\">\u00a0<strong>Komfort auf der ganzen Insel<\/strong>\u00a0: Wir haben unsere Mietstationen strategisch auf ganz Bali verteilt, sodass Sie Ihr Motorrad einfacher denn je abholen und zur\u00fcckgeben k\u00f6nnen. Egal, wohin Ihr Abenteuer Sie f\u00fchrt, wir haben eine Filiale in Ihrer N\u00e4he.<\/p><p><img decoding=\"async\" src=\"https:\/\/s.w.org\/images\/core\/emoji\/15.0.3\/svg\/1f469-200d-1f527.svg\" alt=\"\ud83d\udc69\u200d\ud83d\udd27\" style=\"width: 20px;\" title=\"\">\u00a0<strong>Erstklassige Wartung<\/strong>\u00a0: Ihre Sicherheit hat f\u00fcr uns oberste Priorit\u00e4t. Seien Sie versichert, jedes Motorrad in unserer Flotte wird regelm\u00e4\u00dfig gewartet und auf Sicherheit gepr\u00fcft, sodass Sie Bali sorgenfrei erkunden k\u00f6nnen.<\/p><p><img decoding=\"async\" src=\"https:\/\/s.w.org\/images\/core\/emoji\/15.0.3\/svg\/1f5fa.svg\" alt=\"\ud83d\uddfa\ufe0f\" style=\"width: 20px;\" title=\"\">\u00a0<strong>Individuelle Karten und Empfehlungen<\/strong>\u00a0: Um Ihr Bali-Erlebnis noch besser zu machen, haben wir individuelle Karten erstellt, auf denen die verborgenen Sch\u00e4tze, sch\u00f6nsten Str\u00e4nde und landschaftlich reizvollen Routen der Insel hervorgehoben sind. Au\u00dferdem kann Ihnen unser erfahrenes Personal Insidertipps und Empfehlungen geben, damit Sie das Beste aus Ihrer Reise herausholen.<\/p><p><img decoding=\"async\" src=\"https:\/\/s.w.org\/images\/core\/emoji\/15.0.3\/svg\/1f4bc.svg\" alt=\"\ud83d\udcbc\" style=\"width: 20px;\" title=\"\">\u00a0<strong>Erschwingliche Preise<\/strong>\u00a0: Wir m\u00f6chten, dass jeder ein Motorrad mieten kann. Unsere wettbewerbsf\u00e4higen Preise sorgen daf\u00fcr, dass Sie Balis Wunder genie\u00dfen k\u00f6nnen, ohne Ihr Bankkonto zu sprengen.<\/p><p><img decoding=\"async\" src=\"https:\/\/s.w.org\/images\/core\/emoji\/15.0.3\/svg\/1f31e.svg\" alt=\"\ud83c\udf1e\" style=\"width: 20px;\" title=\"\">\u00a0<strong>24\/7-Kundensupport<\/strong>\u00a0: Sollten Sie w\u00e4hrend Ihrer Mietzeit auf Probleme sto\u00dfen oder Hilfe ben\u00f6tigen, steht Ihnen unser engagiertes Support-Team rund um die Uhr zur Verf\u00fcgung. Ihr Komfort und Ihre Sicherheit sind unsere Priorit\u00e4ten.<\/p><p><img decoding=\"async\" src=\"https:\/\/s.w.org\/images\/core\/emoji\/15.0.3\/svg\/1f30f.svg\" alt=\"\ud83c\udf0f\" style=\"width: 20px;\" title=\"\">\u00a0<strong>Umweltfreundliche Initiative<\/strong>\u00a0: Wir setzen uns f\u00fcr den Erhalt der nat\u00fcrlichen Sch\u00f6nheit Balis ein. Zu unseren umweltfreundlichen Ma\u00dfnahmen geh\u00f6ren regelm\u00e4\u00dfige Strandreinigungen und die Zusammenarbeit mit lokalen Umweltorganisationen, um dieses Paradies zu sch\u00fctzen, das wir alle lieben.<\/p><p><img decoding=\"async\" src=\"https:\/\/s.w.org\/images\/core\/emoji\/15.0.3\/svg\/1f381.svg\" alt=\"\ud83c\udf81\" style=\"width: 20px;\" title=\"\">\u00a0<strong>Sonderangebote<\/strong>\u00a0: Als Zeichen unserer Wertsch\u00e4tzung f\u00fcr Ihre anhaltende Unterst\u00fctzung bieten wir Stammkunden exklusive Rabatte und Pakete an. Fragen Sie bei Ihrem Besuch unbedingt nach unserem Treueprogramm.<\/p><p><img decoding=\"async\" src=\"https:\/\/s.w.org\/images\/core\/emoji\/15.0.3\/svg\/1f91d.svg\" alt=\"\ud83e\udd1d\" style=\"width: 20px;\" title=\"\">\u00a0<strong>Engagement in der Gemeinschaft<\/strong>\u00a0: Wir sind stolz darauf, ein aktiver Teil der Gemeinschaft auf Bali zu sein. Nehmen Sie an unseren lokalen Veranstaltungen und Spendenaktionen teil, mit denen wir der Insel etwas zur\u00fcckgeben, die uns so viel gegeben hat.<\/p><p>Sind Sie bereit f\u00fcr Ihr n\u00e4chstes Bali-Abenteuer? Besuchen Sie uns oder besuchen Sie unsere Website https:\/\/chinese.balibestmotorcycle.com\/, um mehr zu erfahren und Ihr Motorrad noch heute zu buchen. Verpassen Sie nicht die Chance, Bali wie ein echter Entdecker zu erleben!<\/p><p>Vielen Dank, dass Sie sich f\u00fcr Bali Best Motorcycle als Motorradverleih entschieden haben. Wir freuen uns darauf, Teil Ihres Bali-Abenteuers zu sein.<\/p><p>Gute Reise und liebe Gr\u00fc\u00dfe<\/p>","protected":false},"excerpt":{"rendered":"<p>Liebe Bali-Abenteurer, Wir hoffen, dass es Ihnen gut geht. Bei Bali Best Motorcycle freuen wir uns, Ihnen die neuesten Updates zu unseren Motorradverleihdiensten pr\u00e4sentieren zu k\u00f6nnen, die Ihre Erkundung Balis noch unvergesslicher machen sollen. \u00a0Neue Flottenzug\u00e4nge\u00a0: Wir haben unsere Flotte erweitert, um Ihnen eine noch gr\u00f6\u00dfere Auswahl an Motorr\u00e4dern anbieten zu k\u00f6nnen. Egal, ob Sie&hellip;&nbsp;<a href=\"https:\/\/balibestmotorcycle.com\/de\/top-bali-fahrradverleih\" class=\"\" rel=\"bookmark\">Weiterlesen &raquo;<span class=\"screen-reader-text\">TOP BALI FAHRRADVERLEIH<\/span><\/a><\/p>\n","protected":false},"author":1,"featured_media":0,"parent":0,"menu_order":0,"comment_status":"closed","ping_status":"closed","template":"","meta":{"neve_meta_sidebar":"","neve_meta_container":"","neve_meta_enable_content_width":"","neve_meta_content_width":0,"neve_meta_title_alignment":"","neve_meta_author_avatar":"","neve_post_elements_order":"","neve_meta_disable_header":"","neve_meta_disable_footer":"","neve_meta_disable_title":"","_ti_tpc_template_sync":false,"_ti_tpc_template_id":"","footnotes":""},"class_list":["post-3441","page","type-page","status-publish","hentry"],"_links":{"self":[{"href":"https:\/\/balibestmotorcycle.com\/de\/wp-json\/wp\/v2\/pages\/3441","targetHints":{"allow":["GET"]}}],"collection":[{"href":"https:\/\/balibestmotorcycle.com\/de\/wp-json\/wp\/v2\/pages"}],"about":[{"href":"https:\/\/balibestmotorcycle.com\/de\/wp-json\/wp\/v2\/types\/page"}],"author":[{"embeddable":true,"href":"https:\/\/balibestmotorcycle.com\/de\/wp-json\/wp\/v2\/users\/1"}],"replies":[{"embeddable":true,"href":"https:\/\/balibestmotorcycle.com\/de\/wp-json\/wp\/v2\/comments?post=3441"}],"version-history":[{"count":1,"href":"https:\/\/balibestmotorcycle.com\/de\/wp-json\/wp\/v2\/pages\/3441\/revisions"}],"predecessor-version":[{"id":3442,"href":"https:\/\/balibestmotorcycle.com\/de\/wp-json\/wp\/v2\/pages\/3441\/revisions\/3442"}],"wp:attachment":[{"href":"https:\/\/balibestmotorcycle.com\/de\/wp-json\/wp\/v2\/media?parent=3441"}],"curies":[{"name":"wp","href":"https:\/\/api.w.org\/{rel}","templated":true}]}}