{"id":3433,"date":"2023-08-22T02:27:43","date_gmt":"2023-08-22T02:27:43","guid":{"rendered":"https:\/\/balibestmotorcycle.com\/?page_id=3433"},"modified":"2024-07-17T05:51:32","modified_gmt":"2024-07-17T05:51:32","slug":"mit-dem-motorrad-von-jakarta-nach-bali","status":"publish","type":"page","link":"https:\/\/balibestmotorcycle.com\/de\/mit-dem-motorrad-von-jakarta-nach-bali","title":{"rendered":"Mit dem Motorrad von Jakarta nach Bali"},"content":{"rendered":"<p><\/p><p><strong>Epische Reise enth\u00fcllt: Mit dem Motorrad von Jakarta nach Bali<\/strong><\/p><p><strong>Einleitung:<\/strong><br>Eine Reise \u00fcber die Inseln von Jakarta nach Bali ist ein Roadtrip epischen Ausma\u00dfes. Der Reiz, abwechslungsreiche Landschaften zu durchqueren, verborgene Sch\u00e4tze zu entdecken und die Freiheit der offenen Stra\u00dfe zu genie\u00dfen, macht dieses Abenteuer zu einem Traum f\u00fcr jeden begeisterten Motorradfahrer. Wenn Sie auf der Suche nach einer unvergesslichen Reise sind, die Sie durch das Herz Indonesiens f\u00fchrt, ist es Zeit, sich auf die Fahrt Ihres Lebens vorzubereiten.<\/p><p><strong>Die weniger befahrene Route:<\/strong><br>Die \u00fcber 1.000 Kilometer lange Motorradreise von Jakarta nach Bali ist ein Beweis f\u00fcr die reiche und abwechslungsreiche Topografie Indonesiens. Ausgehend von Jakartas gesch\u00e4ftigem Stadtgebiet k\u00f6nnen Motorradfahrer den allm\u00e4hlichen \u00dcbergang von Stadtlandschaften zu malerischer Landschaft erleben, w\u00e4hrend sie sich Richtung Westen wagen. Die Route umfasst vulkanisches Gel\u00e4nde, K\u00fcstenabschnitte und dichte W\u00e4lder und bietet eine st\u00e4ndig wechselnde Kulisse, die Motorradfahrer fesselt und inspiriert.<\/p><p><strong>Kulturelles Eintauchen auf dem Weg:<\/strong><br>Einer der bezauberndsten Aspekte dieser Reise ist die M\u00f6glichkeit, in die Kulturen der verschiedenen Regionen einzutauchen, durch die Sie reisen. Von der traditionellen javanischen Kultur Zentraljavas bis zur k\u00fcnstlerischen Atmosph\u00e4re Yogyakartas bietet jeder Halt auf der Route einen einzigartigen Einblick in das reiche Erbe des Landes. Kommen Sie mit Einheimischen ins Gespr\u00e4ch, genie\u00dfen Sie authentische K\u00fcche und erleben Sie altehrw\u00fcrdige Traditionen, die das Gef\u00fcge Indonesiens gepr\u00e4gt haben.<\/p><p><strong>Atemberaubende Landschaften:<\/strong><br>Seien Sie darauf gefasst, dass Sie bei Ihrer Reise durch den indonesischen Archipel von der Vielfalt der Landschaften, die sich vor Ihnen ausbreiten, \u00fcberw\u00e4ltigt werden. Fahren Sie durch die \u00fcppig gr\u00fcnen Reisterrassen im Landesinneren Balis, navigieren Sie auf den kurvenreichen Stra\u00dfen entlang der K\u00fcste und bezwingen Sie die anspruchsvollen Steigungen der Bergp\u00e4sse. Jede Kurve verspricht eine neue Aussicht, die Ihnen den Atem rauben wird und die zur\u00fcckgelegten Meilen wie eine Reihe fesselnder Kapitel Ihrer Reise erscheinen l\u00e4sst.<\/p><p><strong>Enth\u00fcllung verborgener Sch\u00e4tze:<\/strong><br>Auch wenn die ausgetretenen Pfade ihren eigenen Reiz haben, sind es die verborgenen Sch\u00e4tze, die diese Reise wirklich au\u00dfergew\u00f6hnlich machen. Von einsamen Str\u00e4nden und rauschenden Wasserf\u00e4llen bis hin zu malerischen D\u00f6rfern, die vom Massentourismus verschont geblieben sind, \u00f6ffnet die Route von Jakarta nach Bali T\u00fcren zu weniger bekannten Sch\u00e4tzen, die nur auf zwei R\u00e4dern entdeckt werden k\u00f6nnen. Machen Sie Umwege abseits der Hauptstra\u00dfen und folgen Sie Ihrer Neugier, um die Geheimnisse der indonesischen Landschaften zu l\u00fcften.<\/p><p><strong>Der ultimative Abenteuertest:<\/strong><br>Eine Motorradreise von Jakarta nach Bali ist mehr als nur ein Roadtrip \u2013 es ist eine Pr\u00fcfung Ihres Abenteuergeistes und Ihrer Entschlossenheit. Mit den Herausforderungen, die eine so lange Fahrt mit sich bringt, darunter wechselnde Wetterbedingungen, unterschiedliche Stra\u00dfenqualit\u00e4t und die k\u00f6rperlichen Anforderungen der Reise, werden die Fahrer nicht nur mit einer atemberaubenden Landschaft belohnt, sondern auch mit einem Erfolgserlebnis, das nur entsteht, wenn man die weniger befahrene Stra\u00dfe bezwingt.<\/p><p><strong>Fazit: Die Stra\u00dfe wartet.<\/strong><br>F\u00fcr alle, die ein au\u00dfergew\u00f6hnliches Abenteuer suchen, das die Grenzen des gew\u00f6hnlichen Reisens \u00fcberschreitet, ist eine Motorradfahrt von Jakarta nach Bali ein Erlebnis wie kein anderes. Von den belebten Stra\u00dfen Jakartas bis zu den ruhigen K\u00fcsten Balis ist jeder Kilometer eine Gelegenheit, die Seele Indonesiens kennenzulernen, den Nervenkitzel der Reise zu genie\u00dfen und Erinnerungen zu schaffen, die ein Leben lang halten. Also satteln Sie auf, begr\u00fc\u00dfen Sie das Unbekannte und lassen Sie sich von der Stra\u00dfe auf eine unvergessliche Expedition von einem indonesischen Paradies zum n\u00e4chsten f\u00fchren.<\/p>","protected":false},"excerpt":{"rendered":"<p>Epische Reise enth\u00fcllt: Mit dem Motorrad von Jakarta nach Bali Einleitung:Eine Reise \u00fcber die Inseln von Jakarta nach Bali ist ein Roadtrip epischen Ausma\u00dfes. Der Reiz, abwechslungsreiche Landschaften zu durchqueren, verborgene Sch\u00e4tze zu entdecken und die Freiheit der offenen Stra\u00dfe zu genie\u00dfen, macht dieses Abenteuer zu einem Traum f\u00fcr jeden begeisterten Motorradfahrer. Wenn Sie auf&hellip;&nbsp;<a href=\"https:\/\/balibestmotorcycle.com\/de\/mit-dem-motorrad-von-jakarta-nach-bali\" class=\"\" rel=\"bookmark\">Weiterlesen &raquo;<span class=\"screen-reader-text\">Mit dem Motorrad von Jakarta nach Bali<\/span><\/a><\/p>\n","protected":false},"author":1,"featured_media":0,"parent":0,"menu_order":0,"comment_status":"closed","ping_status":"closed","template":"","meta":{"neve_meta_sidebar":"","neve_meta_container":"","neve_meta_enable_content_width":"","neve_meta_content_width":0,"neve_meta_title_alignment":"","neve_meta_author_avatar":"","neve_post_elements_order":"","neve_meta_disable_header":"","neve_meta_disable_footer":"","neve_meta_disable_title":"","_ti_tpc_template_sync":false,"_ti_tpc_template_id":"","footnotes":""},"class_list":["post-3433","page","type-page","status-publish","hentry"],"_links":{"self":[{"href":"https:\/\/balibestmotorcycle.com\/de\/wp-json\/wp\/v2\/pages\/3433","targetHints":{"allow":["GET"]}}],"collection":[{"href":"https:\/\/balibestmotorcycle.com\/de\/wp-json\/wp\/v2\/pages"}],"about":[{"href":"https:\/\/balibestmotorcycle.com\/de\/wp-json\/wp\/v2\/types\/page"}],"author":[{"embeddable":true,"href":"https:\/\/balibestmotorcycle.com\/de\/wp-json\/wp\/v2\/users\/1"}],"replies":[{"embeddable":true,"href":"https:\/\/balibestmotorcycle.com\/de\/wp-json\/wp\/v2\/comments?post=3433"}],"version-history":[{"count":1,"href":"https:\/\/balibestmotorcycle.com\/de\/wp-json\/wp\/v2\/pages\/3433\/revisions"}],"predecessor-version":[{"id":3434,"href":"https:\/\/balibestmotorcycle.com\/de\/wp-json\/wp\/v2\/pages\/3433\/revisions\/3434"}],"wp:attachment":[{"href":"https:\/\/balibestmotorcycle.com\/de\/wp-json\/wp\/v2\/media?parent=3433"}],"curies":[{"name":"wp","href":"https:\/\/api.w.org\/{rel}","templated":true}]}}