{"id":3411,"date":"2023-04-04T06:54:53","date_gmt":"2023-04-04T06:54:53","guid":{"rendered":"https:\/\/balibestmotorcycle.com\/?page_id=3411"},"modified":"2024-07-17T05:39:15","modified_gmt":"2024-07-17T05:39:15","slug":"bewertungen","status":"publish","type":"page","link":"https:\/\/balibestmotorcycle.com\/de\/bewertungen","title":{"rendered":"BEWERTUNGEN"},"content":{"rendered":"<p><\/p><p>Nochmals vielen Dank, dass Sie sich f\u00fcr uns entschieden haben!<\/p><p>Positive Bewertungen von tollen Kunden wie Ihnen helfen anderen potenziellen Kunden, Vertrauen in uns zu gewinnen. Wir w\u00e4ren Ihnen ewig dankbar, wenn Sie sich eine Minute Zeit nehmen k\u00f6nnten, um uns in folgenden Punkten zu bewerten:<\/p><p><a href=\"https:\/\/g.page\/r\/CdQrmL5KqJ4EEBM\/review\" target=\"_blank\">GOOGLE<\/a><\/p><p><a href=\"https:\/\/www.facebook.com\/balibestmotorcycle\/reviews\" target=\"_blank\" rel=\"noopener\">FACEBOOK<\/a><\/p><p><a href=\"https:\/\/www.tripadvisor.com\/Attraction_Review-g311298-d25217602-Reviews-Bali_Best_Motorcycle-Canggu_North_Kuta_Bali.html\" target=\"_blank\" rel=\"noopener\">TRIP ADVISOR<\/a><\/p><p>Vielen Dank im Voraus f\u00fcr Ihre Hilfe!<\/p>","protected":false},"excerpt":{"rendered":"<p>Nochmals vielen Dank, dass Sie sich f\u00fcr uns entschieden haben! Positive Bewertungen von tollen Kunden wie Ihnen helfen anderen potenziellen Kunden, Vertrauen in uns zu gewinnen. Wir w\u00e4ren Ihnen ewig dankbar, wenn Sie sich eine Minute Zeit nehmen k\u00f6nnten, um uns in folgenden Punkten zu bewerten: GOOGLE FACEBOOK TRIP ADVISOR Vielen Dank im Voraus f\u00fcr&hellip;&nbsp;<a href=\"https:\/\/balibestmotorcycle.com\/de\/bewertungen\" class=\"\" rel=\"bookmark\">Weiterlesen &raquo;<span class=\"screen-reader-text\">BEWERTUNGEN<\/span><\/a><\/p>\n","protected":false},"author":1,"featured_media":0,"parent":0,"menu_order":0,"comment_status":"closed","ping_status":"closed","template":"","meta":{"neve_meta_sidebar":"","neve_meta_container":"","neve_meta_enable_content_width":"","neve_meta_content_width":0,"neve_meta_title_alignment":"","neve_meta_author_avatar":"","neve_post_elements_order":"","neve_meta_disable_header":"","neve_meta_disable_footer":"","neve_meta_disable_title":"","_ti_tpc_template_sync":false,"_ti_tpc_template_id":"","footnotes":""},"class_list":["post-3411","page","type-page","status-publish","hentry"],"_links":{"self":[{"href":"https:\/\/balibestmotorcycle.com\/de\/wp-json\/wp\/v2\/pages\/3411","targetHints":{"allow":["GET"]}}],"collection":[{"href":"https:\/\/balibestmotorcycle.com\/de\/wp-json\/wp\/v2\/pages"}],"about":[{"href":"https:\/\/balibestmotorcycle.com\/de\/wp-json\/wp\/v2\/types\/page"}],"author":[{"embeddable":true,"href":"https:\/\/balibestmotorcycle.com\/de\/wp-json\/wp\/v2\/users\/1"}],"replies":[{"embeddable":true,"href":"https:\/\/balibestmotorcycle.com\/de\/wp-json\/wp\/v2\/comments?post=3411"}],"version-history":[{"count":1,"href":"https:\/\/balibestmotorcycle.com\/de\/wp-json\/wp\/v2\/pages\/3411\/revisions"}],"predecessor-version":[{"id":3412,"href":"https:\/\/balibestmotorcycle.com\/de\/wp-json\/wp\/v2\/pages\/3411\/revisions\/3412"}],"wp:attachment":[{"href":"https:\/\/balibestmotorcycle.com\/de\/wp-json\/wp\/v2\/media?parent=3411"}],"curies":[{"name":"wp","href":"https:\/\/api.w.org\/{rel}","templated":true}]}}