{"id":3312,"date":"2023-06-20T02:52:47","date_gmt":"2023-06-20T02:52:47","guid":{"rendered":"https:\/\/balibestmotorcycle.com\/?page_id=3312"},"modified":"2024-07-16T18:56:28","modified_gmt":"2024-07-16T18:56:28","slug":"so-kommen-sie-von-bali-zu-den-gili-inseln","status":"publish","type":"page","link":"https:\/\/balibestmotorcycle.com\/de\/so-kommen-sie-von-bali-zu-den-gili-inseln","title":{"rendered":"SO KOMMEN SIE VON BALI ZU DEN GILI-INSELN"},"content":{"rendered":"<p>Um von Bali zu den Gili-Inseln zu reisen, stehen Ihnen mehrere Transportm\u00f6glichkeiten zur Verf\u00fcgung. Hier finden Sie eine Schritt-f\u00fcr-Schritt-Anleitung f\u00fcr die Reise:<\/p><ol class=\"wp-block-list\"><li>Bestimmen Sie Ihren Abfahrtsort auf Bali: Die h\u00e4ufigsten Abfahrtsorte von Bali zu den Gili-Inseln sind Padang Bai und der Hafen von Serangan. Padang Bai liegt in Ostbali und der Hafen von Serangan liegt s\u00fcdlich von Denpasar. W\u00e4hlen Sie den Abfahrtsort je nach Ihrem Standort und Bequemlichkeit.<\/li>\n\n<li>Buchen Sie ein Schnellboot- oder F\u00e4hrticket: Zahlreiche Schnellbootbetreiber bieten Transportdienste von Bali zu den Gili-Inseln an. Einige beliebte Anbieter sind BlueWater Express, Gili Getaway, Scoot Fast Cruises und Wahana Gili Ocean. Alternativ k\u00f6nnen Sie sich f\u00fcr \u00f6ffentliche F\u00e4hren entscheiden, die g\u00fcnstiger sind, aber l\u00e4nger brauchen, um die Gili-Inseln zu erreichen.<\/li>\n\n<li>Entscheiden Sie sich f\u00fcr die Gili-Insel: Die Gili-Inseln bestehen aus drei Hauptinseln: Gili Trawangan (allgemein bekannt als Gili T), Gili Air und Gili Meno. Entscheiden Sie, welche Insel Sie besuchen m\u00f6chten, und w\u00e4hlen Sie das Boot, das direkt zu dieser bestimmten Insel f\u00e4hrt. Die meisten Boote bieten Transfers zu allen drei Inseln an, einige haben jedoch m\u00f6glicherweise spezielle Routen.<\/li>\n\n<li>\u00dcberpr\u00fcfen Sie die Abfahrtszeiten: Schnellboote und F\u00e4hren haben unterschiedliche Abfahrtszeiten. \u00dcberpr\u00fcfen Sie daher deren Websites oder wenden Sie sich an die Betreiber, um die f\u00fcr Sie g\u00fcnstigste Zeit zu erfahren. Es ist ratsam, Ihr Ticket im Voraus zu buchen, insbesondere w\u00e4hrend der Hochsaison, um Ihren Platz zu sichern.<\/li>\n\n<li>Ankunft am Abfahrtsort: Kommen Sie mindestens 30 Minuten bis 1 Stunde vor der geplanten Abfahrtszeit am angegebenen Abfahrtsort auf Bali an. So k\u00f6nnen Sie problemlos einchecken, alle anfallenden Geb\u00fchren bezahlen und an Bord des Bootes gehen.<\/li>\n\n<li>Genie\u00dfen Sie die Bootsfahrt: Die Fahrt von Bali zu den Gili-Inseln dauert je nach Bootstyp und Wetterbedingungen etwa 1 bis 2,5 Stunden. Lehnen Sie sich zur\u00fcck, entspannen Sie sich und genie\u00dfen Sie die malerische Fahrt \u00fcber das Meer.<\/li>\n\n<li>Ankunft auf den Gili-Inseln: Sobald Sie die Gili-Inseln erreicht haben, h\u00e4lt das Boot normalerweise an mehreren H\u00e4fen auf den verschiedenen Inseln. H\u00f6ren Sie sich die Durchsagen an oder bitten Sie die Bootsbesatzung, den Ankunftshafen Ihrer gew\u00fcnschten Insel zu best\u00e4tigen. Von dort aus k\u00f6nnen Sie von Bord gehen und mit der Erkundung der wundersch\u00f6nen Gili-Inseln beginnen.<\/li><\/ol><p>Es ist wichtig zu beachten, dass die Seebedingungen variieren k\u00f6nnen, insbesondere w\u00e4hrend der Regenzeit oder bei schlechtem Wetter. Wenn Sie anf\u00e4llig f\u00fcr Seekrankheit sind oder raue See bef\u00fcrchten, sollten Sie Medikamente gegen Reisekrankheit einnehmen oder ein gr\u00f6\u00dferes, stabileres Boot f\u00fcr eine ruhigere Reise w\u00e4hlen.<\/p><p>\u00dcberpr\u00fcfen Sie immer die aktuellen Fahrpl\u00e4ne, Preise und Sicherheitsstandards der von Ihnen gew\u00e4hlten Bootsbetreiber. Es wird empfohlen, bei seri\u00f6sen und lizenzierten Betreibern zu buchen, um eine sichere und zuverl\u00e4ssige Reise zu den Gili-Inseln zu gew\u00e4hrleisten.<\/p>","protected":false},"excerpt":{"rendered":"<p>Um von Bali zu den Gili-Inseln zu reisen, stehen Ihnen mehrere Transportm\u00f6glichkeiten zur Verf\u00fcgung. Hier finden Sie eine Schritt-f\u00fcr-Schritt-Anleitung f\u00fcr die Reise: Es ist wichtig zu beachten, dass die Seebedingungen variieren k\u00f6nnen, insbesondere w\u00e4hrend der Regenzeit oder bei schlechtem Wetter. Wenn Sie anf\u00e4llig f\u00fcr Seekrankheit sind oder raue See bef\u00fcrchten, sollten Sie Medikamente gegen Reisekrankheit&hellip;&nbsp;<a href=\"https:\/\/balibestmotorcycle.com\/de\/so-kommen-sie-von-bali-zu-den-gili-inseln\" class=\"\" rel=\"bookmark\">Weiterlesen &raquo;<span class=\"screen-reader-text\">SO KOMMEN SIE VON BALI ZU DEN GILI-INSELN<\/span><\/a><\/p>\n","protected":false},"author":1,"featured_media":0,"parent":0,"menu_order":0,"comment_status":"closed","ping_status":"closed","template":"","meta":{"neve_meta_sidebar":"","neve_meta_container":"","neve_meta_enable_content_width":"","neve_meta_content_width":0,"neve_meta_title_alignment":"","neve_meta_author_avatar":"","neve_post_elements_order":"","neve_meta_disable_header":"","neve_meta_disable_footer":"","neve_meta_disable_title":"","_ti_tpc_template_sync":false,"_ti_tpc_template_id":"","footnotes":""},"class_list":["post-3312","page","type-page","status-publish","hentry"],"_links":{"self":[{"href":"https:\/\/balibestmotorcycle.com\/de\/wp-json\/wp\/v2\/pages\/3312","targetHints":{"allow":["GET"]}}],"collection":[{"href":"https:\/\/balibestmotorcycle.com\/de\/wp-json\/wp\/v2\/pages"}],"about":[{"href":"https:\/\/balibestmotorcycle.com\/de\/wp-json\/wp\/v2\/types\/page"}],"author":[{"embeddable":true,"href":"https:\/\/balibestmotorcycle.com\/de\/wp-json\/wp\/v2\/users\/1"}],"replies":[{"embeddable":true,"href":"https:\/\/balibestmotorcycle.com\/de\/wp-json\/wp\/v2\/comments?post=3312"}],"version-history":[{"count":1,"href":"https:\/\/balibestmotorcycle.com\/de\/wp-json\/wp\/v2\/pages\/3312\/revisions"}],"predecessor-version":[{"id":3313,"href":"https:\/\/balibestmotorcycle.com\/de\/wp-json\/wp\/v2\/pages\/3312\/revisions\/3313"}],"wp:attachment":[{"href":"https:\/\/balibestmotorcycle.com\/de\/wp-json\/wp\/v2\/media?parent=3312"}],"curies":[{"name":"wp","href":"https:\/\/api.w.org\/{rel}","templated":true}]}}