{"id":3294,"date":"2023-06-19T00:54:11","date_gmt":"2023-06-19T00:54:11","guid":{"rendered":"https:\/\/balibestmotorcycle.com\/?page_id=3294"},"modified":"2024-07-16T18:44:14","modified_gmt":"2024-07-16T18:44:14","slug":"so-fahren-sie-auf-bali-sicher-motorrad","status":"publish","type":"page","link":"https:\/\/balibestmotorcycle.com\/de\/so-fahren-sie-auf-bali-sicher-motorrad","title":{"rendered":"So fahren Sie auf Bali sicher Motorrad"},"content":{"rendered":"<p>Mit dem Motorrad auf Bali kann man die Insel auf spannende und bequeme Weise erkunden. Allerdings sollte die Sicherheit an erster Stelle stehen, um ein reibungsloses und sicheres Fahrerlebnis zu gew\u00e4hrleisten. Hier sind einige Tipps f\u00fcr sicheres Motorradfahren auf Bali:<\/p><ol class=\"wp-block-list\"><li>Tragen Sie einen Helm: Tragen Sie immer einen Helm, der richtig passt und den Sicherheitsstandards entspricht. Das ist eine der wichtigsten Sicherheitsvorkehrungen, die Sie beim Motorradfahren treffen k\u00f6nnen.<\/li>\n\n<li>Machen Sie sich mit den \u00f6rtlichen Verkehrsregeln vertraut: Verstehen und befolgen Sie die Verkehrsregeln und -vorschriften auf Bali. Achten Sie auf Verkehrsschilder, Signale und Geschwindigkeitsbegrenzungen. Denken Sie daran, dass der Verkehr auf Bali manchmal chaotisch sein kann. Bleiben Sie also wachsam und vorsichtig.<\/li>\n\n<li>W\u00e4hlen Sie ein zuverl\u00e4ssiges Mietunternehmen: Mieten Sie ein Motorrad bei einem seri\u00f6sen und vertrauensw\u00fcrdigen Mietunternehmen. Stellen Sie sicher, dass das Motorrad in gutem Zustand ist und alle wichtigen Teile ordnungsgem\u00e4\u00df funktionieren, einschlie\u00dflich Bremsen, Lichter und Reifen.<\/li>\n\n<li>Fahren Sie defensiv: Achten Sie auf Ihre Umgebung und antizipieren Sie die Aktionen anderer Verkehrsteilnehmer. Halten Sie einen Sicherheitsabstand zu anderen Fahrzeugen, vermeiden Sie pl\u00f6tzliche Man\u00f6ver und verwenden Sie Ihre Blinker, um Ihre Absichten anzuzeigen.<\/li>\n\n<li>Achten Sie auf die Stra\u00dfenverh\u00e4ltnisse: Die Stra\u00dfen auf Bali k\u00f6nnen in unterschiedlicher Qualit\u00e4t sein. Achten Sie daher auf Schlagl\u00f6cher, unebene Oberfl\u00e4chen und losen Kies. Fahren Sie mit einer Geschwindigkeit, die es Ihnen erm\u00f6glicht, die Kontrolle zu behalten und auf unerwartete Hindernisse zu reagieren.<\/li>\n\n<li>Bleiben Sie sichtbar: Benutzen Sie Ihr Abblendlicht, insbesondere bei schlechten Lichtverh\u00e4ltnissen oder wenn es regnet. Tragen Sie helle und reflektierende Kleidung, um f\u00fcr andere Verkehrsteilnehmer besser sichtbar zu sein.<\/li>\n\n<li>Vermeiden Sie Fahrten w\u00e4hrend der Hauptverkehrszeiten: Balis Stra\u00dfen k\u00f6nnen besonders w\u00e4hrend der Hauptverkehrszeiten verstopft sein. Planen Sie Ihre Fahrten m\u00f6glichst au\u00dferhalb der Hauptverkehrszeiten, um das Unfallrisiko zu minimieren.<\/li>\n\n<li>Bleiben Sie n\u00fcchtern und konzentriert: Fahren Sie niemals unter Alkoholeinfluss. Alkohol beeintr\u00e4chtigt Ihr Urteilsverm\u00f6gen und Ihre Reaktionszeit und erh\u00f6ht die Unfallgefahr. Konzentrieren Sie sich auf die Stra\u00dfe und vermeiden Sie Ablenkungen wie die Nutzung Ihres Telefons w\u00e4hrend der Fahrt.<\/li>\n\n<li>Schlie\u00dfen Sie eine Reiseversicherung ab: Erw\u00e4gen Sie den Abschluss einer Reiseversicherung, die Motorradunf\u00e4lle und Verletzungen abdeckt. Dies bietet Ihnen im Falle eines ungl\u00fccklichen Zwischenfalls zus\u00e4tzlichen finanziellen Schutz.<\/li>\n\n<li>Machen Sie Pausen und ruhen Sie sich aus, wenn Sie es brauchen: Lange Fahrten k\u00f6nnen erm\u00fcdend sein. Machen Sie daher regelm\u00e4\u00dfig Pausen, um sich auszuruhen, zu trinken und sich zu strecken. M\u00fcdigkeit kann Ihre Konzentration und Reaktionszeit beeintr\u00e4chtigen. Daher ist es wichtig, erfrischt zu bleiben.<\/li><\/ol><p>Wenn Sie diese Sicherheitsrichtlinien befolgen und vorsichtig sind, k\u00f6nnen Sie auf Bali ein sicheres und angenehmes Motorraderlebnis genie\u00dfen.<\/p>","protected":false},"excerpt":{"rendered":"<p>Mit dem Motorrad auf Bali kann man die Insel auf spannende und bequeme Weise erkunden. Allerdings sollte die Sicherheit an erster Stelle stehen, um ein reibungsloses und sicheres Fahrerlebnis zu gew\u00e4hrleisten. Hier sind einige Tipps f\u00fcr sicheres Motorradfahren auf Bali: Wenn Sie diese Sicherheitsrichtlinien befolgen und vorsichtig sind, k\u00f6nnen Sie auf Bali ein sicheres und&hellip;&nbsp;<a href=\"https:\/\/balibestmotorcycle.com\/de\/so-fahren-sie-auf-bali-sicher-motorrad\" class=\"\" rel=\"bookmark\">Weiterlesen &raquo;<span class=\"screen-reader-text\">So fahren Sie auf Bali sicher Motorrad<\/span><\/a><\/p>\n","protected":false},"author":1,"featured_media":0,"parent":0,"menu_order":0,"comment_status":"closed","ping_status":"closed","template":"","meta":{"neve_meta_sidebar":"","neve_meta_container":"","neve_meta_enable_content_width":"","neve_meta_content_width":0,"neve_meta_title_alignment":"","neve_meta_author_avatar":"","neve_post_elements_order":"","neve_meta_disable_header":"","neve_meta_disable_footer":"","neve_meta_disable_title":"","_ti_tpc_template_sync":false,"_ti_tpc_template_id":"","footnotes":""},"class_list":["post-3294","page","type-page","status-publish","hentry"],"_links":{"self":[{"href":"https:\/\/balibestmotorcycle.com\/de\/wp-json\/wp\/v2\/pages\/3294","targetHints":{"allow":["GET"]}}],"collection":[{"href":"https:\/\/balibestmotorcycle.com\/de\/wp-json\/wp\/v2\/pages"}],"about":[{"href":"https:\/\/balibestmotorcycle.com\/de\/wp-json\/wp\/v2\/types\/page"}],"author":[{"embeddable":true,"href":"https:\/\/balibestmotorcycle.com\/de\/wp-json\/wp\/v2\/users\/1"}],"replies":[{"embeddable":true,"href":"https:\/\/balibestmotorcycle.com\/de\/wp-json\/wp\/v2\/comments?post=3294"}],"version-history":[{"count":1,"href":"https:\/\/balibestmotorcycle.com\/de\/wp-json\/wp\/v2\/pages\/3294\/revisions"}],"predecessor-version":[{"id":3295,"href":"https:\/\/balibestmotorcycle.com\/de\/wp-json\/wp\/v2\/pages\/3294\/revisions\/3295"}],"wp:attachment":[{"href":"https:\/\/balibestmotorcycle.com\/de\/wp-json\/wp\/v2\/media?parent=3294"}],"curies":[{"name":"wp","href":"https:\/\/api.w.org\/{rel}","templated":true}]}}