{"id":3288,"date":"2023-06-18T06:04:58","date_gmt":"2023-06-18T06:04:58","guid":{"rendered":"https:\/\/balibestmotorcycle.com\/?page_id=3288"},"modified":"2024-07-16T18:40:54","modified_gmt":"2024-07-16T18:40:54","slug":"wie-beliebt-ist-es-auf-bali-ein-fahrrad-zu-mieten","status":"publish","type":"page","link":"https:\/\/balibestmotorcycle.com\/de\/wie-beliebt-ist-es-auf-bali-ein-fahrrad-zu-mieten","title":{"rendered":"Wie beliebt ist es, auf Bali ein Fahrrad zu mieten?"},"content":{"rendered":"<p>Ja, es ist sehr beliebt, auf Bali ein Motorrad zu mieten. Motorr\u00e4der k\u00f6nnen \u00fcberall auf der Insel gemietet werden, insbesondere in beliebten Touristengebieten wie Kuta, Seminyak, Ubud und Canggu. Balis gut etablierte Tourismusbranche, gepaart mit den Verkehrsbedingungen der Insel und der Bequemlichkeit, mit Motorr\u00e4dern herumzukommen, haben das Mieten eines Motorrads zu einer beliebten Wahl unter Touristen und sogar einigen Langzeitbewohnern gemacht.<\/p><p>Es gibt zahlreiche gro\u00dfe und kleine Motorradverleihe, die eine Vielzahl von Motorradmodellen f\u00fcr unterschiedliche Vorlieben und Budgets anbieten. Viele Verleihe bieten Optionen f\u00fcr Kurz- oder Langzeitmieten an, sodass Besucher die Dauer w\u00e4hlen k\u00f6nnen, die am besten zu ihren Pl\u00e4nen passt.<\/p><p>Ein Motorrad auf Bali zu mieten bietet mehrere Vorteile. Es bietet die Freiheit und Flexibilit\u00e4t, die Insel in Ihrem eigenen Tempo zu erkunden, abgelegene Gebiete zu erreichen und Verkehrsstaus zu vermeiden. Es ist im Allgemeinen auch g\u00fcnstiger als ein Auto zu mieten oder andere Transportmittel zu nutzen. Dar\u00fcber hinaus bietet Ihnen das Mieten eines Motorrads die M\u00f6glichkeit, Bali wie ein Einheimischer zu erleben und in die lebendige Atmosph\u00e4re der Insel einzutauchen.<\/p><p>Es ist jedoch wichtig zu beachten, dass das Motorradfahren auf Bali einige Besonderheiten mit sich bringt, darunter Verkehrsbedingungen, Verkehrssicherheit und ausreichende Fahrerfahrung. Es ist wichtig, dass Sie Ihre Sicherheit an erste Stelle setzen, einen Helm tragen, die Verkehrsregeln befolgen und beim Fahren auf Balis Stra\u00dfen vorsichtig sind.<\/p>","protected":false},"excerpt":{"rendered":"<p>Ja, es ist sehr beliebt, auf Bali ein Motorrad zu mieten. Motorr\u00e4der k\u00f6nnen \u00fcberall auf der Insel gemietet werden, insbesondere in beliebten Touristengebieten wie Kuta, Seminyak, Ubud und Canggu. Balis gut etablierte Tourismusbranche, gepaart mit den Verkehrsbedingungen der Insel und der Bequemlichkeit, mit Motorr\u00e4dern herumzukommen, haben das Mieten eines Motorrads zu einer beliebten Wahl unter&hellip;&nbsp;<a href=\"https:\/\/balibestmotorcycle.com\/de\/wie-beliebt-ist-es-auf-bali-ein-fahrrad-zu-mieten\" class=\"\" rel=\"bookmark\">Weiterlesen &raquo;<span class=\"screen-reader-text\">Wie beliebt ist es, auf Bali ein Fahrrad zu mieten?<\/span><\/a><\/p>\n","protected":false},"author":1,"featured_media":0,"parent":0,"menu_order":0,"comment_status":"closed","ping_status":"closed","template":"","meta":{"neve_meta_sidebar":"","neve_meta_container":"","neve_meta_enable_content_width":"","neve_meta_content_width":0,"neve_meta_title_alignment":"","neve_meta_author_avatar":"","neve_post_elements_order":"","neve_meta_disable_header":"","neve_meta_disable_footer":"","neve_meta_disable_title":"","_ti_tpc_template_sync":false,"_ti_tpc_template_id":"","footnotes":""},"class_list":["post-3288","page","type-page","status-publish","hentry"],"_links":{"self":[{"href":"https:\/\/balibestmotorcycle.com\/de\/wp-json\/wp\/v2\/pages\/3288","targetHints":{"allow":["GET"]}}],"collection":[{"href":"https:\/\/balibestmotorcycle.com\/de\/wp-json\/wp\/v2\/pages"}],"about":[{"href":"https:\/\/balibestmotorcycle.com\/de\/wp-json\/wp\/v2\/types\/page"}],"author":[{"embeddable":true,"href":"https:\/\/balibestmotorcycle.com\/de\/wp-json\/wp\/v2\/users\/1"}],"replies":[{"embeddable":true,"href":"https:\/\/balibestmotorcycle.com\/de\/wp-json\/wp\/v2\/comments?post=3288"}],"version-history":[{"count":1,"href":"https:\/\/balibestmotorcycle.com\/de\/wp-json\/wp\/v2\/pages\/3288\/revisions"}],"predecessor-version":[{"id":3289,"href":"https:\/\/balibestmotorcycle.com\/de\/wp-json\/wp\/v2\/pages\/3288\/revisions\/3289"}],"wp:attachment":[{"href":"https:\/\/balibestmotorcycle.com\/de\/wp-json\/wp\/v2\/media?parent=3288"}],"curies":[{"name":"wp","href":"https:\/\/api.w.org\/{rel}","templated":true}]}}