{"id":3278,"date":"2023-06-18T06:33:29","date_gmt":"2023-06-18T06:33:29","guid":{"rendered":"https:\/\/balibestmotorcycle.com\/?page_id=3278"},"modified":"2024-07-16T16:46:54","modified_gmt":"2024-07-16T16:46:54","slug":"wie-viel-kostet-es-auf-bali-einen-motorroller-zu-mieten","status":"publish","type":"page","link":"https:\/\/balibestmotorcycle.com\/de\/wie-viel-kostet-es-auf-bali-einen-motorroller-zu-mieten","title":{"rendered":"Wie viel kostet es, auf Bali einen Motorroller zu mieten?"},"content":{"rendered":"<p>Die Kosten f\u00fcr die Miete eines Motorrollers auf Bali k\u00f6nnen je nach verschiedenen Faktoren wie Mietdauer, Motorrollertyp und gew\u00e4hltem Mietunternehmen variieren. Um Ihnen jedoch eine grobe Sch\u00e4tzung zu geben: Die Miete eines Motorrollers auf Bali liegt normalerweise zwischen 50.000 und 200.000 indonesischen Rupiah (IDR) pro Tag.<\/p><p>Bitte beachten Sie, dass die hier genannten Preise ungef\u00e4hre Angaben sind und je nach Standort, Saison, Verhandlungsgeschick und anderen Faktoren variieren k\u00f6nnen. Es ist immer eine gute Idee, die Preise verschiedener Vermietungsunternehmen zu vergleichen und um das beste Angebot zu verhandeln. Dar\u00fcber hinaus verlangen einige Vermietungsunternehmen m\u00f6glicherweise eine Kaution oder einen g\u00fcltigen F\u00fchrerschein, bevor Sie einen Roller vermieten. \u00dcberpr\u00fcfen Sie unbedingt die Allgemeinen Gesch\u00e4ftsbedingungen des von Ihnen gew\u00e4hlten Vermietungsunternehmens.<\/p><p>Und schlie\u00dflich: Wenn Sie auf Bali einen Motorroller mieten, ist Ihre Sicherheit oberste Priorit\u00e4t. Tragen Sie immer einen Helm, halten Sie sich an die Verkehrsregeln und machen Sie sich mit den \u00f6rtlichen Verkehrsbedingungen vertraut.<\/p>","protected":false},"excerpt":{"rendered":"<p>Die Kosten f\u00fcr die Miete eines Motorrollers auf Bali k\u00f6nnen je nach verschiedenen Faktoren wie Mietdauer, Motorrollertyp und gew\u00e4hltem Mietunternehmen variieren. Um Ihnen jedoch eine grobe Sch\u00e4tzung zu geben: Die Miete eines Motorrollers auf Bali liegt normalerweise zwischen 50.000 und 200.000 indonesischen Rupiah (IDR) pro Tag. Bitte beachten Sie, dass die hier genannten Preise ungef\u00e4hre&hellip;&nbsp;<a href=\"https:\/\/balibestmotorcycle.com\/de\/wie-viel-kostet-es-auf-bali-einen-motorroller-zu-mieten\" class=\"\" rel=\"bookmark\">Weiterlesen &raquo;<span class=\"screen-reader-text\">Wie viel kostet es, auf Bali einen Motorroller zu mieten?<\/span><\/a><\/p>\n","protected":false},"author":1,"featured_media":0,"parent":0,"menu_order":0,"comment_status":"closed","ping_status":"closed","template":"","meta":{"neve_meta_sidebar":"","neve_meta_container":"","neve_meta_enable_content_width":"","neve_meta_content_width":0,"neve_meta_title_alignment":"","neve_meta_author_avatar":"","neve_post_elements_order":"","neve_meta_disable_header":"","neve_meta_disable_footer":"","neve_meta_disable_title":"","_ti_tpc_template_sync":false,"_ti_tpc_template_id":"","footnotes":""},"class_list":["post-3278","page","type-page","status-publish","hentry"],"_links":{"self":[{"href":"https:\/\/balibestmotorcycle.com\/de\/wp-json\/wp\/v2\/pages\/3278","targetHints":{"allow":["GET"]}}],"collection":[{"href":"https:\/\/balibestmotorcycle.com\/de\/wp-json\/wp\/v2\/pages"}],"about":[{"href":"https:\/\/balibestmotorcycle.com\/de\/wp-json\/wp\/v2\/types\/page"}],"author":[{"embeddable":true,"href":"https:\/\/balibestmotorcycle.com\/de\/wp-json\/wp\/v2\/users\/1"}],"replies":[{"embeddable":true,"href":"https:\/\/balibestmotorcycle.com\/de\/wp-json\/wp\/v2\/comments?post=3278"}],"version-history":[{"count":1,"href":"https:\/\/balibestmotorcycle.com\/de\/wp-json\/wp\/v2\/pages\/3278\/revisions"}],"predecessor-version":[{"id":3279,"href":"https:\/\/balibestmotorcycle.com\/de\/wp-json\/wp\/v2\/pages\/3278\/revisions\/3279"}],"wp:attachment":[{"href":"https:\/\/balibestmotorcycle.com\/de\/wp-json\/wp\/v2\/media?parent=3278"}],"curies":[{"name":"wp","href":"https:\/\/api.w.org\/{rel}","templated":true}]}}