{"id":3270,"date":"2023-08-22T02:23:11","date_gmt":"2023-08-22T02:23:11","guid":{"rendered":"https:\/\/balibestmotorcycle.com\/?page_id=3270"},"modified":"2024-07-16T16:43:07","modified_gmt":"2024-07-16T16:43:07","slug":"entdecken-sie-bali-mit-den-besten-motorradverleihen","status":"publish","type":"page","link":"https:\/\/balibestmotorcycle.com\/de\/entdecken-sie-bali-mit-den-besten-motorradverleihen","title":{"rendered":"Entdecken Sie Bali mit den besten Motorradverleihen"},"content":{"rendered":"<p><strong>Entdecken Sie Balis verborgene Sch\u00e4tze auf zwei R\u00e4dern mit unserem erstklassigen Motorradverleih. Genie\u00dfen Sie die Freiheit der offenen Stra\u00dfe, w\u00e4hrend Sie Str\u00e4nde, Reisterrassen und mehr erkunden. Buchen Sie jetzt f\u00fcr ein unvergessliches Abenteuer!<\/strong><\/p><p>Sind Sie bereit, Bali wie nie zuvor zu erleben? Stellen Sie sich vor, Sie fahren auf malerischen K\u00fcstenstra\u00dfen, schl\u00e4ngeln sich durch \u00fcppig gr\u00fcne Landschaften und erkunden in Ihrem eigenen Tempo charmante D\u00f6rfer. Mit unserem erstklassigen Motorradverleih auf Bali k\u00f6nnen Sie diesen Traum wahr werden lassen.<\/p><p><strong>Warum sollten Sie sich f\u00fcr unseren Motorradverleih auf Bali entscheiden?<\/strong><\/p><p><strong>1. Gro\u00dfe Auswahl an Qualit\u00e4tsfahrr\u00e4dern:<\/strong>&nbsp;Egal, ob Sie ein erfahrener Radfahrer auf der Suche nach einem Adrenalinsto\u00df sind oder ein Gelegenheitsreisender, der gem\u00fctlich die Gegend erkunden m\u00f6chte, wir haben das perfekte Fahrrad f\u00fcr Sie. Unsere vielf\u00e4ltige Flotte umfasst Roller f\u00fcr Stadtfahrten, robuste Gel\u00e4ndefahrr\u00e4der f\u00fcr Abenteurer und alles dazwischen.<\/p><p><strong>2. Freiheit zum Erkunden:<\/strong>&nbsp;Befreien Sie sich von den Einschr\u00e4nkungen traditioneller Fortbewegungsmittel und erleben Sie Bali nach Ihren Vorstellungen. Mit einem gemieteten Motorrad haben Sie die Flexibilit\u00e4t, Ihre eigene Reiseroute zu erstellen, versteckte Orte zu entdecken und in die lokale Kultur einzutauchen.<\/p><p><strong>3. Fachm\u00e4nnisch gewartete Fahrr\u00e4der:<\/strong>&nbsp;Ihre Sicherheit hat f\u00fcr uns oberste Priorit\u00e4t. Unsere Fahrr\u00e4der werden gr\u00fcndlich gewartet, um sicherzustellen, dass sie sich in einem erstklassigen Zustand befinden. Wir stellen gut gewartete Helme und Sicherheitsrichtlinien zur Verf\u00fcgung, damit Sie beruhigt auf die Stra\u00dfe gehen k\u00f6nnen.<\/p><p><strong>4. Problemlose Buchung:<\/strong>&nbsp;Unsere benutzerfreundliche Online-Buchungsplattform macht die Reservierung Ihres Motorrads zum Kinderspiel. W\u00e4hlen Sie einfach Ihr gew\u00fcnschtes Motorrad, den Abholort und die Mietdauer. Unsere transparenten Preise bedeuten keine \u00dcberraschungen \u2013 Sie wissen genau, was Sie erwartet.<\/p><p><strong>5. Lokale Einblicke:<\/strong>&nbsp;Als Bali-Enthusiasten m\u00f6chten wir Ihnen mit Leidenschaft dabei helfen, das Beste aus Ihrer Reise zu machen. Verlassen Sie sich auf uns, wenn es um lokale Tipps, empfohlene Routen und Attraktionen geht, die Sie unbedingt besuchen sollten und die vielleicht nicht in Ihrem Reisef\u00fchrer stehen.<\/p><p><strong>6. Unvergessliche Erinnerungen:<\/strong>&nbsp;Balis Sch\u00f6nheit geht \u00fcber die Touristenattraktionen hinaus. Stellen Sie sich vor, Sie sto\u00dfen auf unber\u00fchrte Str\u00e4nde, versteckte Wasserf\u00e4lle und authentische Restaurants abseits der ausgetretenen Pfade. Unsere Motorradvermietungen geben Ihnen die Freiheit, Erinnerungen zu schaffen, die ein Leben lang halten.<\/p><p><strong>Buchen Sie noch heute Ihr Bali-Motorradabenteuer!<\/strong><\/p><p>Ihr Bali-Abenteuer beginnt mit dem Drehen des Gashebels. Erleben Sie die Naturwunder, die reiche Kultur und die atemberaubenden Landschaften der Insel auf eine Weise, die nur ein Motorrad bieten kann. Ob Sie allein reisen, ein Paar auf der Suche nach einem romantischen Ausflug sind oder eine Gruppe von Freunden auf der Suche nach Nervenkitzel, unsere Motorradvermietung hat f\u00fcr jeden etwas zu bieten.<\/p><p>Entdecken Sie das wahre Bali mit unseren zuverl\u00e4ssigen, gut gewarteten Motorr\u00e4dern und unserer fachkundigen Unterst\u00fctzung. Beginnen Sie Ihre Reise zu unvergleichlichen Erkundungen und Entdeckungen, indem Sie Ihr Motorrad noch heute buchen. Machen Sie sich bereit f\u00fcr ein unvergessliches Abenteuer, das Sie nach mehr verlangen l\u00e4sst.<\/p>","protected":false},"excerpt":{"rendered":"<p>Entdecken Sie Balis verborgene Sch\u00e4tze auf zwei R\u00e4dern mit unserem erstklassigen Motorradverleih. Genie\u00dfen Sie die Freiheit der offenen Stra\u00dfe, w\u00e4hrend Sie Str\u00e4nde, Reisterrassen und mehr erkunden. Buchen Sie jetzt f\u00fcr ein unvergessliches Abenteuer! Sind Sie bereit, Bali wie nie zuvor zu erleben? Stellen Sie sich vor, Sie fahren auf malerischen K\u00fcstenstra\u00dfen, schl\u00e4ngeln sich durch \u00fcppig&hellip;&nbsp;<a href=\"https:\/\/balibestmotorcycle.com\/de\/entdecken-sie-bali-mit-den-besten-motorradverleihen\" class=\"\" rel=\"bookmark\">Weiterlesen &raquo;<span class=\"screen-reader-text\">Entdecken Sie Bali mit den besten Motorradverleihen<\/span><\/a><\/p>\n","protected":false},"author":1,"featured_media":0,"parent":0,"menu_order":0,"comment_status":"closed","ping_status":"closed","template":"","meta":{"neve_meta_sidebar":"","neve_meta_container":"","neve_meta_enable_content_width":"","neve_meta_content_width":0,"neve_meta_title_alignment":"","neve_meta_author_avatar":"","neve_post_elements_order":"","neve_meta_disable_header":"","neve_meta_disable_footer":"","neve_meta_disable_title":"","_ti_tpc_template_sync":false,"_ti_tpc_template_id":"","footnotes":""},"class_list":["post-3270","page","type-page","status-publish","hentry"],"_links":{"self":[{"href":"https:\/\/balibestmotorcycle.com\/de\/wp-json\/wp\/v2\/pages\/3270","targetHints":{"allow":["GET"]}}],"collection":[{"href":"https:\/\/balibestmotorcycle.com\/de\/wp-json\/wp\/v2\/pages"}],"about":[{"href":"https:\/\/balibestmotorcycle.com\/de\/wp-json\/wp\/v2\/types\/page"}],"author":[{"embeddable":true,"href":"https:\/\/balibestmotorcycle.com\/de\/wp-json\/wp\/v2\/users\/1"}],"replies":[{"embeddable":true,"href":"https:\/\/balibestmotorcycle.com\/de\/wp-json\/wp\/v2\/comments?post=3270"}],"version-history":[{"count":1,"href":"https:\/\/balibestmotorcycle.com\/de\/wp-json\/wp\/v2\/pages\/3270\/revisions"}],"predecessor-version":[{"id":3271,"href":"https:\/\/balibestmotorcycle.com\/de\/wp-json\/wp\/v2\/pages\/3270\/revisions\/3271"}],"wp:attachment":[{"href":"https:\/\/balibestmotorcycle.com\/de\/wp-json\/wp\/v2\/media?parent=3270"}],"curies":[{"name":"wp","href":"https:\/\/api.w.org\/{rel}","templated":true}]}}