{"id":3262,"date":"2023-06-22T00:54:07","date_gmt":"2023-06-22T00:54:07","guid":{"rendered":"https:\/\/balibestmotorcycle.com\/?page_id=3262"},"modified":"2024-07-16T16:38:35","modified_gmt":"2024-07-16T16:38:35","slug":"entdecken-sie-bali-mit-dem-motorrad","status":"publish","type":"page","link":"https:\/\/balibestmotorcycle.com\/de\/entdecken-sie-bali-mit-dem-motorrad","title":{"rendered":"Entdecken Sie Bali mit dem Motorrad"},"content":{"rendered":"<p>Bali ist ein beliebtes und fantastisches Ziel f\u00fcr einen Motorradausflug. Bali ist bekannt f\u00fcr seine atemberaubenden Landschaften, malerischen Str\u00e4nde, lebendige Kultur und seinen einzigartigen Charme und bietet Motorradfans ein gro\u00dfartiges Erlebnis. Hier sind einige Gr\u00fcnde, warum Bali ein gutes Ziel f\u00fcr einen Motorradausflug ist:<\/p><ol class=\"wp-block-list\"><li>Panoramastra\u00dfen: Bali hat wundersch\u00f6ne Landschaften, die man am besten mit dem Motorrad erkundet. Von \u00fcppigen Reisterrassen in Ubud bis hin zu dramatischen K\u00fcstenstra\u00dfen gibt es viele Panoramastra\u00dfen, die Sie befahren k\u00f6nnen. Die Insel bietet eine abwechslungsreiche Landschaft, darunter Vulkane, rauschende Wasserf\u00e4lle und traditionelle D\u00f6rfer, sodass Sie w\u00e4hrend Ihrer Reise viele Sehensw\u00fcrdigkeiten genie\u00dfen k\u00f6nnen.<\/li>\n\n<li>Freiheit und Flexibilit\u00e4t: Wenn Sie mit dem Motorrad reisen, haben Sie die Freiheit, Bali in Ihrem eigenen Tempo zu erkunden und sich abseits der ausgetretenen Pfade zu bewegen. Sie k\u00f6nnen problemlos durch enge Stra\u00dfen navigieren und versteckte Sch\u00e4tze erreichen, die mit dem Auto m\u00f6glicherweise nicht erreichbar sind. Motorr\u00e4der bieten auch Flexibilit\u00e4t in Bezug auf das Anhalten an verschiedenen Sehensw\u00fcrdigkeiten und das Einlegen von Umwegen, wann immer Sie m\u00f6chten.<\/li>\n\n<li>Eintauchen in die Kultur: Bali ist f\u00fcr seine reiche Kultur und Traditionen bekannt. Beim Motorradfahren k\u00f6nnen Sie noch intensiver in die Kultur eintauchen und die lokale Lebensweise kennenlernen. Sie k\u00f6nnen traditionelle Tempel besuchen, farbenfrohe Zeremonien miterleben, mit freundlichen Einheimischen interagieren und ein tieferes Verst\u00e4ndnis f\u00fcr die balinesische Kultur entwickeln.<\/li>\n\n<li>Strandhopping: Bali ist ber\u00fchmt f\u00fcr seine atemberaubenden Str\u00e4nde und mit einem Motorrad k\u00f6nnen Sie diese bequemer erkunden. Sie k\u00f6nnen beliebte Str\u00e4nde wie Kuta, Seminyak und Uluwatu besuchen oder versteckte und weniger \u00fcberf\u00fcllte Str\u00e4nde entlang der K\u00fcste entdecken. Eine Fahrt entlang Balis malerischer K\u00fcstenstra\u00dfen mit der Meeresbrise ist ein aufregendes Erlebnis.<\/li>\n\n<li>Kulinarische Gen\u00fcsse: Bali bietet eine gro\u00dfe Auswahl an kulinarischen Gen\u00fcssen, von lokalem Street Food bis hin zu gehobener K\u00fcche. Mit dem Motorrad k\u00f6nnen Sie problemlos an verschiedenen Imbissst\u00e4nden, Warungs (lokalen Esslokalen) und Restaurants anhalten, um traditionelle balinesische K\u00fcche oder internationale Gerichte zu probieren. Die Erkundung der Insel mit dem Motorrad verleiht Ihrer gastronomischen Reise ein Gef\u00fchl von Abenteuer.<\/li><\/ol><p>Beim Motorradfahren auf Bali ist Sicherheit oberste Priorit\u00e4t. Stellen Sie sicher, dass Sie einen g\u00fcltigen F\u00fchrerschein haben, tragen Sie einen Helm, befolgen Sie die Verkehrsregeln und machen Sie sich mit den \u00f6rtlichen Fahrbedingungen vertraut. Ber\u00fccksichtigen Sie au\u00dferdem die Wetter- und Stra\u00dfenbedingungen w\u00e4hrend Ihres Besuchs, da es auf Bali Regenzeiten gibt, die bestimmte Gebiete beeintr\u00e4chtigen k\u00f6nnen.<\/p><p>Insgesamt bietet Bali eine tolle Kombination aus landschaftlicher Sch\u00f6nheit, kulturellen Erlebnissen und dem Nervenkitzel des Motorradfahrens und ist damit ein wunderbares Ziel f\u00fcr einen Motorradausflug.<\/p>","protected":false},"excerpt":{"rendered":"<p>Bali ist ein beliebtes und fantastisches Ziel f\u00fcr einen Motorradausflug. Bali ist bekannt f\u00fcr seine atemberaubenden Landschaften, malerischen Str\u00e4nde, lebendige Kultur und seinen einzigartigen Charme und bietet Motorradfans ein gro\u00dfartiges Erlebnis. Hier sind einige Gr\u00fcnde, warum Bali ein gutes Ziel f\u00fcr einen Motorradausflug ist: Beim Motorradfahren auf Bali ist Sicherheit oberste Priorit\u00e4t. Stellen Sie sicher,&hellip;&nbsp;<a href=\"https:\/\/balibestmotorcycle.com\/de\/entdecken-sie-bali-mit-dem-motorrad\" class=\"\" rel=\"bookmark\">Weiterlesen &raquo;<span class=\"screen-reader-text\">Entdecken Sie Bali mit dem Motorrad<\/span><\/a><\/p>\n","protected":false},"author":1,"featured_media":0,"parent":0,"menu_order":0,"comment_status":"closed","ping_status":"closed","template":"","meta":{"neve_meta_sidebar":"","neve_meta_container":"","neve_meta_enable_content_width":"","neve_meta_content_width":0,"neve_meta_title_alignment":"","neve_meta_author_avatar":"","neve_post_elements_order":"","neve_meta_disable_header":"","neve_meta_disable_footer":"","neve_meta_disable_title":"","_ti_tpc_template_sync":false,"_ti_tpc_template_id":"","footnotes":""},"class_list":["post-3262","page","type-page","status-publish","hentry"],"_links":{"self":[{"href":"https:\/\/balibestmotorcycle.com\/de\/wp-json\/wp\/v2\/pages\/3262","targetHints":{"allow":["GET"]}}],"collection":[{"href":"https:\/\/balibestmotorcycle.com\/de\/wp-json\/wp\/v2\/pages"}],"about":[{"href":"https:\/\/balibestmotorcycle.com\/de\/wp-json\/wp\/v2\/types\/page"}],"author":[{"embeddable":true,"href":"https:\/\/balibestmotorcycle.com\/de\/wp-json\/wp\/v2\/users\/1"}],"replies":[{"embeddable":true,"href":"https:\/\/balibestmotorcycle.com\/de\/wp-json\/wp\/v2\/comments?post=3262"}],"version-history":[{"count":1,"href":"https:\/\/balibestmotorcycle.com\/de\/wp-json\/wp\/v2\/pages\/3262\/revisions"}],"predecessor-version":[{"id":3263,"href":"https:\/\/balibestmotorcycle.com\/de\/wp-json\/wp\/v2\/pages\/3262\/revisions\/3263"}],"wp:attachment":[{"href":"https:\/\/balibestmotorcycle.com\/de\/wp-json\/wp\/v2\/media?parent=3262"}],"curies":[{"name":"wp","href":"https:\/\/api.w.org\/{rel}","templated":true}]}}