{"id":3248,"date":"2024-07-01T03:56:30","date_gmt":"2024-07-01T03:56:30","guid":{"rendered":"https:\/\/balibestmotorcycle.com\/?page_id=3248"},"modified":"2024-07-16T15:49:26","modified_gmt":"2024-07-16T15:49:26","slug":"entdecken-sie-bali-eine-mischung-aus-kultur-natur-und-kunst","status":"publish","type":"page","link":"https:\/\/balibestmotorcycle.com\/de\/entdecken-sie-bali-eine-mischung-aus-kultur-natur-und-kunst","title":{"rendered":"Entdecken Sie Bali: Eine Mischung aus Kultur, Natur und Kunst"},"content":{"rendered":"<figure class=\"wp-block-image size-full\"><img fetchpriority=\"high\" decoding=\"async\" width=\"1024\" height=\"1024\" src=\"https:\/\/balibestmotorcycle.com\/wp-content\/uploads\/2024\/07\/877fb1be-9973-491e-a0bd-e12f491f83cb-1.jpeg\" alt=\"\" class=\"wp-image-2759\" title=\"\" srcset=\"https:\/\/balibestmotorcycle.com\/wp-content\/uploads\/2024\/07\/877fb1be-9973-491e-a0bd-e12f491f83cb-1.jpeg 1024w, https:\/\/balibestmotorcycle.com\/wp-content\/uploads\/2024\/07\/877fb1be-9973-491e-a0bd-e12f491f83cb-1-300x300.jpeg 300w, https:\/\/balibestmotorcycle.com\/wp-content\/uploads\/2024\/07\/877fb1be-9973-491e-a0bd-e12f491f83cb-1-100x100.jpeg 100w, https:\/\/balibestmotorcycle.com\/wp-content\/uploads\/2024\/07\/877fb1be-9973-491e-a0bd-e12f491f83cb-1-600x600.jpeg 600w, https:\/\/balibestmotorcycle.com\/wp-content\/uploads\/2024\/07\/877fb1be-9973-491e-a0bd-e12f491f83cb-1-150x150.jpeg 150w, https:\/\/balibestmotorcycle.com\/wp-content\/uploads\/2024\/07\/877fb1be-9973-491e-a0bd-e12f491f83cb-1-768x768.jpeg 768w\" sizes=\"(max-width: 1024px) 100vw, 1024px\" \/><\/figure><h1 class=\"wp-block-heading\"><\/h1><p>Wenn es um Aktivit\u00e4ten auf Bali geht, kann Ihr Urlaub voller kultureller Sch\u00e4tze, Naturwunder, k\u00fcnstlerischer Erlebnisse und spiritueller Momente sein. Hier sind einige Highlights:<\/p><ol class=\"wp-block-list\"><li><strong>Str\u00e4nde auf Bali<\/strong>\u00a0: Von den palmenges\u00e4umten wei\u00dfen Sandstr\u00e4nden von Kuta, Nusa Dua und Sanur bis zu den von Klippen gesch\u00fctzten \u201eversteckten\u201c Str\u00e4nden von Uluwatu bietet Bali vielf\u00e4ltige K\u00fcstenerlebnisse. Entdecken Sie sowohl beliebte als auch geheime Str\u00e4nde.<\/li><\/ol><figure class=\"wp-block-image\"><img decoding=\"async\" src=\"https:\/\/www.bing.com\/th?id=OSK.HERO7jRdS_F1nE24BHsRnCoPHkXuHipZaBxLhvrFfmmTaHs&amp;pid=cdx&amp;w=200&amp;h=118&amp;c=7\" alt=\"Tanah Lot\" title=\"\"><\/figure><ol class=\"wp-block-list\" start=\"2\"><li><strong>Tanah Lot-Tempel<\/strong>\u00a0: Dieser ikonische Meerestempel steht auf einem Felsen, umgeben von tosenden Wellen. Sonnenunterg\u00e4nge am Tanah Lot sorgen f\u00fcr postkartenw\u00fcrdige Bilder.<\/li><\/ol><figure class=\"wp-block-image\"><img decoding=\"async\" src=\"https:\/\/www.bing.com\/th?id=OSK.HEROEyR8BP2dpiMCLmFXAkgYBUy_hg6GXuqwcUHxVMOkz_g&amp;pid=cdx&amp;w=200&amp;h=118&amp;c=7\" alt=\"Uluwatu Temple\" title=\"\"><\/figure><ol class=\"wp-block-list\" start=\"3\"><li><strong>Uluwatu-Tempel<\/strong>\u00a0: Uluwatu liegt auf einer Klippe und ist einer der wichtigsten Meerestempel Balis. Genie\u00dfen Sie die atemberaubende Aussicht und beobachten Sie Langschwanzmakaken.<\/li><\/ol><figure class=\"wp-block-image\"><img decoding=\"async\" src=\"https:\/\/www.bing.com\/th?id=OSK.HEROPKAWJ_oKwU9RZ8FTlFxPwWOQqQf4RxICNT19C9r5fxw&amp;pid=cdx&amp;w=200&amp;h=118&amp;c=7\" alt=\"Ubud\" title=\"\"><\/figure><ol class=\"wp-block-list\" start=\"4\"><li><strong>Die Reisterrassen von Ubud<\/strong>\u00a0: Fahren Sie landeinw\u00e4rts nach Ubud, wo malerische Reisfelder tolle Fotomotive bieten.<\/li><\/ol><p>Denken Sie daran, Bali vereint Abenteuer, Entspannung und das Eintauchen in die Kultur \u2013 ein Paradies, das darauf wartet, erkundet zu werden!<img decoding=\"async\" src=\"https:\/\/s.w.org\/images\/core\/emoji\/15.0.3\/svg\/1f334.svg\" alt=\"\ud83c\udf34\" style=\"width: 20px;\" title=\"\"><img decoding=\"async\" src=\"https:\/\/s.w.org\/images\/core\/emoji\/15.0.3\/svg\/1f305.svg\" alt=\"\ud83c\udf05\" style=\"width: 20px;\" title=\"\"><\/p><p> <\/p><p><\/p>","protected":false},"excerpt":{"rendered":"<p>Wenn es um Aktivit\u00e4ten auf Bali geht, kann Ihr Urlaub voller kultureller Sch\u00e4tze, Naturwunder, k\u00fcnstlerischer Erlebnisse und spiritueller Momente sein. Hier sind einige Highlights: Denken Sie daran, Bali vereint Abenteuer, Entspannung und das Eintauchen in die Kultur \u2013 ein Paradies, das darauf wartet, erkundet zu werden!<\/p>\n","protected":false},"author":1,"featured_media":0,"parent":0,"menu_order":0,"comment_status":"closed","ping_status":"closed","template":"","meta":{"neve_meta_sidebar":"","neve_meta_container":"","neve_meta_enable_content_width":"","neve_meta_content_width":0,"neve_meta_title_alignment":"","neve_meta_author_avatar":"","neve_post_elements_order":"","neve_meta_disable_header":"","neve_meta_disable_footer":"","neve_meta_disable_title":"","_ti_tpc_template_sync":false,"_ti_tpc_template_id":"","footnotes":""},"class_list":["post-3248","page","type-page","status-publish","hentry"],"_links":{"self":[{"href":"https:\/\/balibestmotorcycle.com\/de\/wp-json\/wp\/v2\/pages\/3248","targetHints":{"allow":["GET"]}}],"collection":[{"href":"https:\/\/balibestmotorcycle.com\/de\/wp-json\/wp\/v2\/pages"}],"about":[{"href":"https:\/\/balibestmotorcycle.com\/de\/wp-json\/wp\/v2\/types\/page"}],"author":[{"embeddable":true,"href":"https:\/\/balibestmotorcycle.com\/de\/wp-json\/wp\/v2\/users\/1"}],"replies":[{"embeddable":true,"href":"https:\/\/balibestmotorcycle.com\/de\/wp-json\/wp\/v2\/comments?post=3248"}],"version-history":[{"count":1,"href":"https:\/\/balibestmotorcycle.com\/de\/wp-json\/wp\/v2\/pages\/3248\/revisions"}],"predecessor-version":[{"id":3249,"href":"https:\/\/balibestmotorcycle.com\/de\/wp-json\/wp\/v2\/pages\/3248\/revisions\/3249"}],"wp:attachment":[{"href":"https:\/\/balibestmotorcycle.com\/de\/wp-json\/wp\/v2\/media?parent=3248"}],"curies":[{"name":"wp","href":"https:\/\/api.w.org\/{rel}","templated":true}]}}