{"id":3165,"date":"2023-06-21T01:01:18","date_gmt":"2023-06-21T01:01:18","guid":{"rendered":"https:\/\/balibestmotorcycle.com\/?page_id=3165"},"modified":"2024-07-16T13:13:28","modified_gmt":"2024-07-16T13:13:28","slug":"die-besten-veganen-restaurants-auf-bali","status":"publish","type":"page","link":"https:\/\/balibestmotorcycle.com\/de\/die-besten-veganen-restaurants-auf-bali","title":{"rendered":"Die besten veganen Restaurants auf Bali"},"content":{"rendered":"<p>Bali ist f\u00fcr seine lebendige Gastronomieszene bekannt und es gibt mehrere ausgezeichnete vegane Restaurants, die der wachsenden Nachfrage nach pflanzlicher K\u00fcche gerecht werden. Hier sind einige der besten veganen Restaurants auf Bali:<\/p><ol class=\"wp-block-list\"><li>Alchemy (Ubud): Alchemy ist ein beliebtes roh-veganes Caf\u00e9 in Ubud. Es bietet eine gro\u00dfe Auswahl an k\u00f6stlichen und gesunden Gerichten, darunter Smoothie-Bowls, Salate, rohe Desserts und frische S\u00e4fte. An das Caf\u00e9 angeschlossen ist auch ein Bioladen.<\/li>\n\n<li>The Shady Shack (Canggu): The Shady Shack in Canggu ist ein charmantes Open-Air-Restaurant, das f\u00fcr seine veganen und vegetarischen Gerichte bekannt ist. Es werden verschiedene Optionen angeboten, darunter pflanzliche Burger, bunte Salate und nahrhafte Bowls. Verpassen Sie nicht die veganen Desserts!<\/li>\n\n<li>Sage (Ubud und Seminyak): Sage hat zwei Standorte in Ubud und Seminyak und bietet eine abwechslungsreiche Speisekarte mit veganen und vegetarischen Gerichten. Auf der Speisekarte stehen kreative Salate, gesunde Bowls, Rohkost-Optionen und leckere Desserts. Es sind auch glutenfreie Optionen verf\u00fcgbar.<\/li>\n\n<li>Clear Cafe (Ubud): Das Clear Cafe in Ubud ist bei gesundheitsbewussten Reisenden sehr beliebt. Es bietet eine Reihe veganer und vegetarischer Optionen, darunter herzhafte Suppen, Buddha-Bowls, Wraps und Smoothies. Das Caf\u00e9 hat eine entspannte Atmosph\u00e4re und einen wundersch\u00f6nen Garten.<\/li>\n\n<li>Zest (Seminyak): Zest ist ein beliebtes veganes Restaurant in Seminyak, das eine Vielzahl pflanzlicher Gerichte mit Schwerpunkt auf asiatischen Aromen serviert. Von farbenfrohen veganen Sushi-Rollen bis hin zu nahrhaften Schalen und erfrischenden S\u00e4ften bietet Zest ein k\u00f6stliches kulinarisches Erlebnis.<\/li>\n\n<li>Moksa (Ubud): Moksa ist ein veganes Restaurant in Ubud, das seine Produkte direkt vom Erzeuger bezieht und Wert auf biologische und regionale Zutaten legt. Auf der Speisekarte stehen einfallsreiche Gerichte auf pflanzlicher Basis, wie Jackfrucht-Tacos, rohe Lasagne und kreative Desserts. Au\u00dferdem werden Workshops und Kochkurse angeboten.<\/li><\/ol><p>Dies sind nur einige Beispiele, und Bali hat zahlreiche weitere veganfreundliche Restaurants und Caf\u00e9s. Egal, ob Sie in Ubud, Seminyak oder anderen Gegenden Balis sind, Sie werden viele M\u00f6glichkeiten finden, Ihren veganen Appetit zu stillen.<\/p>","protected":false},"excerpt":{"rendered":"<p>Bali ist f\u00fcr seine lebendige Gastronomieszene bekannt und es gibt mehrere ausgezeichnete vegane Restaurants, die der wachsenden Nachfrage nach pflanzlicher K\u00fcche gerecht werden. Hier sind einige der besten veganen Restaurants auf Bali: Dies sind nur einige Beispiele, und Bali hat zahlreiche weitere veganfreundliche Restaurants und Caf\u00e9s. Egal, ob Sie in Ubud, Seminyak oder anderen Gegenden&hellip;&nbsp;<a href=\"https:\/\/balibestmotorcycle.com\/de\/die-besten-veganen-restaurants-auf-bali\" class=\"\" rel=\"bookmark\">Weiterlesen &raquo;<span class=\"screen-reader-text\">Die besten veganen Restaurants auf Bali<\/span><\/a><\/p>\n","protected":false},"author":1,"featured_media":0,"parent":0,"menu_order":0,"comment_status":"closed","ping_status":"closed","template":"","meta":{"neve_meta_sidebar":"","neve_meta_container":"","neve_meta_enable_content_width":"","neve_meta_content_width":0,"neve_meta_title_alignment":"","neve_meta_author_avatar":"","neve_post_elements_order":"","neve_meta_disable_header":"","neve_meta_disable_footer":"","neve_meta_disable_title":"","_ti_tpc_template_sync":false,"_ti_tpc_template_id":"","footnotes":""},"class_list":["post-3165","page","type-page","status-publish","hentry"],"_links":{"self":[{"href":"https:\/\/balibestmotorcycle.com\/de\/wp-json\/wp\/v2\/pages\/3165","targetHints":{"allow":["GET"]}}],"collection":[{"href":"https:\/\/balibestmotorcycle.com\/de\/wp-json\/wp\/v2\/pages"}],"about":[{"href":"https:\/\/balibestmotorcycle.com\/de\/wp-json\/wp\/v2\/types\/page"}],"author":[{"embeddable":true,"href":"https:\/\/balibestmotorcycle.com\/de\/wp-json\/wp\/v2\/users\/1"}],"replies":[{"embeddable":true,"href":"https:\/\/balibestmotorcycle.com\/de\/wp-json\/wp\/v2\/comments?post=3165"}],"version-history":[{"count":1,"href":"https:\/\/balibestmotorcycle.com\/de\/wp-json\/wp\/v2\/pages\/3165\/revisions"}],"predecessor-version":[{"id":3166,"href":"https:\/\/balibestmotorcycle.com\/de\/wp-json\/wp\/v2\/pages\/3165\/revisions\/3166"}],"wp:attachment":[{"href":"https:\/\/balibestmotorcycle.com\/de\/wp-json\/wp\/v2\/media?parent=3165"}],"curies":[{"name":"wp","href":"https:\/\/api.w.org\/{rel}","templated":true}]}}