{"id":3157,"date":"2023-06-18T05:39:33","date_gmt":"2023-06-18T05:39:33","guid":{"rendered":"https:\/\/balibestmotorcycle.com\/?page_id=3157"},"modified":"2024-07-16T13:09:49","modified_gmt":"2024-07-16T13:09:49","slug":"beste-zeit-um-auf-bali-ein-motorrad-zu-mieten","status":"publish","type":"page","link":"https:\/\/balibestmotorcycle.com\/de\/beste-zeit-um-auf-bali-ein-motorrad-zu-mieten","title":{"rendered":"Beste Zeit, um auf Bali ein Motorrad zu mieten"},"content":{"rendered":"<p>Die beste Zeit, um auf Bali ein Motorrad zu mieten, h\u00e4ngt von Ihren pers\u00f6nlichen Vorlieben und den Wetterbedingungen auf der Insel ab. Hier sind einige Faktoren, die Sie bei der Wahl des Zeitpunkts f\u00fcr die Anmietung eines Motorrads auf Bali ber\u00fccksichtigen sollten:<\/p><ol class=\"wp-block-list\"><li>Trockenzeit: Die Trockenzeit auf Bali dauert normalerweise von April bis September, wobei Juli und August die Hauptmonate sind. W\u00e4hrend dieser Zeit ist das Wetter im Allgemeinen sonnig und es regnet kaum, was es zu einer idealen Zeit f\u00fcr Motorradausfl\u00fcge macht. Die Stra\u00dfen sind weniger rutschig und Sie k\u00f6nnen einen klaren Himmel und eine bessere Sicht genie\u00dfen.<\/li>\n\n<li>Nebensaison: Erw\u00e4gen Sie, in der Nebensaison, die normalerweise au\u00dferhalb der Hochsaison liegt, ein Motorrad zu mieten. W\u00e4hrend dieser Zeit sind die Mietpreise m\u00f6glicherweise g\u00fcnstiger und es herrscht wahrscheinlich weniger Andrang auf den Stra\u00dfen und an den Touristenattraktionen.<\/li>\n\n<li>Vermeiden Sie stark befahrene Gebiete: Bali ist ein beliebtes Touristenziel und in der Hochsaison oder an Wochenenden k\u00f6nnen bestimmte Gebiete \u00fcberf\u00fcllt sein. Wenn Sie es lieber entspannter und weniger \u00fcberf\u00fcllt m\u00f6gen, sollten Sie unter der Woche ein Motorrad mieten oder weniger bekannte oder abseits gelegene Ziele erkunden.<\/li>\n\n<li>Besondere Veranstaltungen und Festivals: Bali veranstaltet das ganze Jahr \u00fcber verschiedene kulturelle Veranstaltungen und Festivals. Wenn Sie in die lokale Kultur eintauchen m\u00f6chten, sollten Sie Ihren Motorradverleih so planen, dass er mit Festivals wie Galungan, Nyepi oder dem Ubud Writers and Readers Festival zusammenf\u00e4llt. Beachten Sie jedoch, dass diese Veranstaltungen gr\u00f6\u00dfere Menschenmengen anziehen k\u00f6nnen und eine vorsichtige Navigation auf den Stra\u00dfen erfordern.<\/li>\n\n<li>Pers\u00f6nlicher Komfort: \u00dcberlegen Sie, wie wohl Sie sich beim Motorradfahren bei unterschiedlichen Wetterbedingungen f\u00fchlen. Manche Leute bevorzugen vielleicht die k\u00fchleren Temperaturen und etwas weniger Niederschlag w\u00e4hrend der Nebensaison (April-Mai und September-Oktober), wenn sie ein Motorrad mieten.<\/li>\n\n<li>\u00dcberlegungen zur Vorbuchung: Wenn Sie konkrete Daten f\u00fcr Ihre Reise nach Bali im Auge haben, empfiehlt es sich, Ihr Motorrad im Voraus zu mieten, um die Verf\u00fcgbarkeit zu sichern und m\u00f6glicherweise von Fr\u00fchbucherrabatten zu profitieren.<\/li><\/ol><p>Denken Sie daran, den Wetterbericht zu pr\u00fcfen, bevor Sie ein Motorrad mieten, und planen Sie entsprechend. Bedenken Sie, dass die Wetterbedingungen unvorhersehbar sein k\u00f6nnen. Seien Sie also immer vorsichtig und legen Sie beim Fahren Wert auf Sicherheit, unabh\u00e4ngig von der Jahreszeit.<\/p>","protected":false},"excerpt":{"rendered":"<p>Die beste Zeit, um auf Bali ein Motorrad zu mieten, h\u00e4ngt von Ihren pers\u00f6nlichen Vorlieben und den Wetterbedingungen auf der Insel ab. Hier sind einige Faktoren, die Sie bei der Wahl des Zeitpunkts f\u00fcr die Anmietung eines Motorrads auf Bali ber\u00fccksichtigen sollten: Denken Sie daran, den Wetterbericht zu pr\u00fcfen, bevor Sie ein Motorrad mieten, und&hellip;&nbsp;<a href=\"https:\/\/balibestmotorcycle.com\/de\/beste-zeit-um-auf-bali-ein-motorrad-zu-mieten\" class=\"\" rel=\"bookmark\">Weiterlesen &raquo;<span class=\"screen-reader-text\">Beste Zeit, um auf Bali ein Motorrad zu mieten<\/span><\/a><\/p>\n","protected":false},"author":1,"featured_media":0,"parent":0,"menu_order":0,"comment_status":"closed","ping_status":"closed","template":"","meta":{"neve_meta_sidebar":"","neve_meta_container":"","neve_meta_enable_content_width":"","neve_meta_content_width":0,"neve_meta_title_alignment":"","neve_meta_author_avatar":"","neve_post_elements_order":"","neve_meta_disable_header":"","neve_meta_disable_footer":"","neve_meta_disable_title":"","_ti_tpc_template_sync":false,"_ti_tpc_template_id":"","footnotes":""},"class_list":["post-3157","page","type-page","status-publish","hentry"],"_links":{"self":[{"href":"https:\/\/balibestmotorcycle.com\/de\/wp-json\/wp\/v2\/pages\/3157","targetHints":{"allow":["GET"]}}],"collection":[{"href":"https:\/\/balibestmotorcycle.com\/de\/wp-json\/wp\/v2\/pages"}],"about":[{"href":"https:\/\/balibestmotorcycle.com\/de\/wp-json\/wp\/v2\/types\/page"}],"author":[{"embeddable":true,"href":"https:\/\/balibestmotorcycle.com\/de\/wp-json\/wp\/v2\/users\/1"}],"replies":[{"embeddable":true,"href":"https:\/\/balibestmotorcycle.com\/de\/wp-json\/wp\/v2\/comments?post=3157"}],"version-history":[{"count":1,"href":"https:\/\/balibestmotorcycle.com\/de\/wp-json\/wp\/v2\/pages\/3157\/revisions"}],"predecessor-version":[{"id":3158,"href":"https:\/\/balibestmotorcycle.com\/de\/wp-json\/wp\/v2\/pages\/3157\/revisions\/3158"}],"wp:attachment":[{"href":"https:\/\/balibestmotorcycle.com\/de\/wp-json\/wp\/v2\/media?parent=3157"}],"curies":[{"name":"wp","href":"https:\/\/api.w.org\/{rel}","templated":true}]}}