{"id":3149,"date":"2023-06-21T01:03:27","date_gmt":"2023-06-21T01:03:27","guid":{"rendered":"https:\/\/balibestmotorcycle.com\/?page_id=3149"},"modified":"2024-07-16T13:02:24","modified_gmt":"2024-07-16T13:02:24","slug":"die-besten-surfspots-auf-bali","status":"publish","type":"page","link":"https:\/\/balibestmotorcycle.com\/de\/die-besten-surfspots-auf-bali","title":{"rendered":"Die besten Surfspots auf Bali"},"content":{"rendered":"<p>Bali ist f\u00fcr seine erstklassigen Surfspots bekannt und zieht Surfer aus aller Welt an. Hier sind einige der besten Surfspots auf Bali:<\/p><ol class=\"wp-block-list\"><li>Uluwatu: Uluwatu liegt an der S\u00fcdwestk\u00fcste Balis und ist einer der ber\u00fchmtesten Surfspots der Insel. Er bietet kraftvolle und gleichm\u00e4\u00dfige Riffwellen und ist daher ideal f\u00fcr erfahrene Surfer. Die beliebteste Welle in Uluwatu ist die ber\u00fchmte Uluwatu Left, die f\u00fcr ihre langen Wellen und Barrel-Abschnitte bekannt ist.<\/li>\n\n<li>Padang Padang: Padang Padang liegt in der N\u00e4he von Uluwatu und ist ein wundersch\u00f6ner Strand mit einem der ber\u00fchmtesten linksh\u00e4ndigen Riffbrecher Balis. Diese Welle ist kraftvoll und kann enorme Gr\u00f6\u00dfen erreichen, was erfahrenen Surfern ein aufregendes Erlebnis bietet.<\/li>\n\n<li>Canggu: Canggu ist ein beliebter Surfspot an Balis S\u00fcdwestk\u00fcste und bietet Surfern aller Niveaus etwas. Das Gebiet hat mehrere Breaks, darunter Batu Bolong, Echo Beach und Berawa. Die Wellen von Canggu sind im Allgemeinen nachsichtiger und f\u00fcr Anf\u00e4nger und Fortgeschrittene geeignet.<\/li>\n\n<li>Bingin: Bingin ist ein weiterer ber\u00fchmter Riffbruch auf der Halbinsel Bukit. Er bietet schnelle und hohle Linkswellen, die von erfahreneren Surfern bevorzugt werden. Die Welle bei Bingin kann aufgrund der flachen Riffabschnitte eine Herausforderung darstellen, aber erfahrene Surfer werden mit tollen Barrels belohnt.<\/li>\n\n<li>Keramas: Keramas liegt an der Ostk\u00fcste Balis und ist f\u00fcr seine kraftvolle und schnelle Riffwelle bekannt. Es ist eine anspruchsvolle Welle, deren Navigation Geschick und Erfahrung erfordert, weshalb sie eher f\u00fcr fortgeschrittene Surfer geeignet ist. Keramas ist als Austragungsort internationaler Surfwettbewerbe beliebt.<\/li>\n\n<li>Medewi: Medewi liegt an der Westk\u00fcste Balis und ist f\u00fcr seine lange, linksh\u00e4ndige Welle bekannt, die \u00fcber einem felsigen Riff bricht. Im Vergleich zu einigen der schwereren Breaks auf Bali bietet es eine sanftere und nachsichtigere Welle und ist daher f\u00fcr fortgeschrittene Surfer geeignet.<\/li><\/ol><p>Es ist wichtig zu beachten, dass die Wellen auf Bali je nach Jahreszeit und Wellengang in Intensit\u00e4t und Eignung variieren k\u00f6nnen. Es ist immer eine gute Idee, sich bei lokalen Surfschulen oder erfahrenen Surfern nach den besten Spots und Str\u00f6mungsbedingungen zu erkundigen. Dar\u00fcber hinaus ist es wichtig, verantwortungsbewusst zu surfen, die lokale Surfetikette zu respektieren und sich der potenziellen Gefahren wie Riffe und Str\u00f6mungen bewusst zu sein.<\/p>","protected":false},"excerpt":{"rendered":"<p>Bali ist f\u00fcr seine erstklassigen Surfspots bekannt und zieht Surfer aus aller Welt an. Hier sind einige der besten Surfspots auf Bali: Es ist wichtig zu beachten, dass die Wellen auf Bali je nach Jahreszeit und Wellengang in Intensit\u00e4t und Eignung variieren k\u00f6nnen. Es ist immer eine gute Idee, sich bei lokalen Surfschulen oder erfahrenen&hellip;&nbsp;<a href=\"https:\/\/balibestmotorcycle.com\/de\/die-besten-surfspots-auf-bali\" class=\"\" rel=\"bookmark\">Weiterlesen &raquo;<span class=\"screen-reader-text\">Die besten Surfspots auf Bali<\/span><\/a><\/p>\n","protected":false},"author":1,"featured_media":0,"parent":0,"menu_order":0,"comment_status":"closed","ping_status":"closed","template":"","meta":{"neve_meta_sidebar":"","neve_meta_container":"","neve_meta_enable_content_width":"","neve_meta_content_width":0,"neve_meta_title_alignment":"","neve_meta_author_avatar":"","neve_post_elements_order":"","neve_meta_disable_header":"","neve_meta_disable_footer":"","neve_meta_disable_title":"","_ti_tpc_template_sync":false,"_ti_tpc_template_id":"","footnotes":""},"class_list":["post-3149","page","type-page","status-publish","hentry"],"_links":{"self":[{"href":"https:\/\/balibestmotorcycle.com\/de\/wp-json\/wp\/v2\/pages\/3149","targetHints":{"allow":["GET"]}}],"collection":[{"href":"https:\/\/balibestmotorcycle.com\/de\/wp-json\/wp\/v2\/pages"}],"about":[{"href":"https:\/\/balibestmotorcycle.com\/de\/wp-json\/wp\/v2\/types\/page"}],"author":[{"embeddable":true,"href":"https:\/\/balibestmotorcycle.com\/de\/wp-json\/wp\/v2\/users\/1"}],"replies":[{"embeddable":true,"href":"https:\/\/balibestmotorcycle.com\/de\/wp-json\/wp\/v2\/comments?post=3149"}],"version-history":[{"count":1,"href":"https:\/\/balibestmotorcycle.com\/de\/wp-json\/wp\/v2\/pages\/3149\/revisions"}],"predecessor-version":[{"id":3150,"href":"https:\/\/balibestmotorcycle.com\/de\/wp-json\/wp\/v2\/pages\/3149\/revisions\/3150"}],"wp:attachment":[{"href":"https:\/\/balibestmotorcycle.com\/de\/wp-json\/wp\/v2\/media?parent=3149"}],"curies":[{"name":"wp","href":"https:\/\/api.w.org\/{rel}","templated":true}]}}