{"id":3141,"date":"2023-06-19T00:51:39","date_gmt":"2023-06-19T00:51:39","guid":{"rendered":"https:\/\/balibestmotorcycle.com\/?page_id=3141"},"modified":"2024-07-16T12:58:03","modified_gmt":"2024-07-16T12:58:03","slug":"die-besten-roller-auf-bali","status":"publish","type":"page","link":"https:\/\/balibestmotorcycle.com\/de\/die-besten-roller-auf-bali","title":{"rendered":"Die besten Roller auf Bali"},"content":{"rendered":"<p>Auf Bali k\u00f6nnen Roller verschiedener Marken gemietet werden. Die Verf\u00fcgbarkeit kann je nach gew\u00e4hltem Mietunternehmen variieren. Hier sind einige beliebte Rollermarken, die Sie beim Mieten eines Rollers auf Bali in Betracht ziehen k\u00f6nnen:<\/p><ol class=\"wp-block-list\"><li>Honda-Roller: Honda ist eine der g\u00e4ngigsten und zuverl\u00e4ssigsten Rollermarken auf Bali. Modelle wie Honda Vario, Honda Beat und Honda Scoopy sind bei Einheimischen und Touristen gleicherma\u00dfen beliebt.<\/li>\n\n<li>Yamaha-Scooter: Yamaha ist eine weitere bekannte Marke auf Bali. Scooter wie Yamaha NMAX, Yamaha Aerox und Yamaha Mio sind \u00fcberall zum Mieten erh\u00e4ltlich und bieten ein komfortables Fahrerlebnis.<\/li>\n\n<li>Vespa-Roller: Vespa-Roller haben ein klassisches und stilvolles Design und werden von vielen Besuchern bevorzugt, die einen Retro-Look w\u00fcnschen. Vespa LX, Vespa Primavera und Vespa GTS sind einige der beliebten Modelle, die Sie mieten k\u00f6nnen.<\/li>\n\n<li>Suzuki-Roller: Suzuki-Roller wie Suzuki Address und Suzuki Nex k\u00f6nnen auf Bali ebenfalls gemietet werden. Sie sind f\u00fcr ihre Zuverl\u00e4ssigkeit und Kraftstoffeffizienz bekannt.<\/li>\n\n<li>Kymco-Roller: Kymco ist eine taiwanesische Marke, die eine Reihe von Rollern anbietet. Modelle wie Kymco Like, Kymco Agility und Kymco People sind einige der Optionen, die Sie auf Bali finden k\u00f6nnen.<\/li><\/ol><p>Wenn Sie einen Motorroller mieten, ist es wichtig, ein seri\u00f6ses Vermietungsunternehmen zu w\u00e4hlen, das gut gewartete Roller anbietet und Versicherungsschutz bietet. \u00dcberpr\u00fcfen Sie den Roller vor der Anmietung auf Sch\u00e4den oder Probleme und machen Sie bei Bedarf Fotos. Tragen Sie immer einen Helm, befolgen Sie die Verkehrsregeln und seien Sie beim Fahren auf Balis Stra\u00dfen vorsichtig.<\/p>","protected":false},"excerpt":{"rendered":"<p>Auf Bali k\u00f6nnen Roller verschiedener Marken gemietet werden. Die Verf\u00fcgbarkeit kann je nach gew\u00e4hltem Mietunternehmen variieren. Hier sind einige beliebte Rollermarken, die Sie beim Mieten eines Rollers auf Bali in Betracht ziehen k\u00f6nnen: Wenn Sie einen Motorroller mieten, ist es wichtig, ein seri\u00f6ses Vermietungsunternehmen zu w\u00e4hlen, das gut gewartete Roller anbietet und Versicherungsschutz bietet. \u00dcberpr\u00fcfen&hellip;&nbsp;<a href=\"https:\/\/balibestmotorcycle.com\/de\/die-besten-roller-auf-bali\" class=\"\" rel=\"bookmark\">Weiterlesen &raquo;<span class=\"screen-reader-text\">Die besten Roller auf Bali<\/span><\/a><\/p>\n","protected":false},"author":1,"featured_media":0,"parent":0,"menu_order":0,"comment_status":"closed","ping_status":"closed","template":"","meta":{"neve_meta_sidebar":"","neve_meta_container":"","neve_meta_enable_content_width":"","neve_meta_content_width":0,"neve_meta_title_alignment":"","neve_meta_author_avatar":"","neve_post_elements_order":"","neve_meta_disable_header":"","neve_meta_disable_footer":"","neve_meta_disable_title":"","_ti_tpc_template_sync":false,"_ti_tpc_template_id":"","footnotes":""},"class_list":["post-3141","page","type-page","status-publish","hentry"],"_links":{"self":[{"href":"https:\/\/balibestmotorcycle.com\/de\/wp-json\/wp\/v2\/pages\/3141","targetHints":{"allow":["GET"]}}],"collection":[{"href":"https:\/\/balibestmotorcycle.com\/de\/wp-json\/wp\/v2\/pages"}],"about":[{"href":"https:\/\/balibestmotorcycle.com\/de\/wp-json\/wp\/v2\/types\/page"}],"author":[{"embeddable":true,"href":"https:\/\/balibestmotorcycle.com\/de\/wp-json\/wp\/v2\/users\/1"}],"replies":[{"embeddable":true,"href":"https:\/\/balibestmotorcycle.com\/de\/wp-json\/wp\/v2\/comments?post=3141"}],"version-history":[{"count":1,"href":"https:\/\/balibestmotorcycle.com\/de\/wp-json\/wp\/v2\/pages\/3141\/revisions"}],"predecessor-version":[{"id":3142,"href":"https:\/\/balibestmotorcycle.com\/de\/wp-json\/wp\/v2\/pages\/3141\/revisions\/3142"}],"wp:attachment":[{"href":"https:\/\/balibestmotorcycle.com\/de\/wp-json\/wp\/v2\/media?parent=3141"}],"curies":[{"name":"wp","href":"https:\/\/api.w.org\/{rel}","templated":true}]}}