{"id":3109,"date":"2023-06-19T01:01:05","date_gmt":"2023-06-19T01:01:05","guid":{"rendered":"https:\/\/balibestmotorcycle.com\/?page_id=3109"},"modified":"2024-07-16T12:40:04","modified_gmt":"2024-07-16T12:40:04","slug":"die-besten-wanderwege-abseits-der-ausgetretenen-pfade-auf-bali","status":"publish","type":"page","link":"https:\/\/balibestmotorcycle.com\/de\/die-besten-wanderwege-abseits-der-ausgetretenen-pfade-auf-bali","title":{"rendered":"Die besten Wanderwege abseits der ausgetretenen Pfade auf Bali"},"content":{"rendered":"<p>Bali bietet einige spannende Offroad-Strecken f\u00fcr Motorradfans, die gerne raues Gel\u00e4nde und abgelegene Ziele erkunden. Hier sind einige bemerkenswerte Offroad-Routen auf Bali:<\/p><ol class=\"wp-block-list\"><li>Mount Batur: Die Vulkanlandschaft rund um den Mount Batur in Kintamani bietet spannende Offroad-Strecken. Sie k\u00f6nnen auf Feldwegen, durch Vulkanasche und \u00fcber felsige Pfade fahren und dabei die atemberaubende Aussicht auf den Vulkan, die Caldera und die umliegende Landschaft genie\u00dfen.<\/li>\n\n<li>West Bali Nationalpark: Der West Bali Nationalpark liegt im westlichen Teil von Bali und ist ein Naturschutzgebiet mit abwechslungsreichem Gel\u00e4nde. Der Park bietet Offroad-Strecken, die sich durch W\u00e4lder, H\u00fcgel und K\u00fcstengebiete schl\u00e4ngeln, sodass Sie die Wildnis erkunden und Wildtiere beobachten k\u00f6nnen.<\/li>\n\n<li>Jatiluwih-Reisterrassen: Die zum UNESCO-Welterbe geh\u00f6renden Jatiluwih-Reisterrassen im Zentrum Balis bieten Offroad-Pfade, die Sie durch malerische Reisfelder und Landschaften f\u00fchren. Die Routen k\u00f6nnen manchmal anspruchsvoll sein, belohnen Sie jedoch mit wundersch\u00f6nen Panoramen und einem authentischen l\u00e4ndlichen Erlebnis.<\/li>\n\n<li>Tamblingan-See: In der N\u00e4he von Bedugul ist der Tamblingan-See von \u00fcppigen W\u00e4ldern und malerischen Landschaften umgeben. Sie k\u00f6nnen auf den Waldwegen rund um den See reiten, in die Natur eintauchen und die Ruhe der Gegend genie\u00dfen.<\/li>\n\n<li>Munduk- und Melanting-Wasserf\u00e4lle: Die Region Munduk im Norden Balis ist f\u00fcr ihre Wasserf\u00e4lle und ihre atemberaubende Natursch\u00f6nheit bekannt. Erkunden Sie Offroad-Pfade, die zu Wasserf\u00e4llen wie Munduk, Melanting und anderen versteckten Juwelen f\u00fchren, und genie\u00dfen Sie das \u00fcppige Gr\u00fcn und die erfrischenden Kaskaden.<\/li><\/ol><p>Es ist wichtig zu beachten, dass das Fahren im Gel\u00e4nde eine Herausforderung sein kann und Erfahrung, die richtige Sicherheitsausr\u00fcstung und ein geeignetes Motorrad erfordert. Wenn Sie kein erfahrener Fahrer sind oder das Gel\u00e4nde nicht kennen, ist es ratsam, einen lokalen F\u00fchrer zu engagieren oder an einer gef\u00fchrten Offroad-Tour teilzunehmen, um Ihre Sicherheit zu gew\u00e4hrleisten und das Beste aus Ihrem Offroad-Abenteuer auf Bali zu machen.<\/p>","protected":false},"excerpt":{"rendered":"<p>Bali bietet einige spannende Offroad-Strecken f\u00fcr Motorradfans, die gerne raues Gel\u00e4nde und abgelegene Ziele erkunden. Hier sind einige bemerkenswerte Offroad-Routen auf Bali: Es ist wichtig zu beachten, dass das Fahren im Gel\u00e4nde eine Herausforderung sein kann und Erfahrung, die richtige Sicherheitsausr\u00fcstung und ein geeignetes Motorrad erfordert. Wenn Sie kein erfahrener Fahrer sind oder das Gel\u00e4nde&hellip;&nbsp;<a href=\"https:\/\/balibestmotorcycle.com\/de\/die-besten-wanderwege-abseits-der-ausgetretenen-pfade-auf-bali\" class=\"\" rel=\"bookmark\">Weiterlesen &raquo;<span class=\"screen-reader-text\">Die besten Wanderwege abseits der ausgetretenen Pfade auf Bali<\/span><\/a><\/p>\n","protected":false},"author":1,"featured_media":0,"parent":0,"menu_order":0,"comment_status":"closed","ping_status":"closed","template":"","meta":{"neve_meta_sidebar":"","neve_meta_container":"","neve_meta_enable_content_width":"","neve_meta_content_width":0,"neve_meta_title_alignment":"","neve_meta_author_avatar":"","neve_post_elements_order":"","neve_meta_disable_header":"","neve_meta_disable_footer":"","neve_meta_disable_title":"","_ti_tpc_template_sync":false,"_ti_tpc_template_id":"","footnotes":""},"class_list":["post-3109","page","type-page","status-publish","hentry"],"_links":{"self":[{"href":"https:\/\/balibestmotorcycle.com\/de\/wp-json\/wp\/v2\/pages\/3109","targetHints":{"allow":["GET"]}}],"collection":[{"href":"https:\/\/balibestmotorcycle.com\/de\/wp-json\/wp\/v2\/pages"}],"about":[{"href":"https:\/\/balibestmotorcycle.com\/de\/wp-json\/wp\/v2\/types\/page"}],"author":[{"embeddable":true,"href":"https:\/\/balibestmotorcycle.com\/de\/wp-json\/wp\/v2\/users\/1"}],"replies":[{"embeddable":true,"href":"https:\/\/balibestmotorcycle.com\/de\/wp-json\/wp\/v2\/comments?post=3109"}],"version-history":[{"count":1,"href":"https:\/\/balibestmotorcycle.com\/de\/wp-json\/wp\/v2\/pages\/3109\/revisions"}],"predecessor-version":[{"id":3110,"href":"https:\/\/balibestmotorcycle.com\/de\/wp-json\/wp\/v2\/pages\/3109\/revisions\/3110"}],"wp:attachment":[{"href":"https:\/\/balibestmotorcycle.com\/de\/wp-json\/wp\/v2\/media?parent=3109"}],"curies":[{"name":"wp","href":"https:\/\/api.w.org\/{rel}","templated":true}]}}