{"id":3084,"date":"2023-06-18T06:03:35","date_gmt":"2023-06-18T06:03:35","guid":{"rendered":"https:\/\/balibestmotorcycle.com\/?page_id=3084"},"modified":"2024-07-16T11:28:11","modified_gmt":"2024-07-16T11:28:11","slug":"bali-ein-paradies-fuer-motorraeder","status":"publish","type":"page","link":"https:\/\/balibestmotorcycle.com\/de\/bali-ein-paradies-fuer-motorraeder","title":{"rendered":"Bali, ein Paradies f\u00fcr Motorr\u00e4der"},"content":{"rendered":"<div class=\"wp-block-image\"><figure class=\"aligncenter size-large\"><img fetchpriority=\"high\" decoding=\"async\" width=\"1024\" height=\"1024\" src=\"https:\/\/balibestmotorcycle.com\/wp-content\/uploads\/2024\/05\/Paradise-for-Motorbike-in-Bali-1-1024x1024.png\" alt=\"\" class=\"wp-image-967\" title=\"\" srcset=\"https:\/\/balibestmotorcycle.com\/wp-content\/uploads\/2024\/05\/Paradise-for-Motorbike-in-Bali-1-1024x1024.png 1024w, https:\/\/balibestmotorcycle.com\/wp-content\/uploads\/2024\/05\/Paradise-for-Motorbike-in-Bali-1-300x300.png 300w, https:\/\/balibestmotorcycle.com\/wp-content\/uploads\/2024\/05\/Paradise-for-Motorbike-in-Bali-1-100x100.png 100w, https:\/\/balibestmotorcycle.com\/wp-content\/uploads\/2024\/05\/Paradise-for-Motorbike-in-Bali-1-600x600.png 600w, https:\/\/balibestmotorcycle.com\/wp-content\/uploads\/2024\/05\/Paradise-for-Motorbike-in-Bali-1-150x150.png 150w, https:\/\/balibestmotorcycle.com\/wp-content\/uploads\/2024\/05\/Paradise-for-Motorbike-in-Bali-1-768x768.png 768w, https:\/\/balibestmotorcycle.com\/wp-content\/uploads\/2024\/05\/Paradise-for-Motorbike-in-Bali-1-12x12.png 12w, https:\/\/balibestmotorcycle.com\/wp-content\/uploads\/2024\/05\/Paradise-for-Motorbike-in-Bali-1.png 1080w\" sizes=\"(max-width: 1024px) 100vw, 1024px\" \/><\/figure><\/div><h1 class=\"wp-block-heading\"><\/h1><p>Bali ist in der Tat eine der beliebtesten Inseln Indonesiens, die man mit dem Motorrad erkunden kann, und viele Besucher finden, dass es ein fantastisches Ziel f\u00fcr Motorradabenteuer ist. Aus diesen Gr\u00fcnden wird Bali oft als eine gro\u00dfartige Insel angesehen, die man mit dem Motorrad erkunden kann:<\/p><ol class=\"wp-block-list\"><li>Gr\u00f6\u00dfe und Erreichbarkeit: Bali ist im Vergleich zu anderen indonesischen Inseln relativ klein, was die Navigation und Erkundung mit dem Motorrad erleichtert. Sie k\u00f6nnen in relativ kurzer Zeit viel Boden zur\u00fccklegen und so an einem Tag mehrere Attraktionen und Ziele besuchen.<\/li>\n\n<li>Abwechslungsreiche Landschaften: Trotz seiner Gr\u00f6\u00dfe bietet Bali abwechslungsreiche Landschaften, die das Erkunden mit dem Motorrad spannend machen. Von atemberaubenden K\u00fcsten und Sandstr\u00e4nden bis hin zu \u00fcppigen Reisterrassen, Vulkanbergen und dichten W\u00e4ldern bietet Balis abwechslungsreiches Gel\u00e4nde eine malerische Kulisse f\u00fcr Ihre Motorradabenteuer.<\/li>\n\n<li>Kulturelle Attraktionen: Bali ist f\u00fcr seine reiche Kultur und sein Erbe bekannt. \u00dcberall auf der Insel finden sich zahlreiche Tempel, traditionelle D\u00f6rfer und historische St\u00e4tten. Mit dem Motorrad k\u00f6nnen Sie diese kulturellen Attraktionen bequem erkunden, in lokale Traditionen eintauchen und die einzigartigen religi\u00f6sen Zeremonien und Feste der Insel miterleben.<\/li>\n\n<li>Charmante St\u00e4dte und D\u00f6rfer: Bali ist \u00fcbers\u00e4t mit charmanten St\u00e4dten und D\u00f6rfern, die die authentische Seite der Insel zeigen. Mit dem Motorrad k\u00f6nnen Sie durch enge Stra\u00dfen schlendern, versteckte Gassen entdecken und auf lokale M\u00e4rkte, Kunstgalerien und traditionelle Kunsthandwerksl\u00e4den sto\u00dfen, die mit dem Auto m\u00f6glicherweise nicht so leicht zu erreichen sind.<\/li>\n\n<li>Panoramastra\u00dfen und K\u00fcstenrouten: Bali bietet Panoramastra\u00dfen und malerische K\u00fcstenrouten, die ein wahres Vergn\u00fcgen sind. Von der ber\u00fchmten K\u00fcstenstra\u00dfe von Kuta nach Uluwatu mit atemberaubendem Meerblick bis zu den kurvenreichen Stra\u00dfen durch das Landesinnere Balis haben Sie zahlreiche M\u00f6glichkeiten, atemberaubende Landschaften zu genie\u00dfen und unvergessliche Momente festzuhalten.<\/li>\n\n<li>Erkundung abseits der ausgetretenen Pfade: Bali bietet eine Mischung aus beliebten Touristenattraktionen und abgelegenen Orten. Mit dem Motorrad haben Sie die Freiheit, sich abseits der ausgetretenen Touristengebiete zu wagen und verborgene Sch\u00e4tze, abgelegene Str\u00e4nde, ruhige Wasserf\u00e4lle und bezaubernde Landschaften zu entdecken, die mit anderen Transportmitteln m\u00f6glicherweise nicht so leicht erreichbar sind.<\/li>\n\n<li>Kulturelle Erfahrungen und Interaktionen: Wenn Sie Bali mit dem Motorrad erkunden, k\u00f6nnen Sie mit Einheimischen in Kontakt treten, ihre herzliche Gastfreundschaft erleben und einen Einblick in ihr t\u00e4gliches Leben erhalten. Von der Begegnung mit freundlichen Balinesen in l\u00e4ndlichen D\u00f6rfern bis hin zur Beobachtung traditioneller Zeremonien und Rituale k\u00f6nnen Sie auf Ihrer Motorradreise umfassende kulturelle Erfahrungen machen.<\/li><\/ol><p>Bali bietet ein unglaubliches Erlebnis mit dem Motorrad, aber auch andere indonesische Inseln wie Lombok, Java oder Sumatra bieten einzigartige und faszinierende Landschaften, die man auf zwei R\u00e4dern erkunden kann. Jede Insel hat ihren eigenen Charme und ihre eigenen Attraktionen, sodass es letztendlich auf Ihre pers\u00f6nlichen Vorlieben und die Art von Erlebnis ankommt, die Sie suchen.<\/p><figure class=\"wp-block-image size-large\"><img decoding=\"async\" src=\"https:\/\/balibestmotorcycle.com\/wp-content\/uploads\/2023\/04\/Biannual.png\" alt=\"\" title=\"\"><\/figure>","protected":false},"excerpt":{"rendered":"<p>Bali ist in der Tat eine der beliebtesten Inseln Indonesiens, die man mit dem Motorrad erkunden kann, und viele Besucher finden, dass es ein fantastisches Ziel f\u00fcr Motorradabenteuer ist. Aus diesen Gr\u00fcnden wird Bali oft als eine gro\u00dfartige Insel angesehen, die man mit dem Motorrad erkunden kann: Bali bietet ein unglaubliches Erlebnis mit dem Motorrad,&hellip;&nbsp;<a href=\"https:\/\/balibestmotorcycle.com\/de\/bali-ein-paradies-fuer-motorraeder\" class=\"\" rel=\"bookmark\">Weiterlesen &raquo;<span class=\"screen-reader-text\">Bali, ein Paradies f\u00fcr Motorr\u00e4der<\/span><\/a><\/p>\n","protected":false},"author":1,"featured_media":0,"parent":0,"menu_order":0,"comment_status":"closed","ping_status":"closed","template":"","meta":{"neve_meta_sidebar":"","neve_meta_container":"","neve_meta_enable_content_width":"","neve_meta_content_width":0,"neve_meta_title_alignment":"","neve_meta_author_avatar":"","neve_post_elements_order":"","neve_meta_disable_header":"","neve_meta_disable_footer":"","neve_meta_disable_title":"","_ti_tpc_template_sync":false,"_ti_tpc_template_id":"","footnotes":""},"class_list":["post-3084","page","type-page","status-publish","hentry"],"_links":{"self":[{"href":"https:\/\/balibestmotorcycle.com\/de\/wp-json\/wp\/v2\/pages\/3084","targetHints":{"allow":["GET"]}}],"collection":[{"href":"https:\/\/balibestmotorcycle.com\/de\/wp-json\/wp\/v2\/pages"}],"about":[{"href":"https:\/\/balibestmotorcycle.com\/de\/wp-json\/wp\/v2\/types\/page"}],"author":[{"embeddable":true,"href":"https:\/\/balibestmotorcycle.com\/de\/wp-json\/wp\/v2\/users\/1"}],"replies":[{"embeddable":true,"href":"https:\/\/balibestmotorcycle.com\/de\/wp-json\/wp\/v2\/comments?post=3084"}],"version-history":[{"count":1,"href":"https:\/\/balibestmotorcycle.com\/de\/wp-json\/wp\/v2\/pages\/3084\/revisions"}],"predecessor-version":[{"id":3085,"href":"https:\/\/balibestmotorcycle.com\/de\/wp-json\/wp\/v2\/pages\/3084\/revisions\/3085"}],"wp:attachment":[{"href":"https:\/\/balibestmotorcycle.com\/de\/wp-json\/wp\/v2\/media?parent=3084"}],"curies":[{"name":"wp","href":"https:\/\/api.w.org\/{rel}","templated":true}]}}